{"id":41,"date":"2025-10-01T18:11:40","date_gmt":"2025-10-01T18:11:40","guid":{"rendered":"https:\/\/asopardocolombia.co\/politica-de-privacidad\/"},"modified":"2026-03-25T19:18:08","modified_gmt":"2026-03-26T00:18:08","slug":"politica-de-privacidad","status":"publish","type":"page","link":"https:\/\/asopardocolombia.co\/en\/politica-de-privacidad\/","title":{"rendered":"Pol\u00edtica de Privacidad"},"content":{"rendered":"\t\t<div data-elementor-type=\"wp-page\" data-elementor-id=\"41\" class=\"elementor elementor-41\">\n\t\t\t\t<div class=\"elementor-element elementor-element-3544d6f1 e-con-full e-flex e-con e-parent\" data-id=\"3544d6f1\" data-element_type=\"container\" data-e-type=\"container\">\n\t\t\t\t<div class=\"elementor-element elementor-element-d904ad9 elementor-widget elementor-widget-text-editor\" data-id=\"d904ad9\" data-element_type=\"widget\" data-e-type=\"widget\" data-widget_type=\"text-editor.default\">\n\t\t\t\t<div class=\"elementor-widget-container\">\n\t\t\t\t\t\t\t\t\t\n<section class=\"wp-block-group alignfull gd-section-wrapper is-layout-constrained wp-block-group-is-layout-constrained\">\n<div class=\"wp-block-group alignwide is-layout-flow wp-block-group-is-layout-flow\">\n<h2 class=\"wp-block-heading has-text-align-center\">Compromiso con su Privacidad<\/h2>\n\n<p>En ASOPARDO Colombia, valoramos la confianza de nuestros socios, productores y visitantes. Por ello, asumimos el tratamiento de los datos personales con la m\u00e1xima responsabilidad y transparencia, garantizando su protecci\u00f3n conforme a las leyes colombianas.<\/p>\n\n<p>La informaci\u00f3n que recopilamos se utiliza exclusivamente para mejorar nuestros servicios, facilitar la gesti\u00f3n de registros ganaderos y ofrecer recursos de valor a nuestra comunidad. Nunca compartimos datos sin autorizaci\u00f3n ni los utilizamos para fines ajenos a nuestra misi\u00f3n.<\/p>\n\n<p>Nuestro compromiso es mantener sus datos seguros y permitirle siempre el control sobre su informaci\u00f3n. Si desea conocer m\u00e1s sobre sus derechos o c\u00f3mo gestionamos sus datos, estamos disponibles para atender sus inquietudes.<\/p>\n<\/div>\n<\/section>\n\n<section class=\"wp-block-group alignfull gd-section-wrapper is-layout-constrained wp-block-group-is-layout-constrained\">\n<div class=\"wp-block-group alignwide is-layout-flow wp-block-group-is-layout-flow\" style=\"padding-top: var(--wp--preset--spacing--70); padding-bottom: var(--wp--preset--spacing--70);\">\n<h2 class=\"wp-block-heading has-text-align-center\">Nuestros Principios de Privacidad<\/h2>\n\n<div class=\"wp-block-group is-layout-grid wp-container-core-group-is-layout-ca5b1736 wp-block-group-is-layout-grid\">\n<div class=\"wp-block-group is-vertical is-content-justification-center is-layout-flex wp-container-core-group-is-layout-0c89afd9 wp-block-group-is-layout-flex\" style=\"padding: var(--wp--preset--spacing--40) var(--wp--preset--spacing--30) var(--wp--preset--spacing--40) var(--wp--preset--spacing--30);\"><div class=\"wp-block-coblocks-icon is-style-outlined\">\n\t\t\t\t<div class=\"wp-block-coblocks-icon__inner\" style=\"height: 40px; width: 40px;\">\n\t\t\t\t\t<svg fill=\"none\" xmlns=\"http:\/\/www.w3.org\/2000\/svg\" viewBox=\"0 0 24 24\"><path d=\"M12 2C6.48 2 2 6.48 2 12s4.48 10 10 10 10-4.48 10-10S17.52 2 12 2zm0 18c-4.41 0-8-3.59-8-8s3.59-8 8-8 8 3.59 8 8-3.59 8-8 8zm-5.5-2.5l7.51-3.49L17.5 6.5 9.99 9.99 6.5 17.5zm5.5-6.6c.61 0 1.1.49 1.1 1.1s-.49 1.1-1.1 1.1-1.1-.49-1.1-1.1.49-1.1 1.1-1.1z\" fill=\"currentColor\" \/><\/svg>\n\t\t\t\t<\/div>\n\t\t\t<\/div>\n<h4 class=\"wp-block-heading has-text-align-center\" style=\"margin-top: var(--wp--preset--spacing--30); text-align: center;\">Transparencia Total<\/h4>\n\n<p class=\"has-text-align-center\" style=\"padding-bottom: var(--wp--preset--spacing--20); text-align: center;\">Informamos de forma clara y sencilla sobre c\u00f3mo y por qu\u00e9 recopilamos, usamos y protegemos tus datos personales.<\/p>\n<\/div>\n\n<div class=\"wp-block-group is-vertical is-content-justification-center is-layout-flex wp-container-core-group-is-layout-0c89afd9 wp-block-group-is-layout-flex\" style=\"padding: var(--wp--preset--spacing--40) var(--wp--preset--spacing--30) var(--wp--preset--spacing--40) var(--wp--preset--spacing--30);\"><div class=\"wp-block-coblocks-icon is-style-outlined\">\n\t\t\t\t<div class=\"wp-block-coblocks-icon__inner\" style=\"height: 40px; width: 40px;\">\n\t\t\t\t\t<svg fill=\"none\" xmlns=\"http:\/\/www.w3.org\/2000\/svg\" viewBox=\"0 0 24 24\"><path d=\"M12 1L3 5v6c0 5.55 3.84 10.74 9 12 5.16-1.26 9-6.45 9-12V5l-9-4zm0 10.99h7c-.53 4.12-3.28 7.79-7 8.94V12H5V6.3l7-3.11v8.8z\" fill=\"currentColor\" \/><\/svg>\n\t\t\t\t<\/div>\n\t\t\t<\/div>\n<h4 class=\"wp-block-heading has-text-align-center\" style=\"margin-top: var(--wp--preset--spacing--30); text-align: center;\">M\u00e1xima Seguridad de la Informaci\u00f3n<\/h4>\n\n<p class=\"has-text-align-center\" style=\"padding-bottom: var(--wp--preset--spacing--20); text-align: center;\">Aplicamos medidas t\u00e9cnicas y organizativas avanzadas para garantizar que tus datos est\u00e9n siempre protegidos contra accesos no autorizados.<\/p>\n<\/div>\n\n<div class=\"wp-block-group is-vertical is-content-justification-center is-layout-flex wp-container-core-group-is-layout-0c89afd9 wp-block-group-is-layout-flex\" style=\"padding: var(--wp--preset--spacing--40) var(--wp--preset--spacing--30) var(--wp--preset--spacing--40) var(--wp--preset--spacing--30);\"><div class=\"wp-block-coblocks-icon is-style-outlined\">\n\t\t\t\t<div class=\"wp-block-coblocks-icon__inner\" style=\"height: 40px; width: 40px;\">\n\t\t\t\t\t<svg fill=\"none\" viewBox=\"0 0 20 20\" xmlns=\"http:\/\/www.w3.org\/2000\/svg\"><path d=\"m14.7660485 2.56204547c-.0789273 0-.1578547-.01973185-.2269162-.05919554-1.894257-.97672626-3.532-1.39109498-5.49531846-1.39109498-1.95345253 0-3.80824585.46369833-5.49531849 1.39109498-.23678212.12825699-.53275978.03946369-.67088269-.19731843-.12825698-.23678213-.03946368-.54262571.19731844-.67088269 1.83506147-.99645811 3.84770954-1.50948605 5.96888274-1.50948605 2.10144136 0 3.93650286.46369833 5.94915086 1.49962013.2466481.12825698.3354414.42423464.2071844.66101676-.0887933.1775866-.256514.27624582-.4341006.27624582zm-14.11813418 5.17960898c-.09865922 0-.19731844-.02959776-.28611174-.08879329-.2269162-.15785475-.27624581-.46369833-.11839106-.69061454.97672627-1.38122906 2.21983242-2.46648047 3.69972071-3.22615645 3.09789947-1.59827935 7.06400007-1.60814527 10.17176547-.00986592 1.4798883.75967598 2.7229944 1.83506147 3.6997207 3.20642461.1578547.21705028.1085251.53275978-.1183911.69061453s-.5327598.10852514-.6906145-.11839106c-.887933-1.24310616-2.0126481-2.21983243-3.3445475-2.90058104-2.8315196-1.45029051-6.45231293-1.45029051-9.27396659.00986593-1.34176537.69061453-2.46648047 1.67720672-3.35441344 2.92031287-.07892737.13812291-.2269162.20718436-.38477095.20718436zm6.16620117 11.90816775c-.12825698 0-.25651396-.0493296-.34530726-.1479889-.85833521-.8583352-1.32203353-1.4108268-1.9830503-2.6046033-.68074861-1.2135084-1.0359218-2.6933967-1.0359218-4.2818101 0-2.93017884 2.50594416-5.31773193 5.58411179-5.31773193 3.07816758 0 5.58411178 2.38755309 5.58411178 5.31773193 0 .2762458-.2170503.4932961-.4932961.4932961s-.4932961-.2170503-.4932961-.4932961c0-2.3875531-2.0619777-4.33113974-4.59751958-4.33113974-2.53554193 0-4.5975196 1.94358664-4.5975196 4.33113974 0 1.4206927.3157095 2.7328603.91753074 3.7983799.631419 1.134581 1.06551956 1.6180112 1.82519554 2.3875531.18745252.1973184.18745252.503162 0 .7004804-.10852514.0986593-.23678212.1479889-.36503911.1479889zm7.07386601-1.8251956c-1.1740447 0-2.2099665-.2959776-3.0584358-.878067-1.47002236-.9964581-2.34808941-2.6144693-2.34808941-4.3311397 0-.2762459.21705028-.4932961.4932961-.4932961.27624581 0 .49329609.2170502.49329609.4932961 0 1.3910949.71034642 2.7032626 1.91398882 3.5122682.7004805.4735642 1.519352.7004804 2.5059442.7004804.2367821 0 .631419-.0295978 1.0260559-.0986592.2663798-.0493296.5228938.128257.5722234.4045028.0493296.2663799-.128257.5228938-.4045028.5722235-.5623575.1085251-1.0556536.118391-1.1937765.118391zm-1.9830503 2.0323799c-.0394637 0-.0887933-.0098659-.128257-.0197318-1.5686816-.4341006-2.59473745-1.01619-3.67012294-2.0718436-1.38122906-1.3713632-2.14090505-3.1965587-2.14090505-5.1500112 0-1.5982794 1.36149722-2.90058107 3.03870394-2.90058107 1.67720675 0 3.03870395 1.30230167 3.03870395 2.90058107 0 1.0556536.9175307 1.9139888 2.0521117 1.9139888 1.1345811 0 2.0521118-.8583352 2.0521118-1.9139888 0-3.71945259-3.2064246-6.73842468-7.15279337-6.73842468-2.80192181 0-5.3670615 1.55881565-6.52137436 3.97596652-.38477096.79913966-.58208939 1.73640226-.58208939 2.76245816 0 .7695419.06906145 1.9830503.66101676 3.5615978.09865922.2565139-.02959776.5426257-.28611173.631419-.25651397.0986592-.54262571-.0394637-.631419-.2861118-.48343018-1.2924357-.7202123-2.5750056-.7202123-3.906905 0-1.1839107.2269162-2.2592961.67088269-3.19655873 1.31216761-2.7525922 4.22261456-4.53832406 7.40930733-4.53832406 4.48899447 0 8.13938557 3.46293858 8.13938557 7.72501679 0 1.5982794-1.3614972 2.9005811-3.038704 2.9005811-1.6772067 0-3.0387039-1.3023017-3.0387039-2.9005811 0-1.0556536-.9175307-1.9139888-2.05211175-1.9139888-1.13458101 0-2.05211175.8583352-2.05211175 1.9139888 0 1.6870727.65115084 3.2656202 1.84492739 4.4495308.93726258.9273967 1.83506151 1.4404246 3.22615641 1.8251956.2663799.0690614.4143688.3453072.3453073.6018212-.0493296.2269162-.256514.374905-.4636983.374905z\" transform=\"translate(1)\" fill=\"currentColor\" \/><\/svg>\n\t\t\t\t<\/div>\n\t\t\t<\/div>\n<h4 class=\"wp-block-heading has-text-align-center\" style=\"margin-top: var(--wp--preset--spacing--30); text-align: center;\">Respeto y Ejercicio de tus Derechos<\/h4>\n\n<p class=\"has-text-align-center\" style=\"padding-bottom: var(--wp--preset--spacing--20); text-align: center;\">Facilitamos el acceso, correcci\u00f3n y eliminaci\u00f3n de tus datos, poniendo a tu disposici\u00f3n canales para ejercer tus derechos en cualquier momento.<\/p>\n<\/div>\n<\/div>\n<\/div>\n<\/section>\n\n<h2 class=\"wp-block-group alignfull gd-section-wrapper has-accent-background-color has-background is-layout-constrained wp-block-group-is-layout-constrained\" style=\"text-align: center;\">Preguntas frecuentes sobre privacidad y datos<\/h2>\n<div class=\"wp-block-group alignwide is-layout-flow wp-block-group-is-layout-flow wp-elements-6b1272798fd29776e8fae476e12626d3 is-layout-constrained wp-container-core-group-is-layout-51341f1c wp-block-group-is-layout-constrained\"><hr class=\"wp-block-separator is-style-wide\" style=\"margin-top: var(--wp--preset--spacing--30); margin-bottom: var(--wp--preset--spacing--30); border: 1px solid var(--wp--preset--color--primary-text);\" \/>\n<h4 class=\"wp-block-heading has-text-color has-secondary-text-color wp-elements-ef3a6aa5842fa9bcd49e878ffe5d356c\">\u00bfQu\u00e9 datos personales recopila ASOPARDO Colombia?<\/h4>\n\n<p class=\"has-accent-text-color has-text-color\" style=\"padding-bottom: var(--wp--preset--spacing--10);\">Recopilamos datos como nombres, documentos de identidad, informaci\u00f3n de contacto y registros relacionados con la gesti\u00f3n ganadera, \u00fanicamente para fines de membres\u00eda, eventos y servicios de la asociaci\u00f3n.<\/p>\n\n<p style=\"padding-bottom: var(--wp--preset--spacing--10);\">Solo solicitamos la informaci\u00f3n necesaria para operar y mejorar nuestros servicios.<\/p>\n<hr class=\"wp-block-separator is-style-wide\" style=\"margin-top: var(--wp--preset--spacing--30); margin-bottom: var(--wp--preset--spacing--30); border: 1px solid var(--wp--preset--color--primary-text);\" \/>\n<h4 class=\"wp-block-heading has-text-color has-secondary-text-color wp-elements-cc8b443f4fe1a3ef41664772b108c8b9\">\u00bfC\u00f3mo se protege mi informaci\u00f3n dentro de la asociaci\u00f3n?<\/h4>\n\n<p class=\"has-accent-text-color has-text-color\" style=\"padding-bottom: var(--wp--preset--spacing--10);\">Utilizamos medidas de seguridad f\u00edsicas y digitales para proteger tus datos frente a accesos no autorizados, cumpliendo con la normativa colombiana sobre protecci\u00f3n de datos.<\/p>\n\n<p style=\"padding-bottom: var(--wp--preset--spacing--10);\">El acceso a la informaci\u00f3n est\u00e1 restringido solo a personal autorizado.<\/p>\n<hr class=\"wp-block-separator is-style-wide\" style=\"margin-top: var(--wp--preset--spacing--30); margin-bottom: var(--wp--preset--spacing--30); border: 1px solid var(--wp--preset--color--primary-text);\" \/>\n<h4 class=\"wp-block-heading has-text-color has-secondary-text-color wp-elements-644a23a14f26461d7753c9239343eda2\">\u00bfPuedo acceder, actualizar o eliminar mis datos personales?<\/h4>\n\n<p class=\"has-accent-text-color has-text-color\" style=\"padding-bottom: var(--wp--preset--spacing--10);\">S\u00ed, como socio o usuario puedes solicitar el acceso, actualizaci\u00f3n o eliminaci\u00f3n de tus datos personales en cualquier momento.<\/p>\n<hr class=\"wp-block-separator is-style-wide\" style=\"margin-top: var(--wp--preset--spacing--30); margin-bottom: var(--wp--preset--spacing--30); border: 1px solid var(--wp--preset--color--primary-text);\" \/>\n<h4 class=\"wp-block-heading has-text-color has-secondary-text-color wp-elements-7bdc0271a6b9ad387759a29c1f94bd95\">\u00bfCon qui\u00e9n se comparten mis datos?<\/h4>\n\n<p class=\"has-accent-text-color has-text-color\" style=\"padding-bottom: var(--wp--preset--spacing--10);\">Tus datos no se comparten con terceros ajenos a ASOPARDO, salvo obligaci\u00f3n legal o consentimiento expreso del titular.<\/p>\n\n<p style=\"padding-bottom: var(--wp--preset--spacing--10);\">La confidencialidad es una prioridad en nuestra gesti\u00f3n de informaci\u00f3n.<\/p>\n<hr class=\"wp-block-separator is-style-wide\" style=\"margin-top: var(--wp--preset--spacing--30); margin-bottom: var(--wp--preset--spacing--30); border: 1px solid var(--wp--preset--color--primary-text);\" \/>\n<h4 class=\"wp-block-heading has-text-color has-secondary-text-color wp-elements-9ea8712a5b9c6d3935166c9607bcb893\">\u00bfC\u00f3mo puedo conocer m\u00e1s sobre la pol\u00edtica de privacidad?<\/h4>\n\n<p class=\"has-accent-text-color has-text-color\" style=\"padding-bottom: var(--wp--preset--spacing--10);\">Ponemos a disposici\u00f3n de todos los socios y visitantes nuestra pol\u00edtica de privacidad, detallando los derechos y deberes en el tratamiento de datos.<\/p>\n\n<div class=\"wp-block-spacer\" style=\"margin-top: var(--wp--preset--spacing--10); margin-bottom: var(--wp--preset--spacing--0); height: var(--wp--preset--spacing--10);\" aria-hidden=\"true\">\u00a0<\/div>\n<\/div>\n<h2 class=\"wp-block-group alignfull gd-section-wrapper has-accent-background-color has-background\"><\/h2>\n\t\t\t\t\t\t\t\t<\/div>\n\t\t\t\t<\/div>\n\t\t<div class=\"elementor-element elementor-element-6836b94 e-con-full e-flex e-con e-child\" data-id=\"6836b94\" data-element_type=\"container\" data-e-type=\"container\">\n\t\t\t\t<div class=\"elementor-element elementor-element-479807a elementor-widget elementor-widget-html\" data-id=\"479807a\" data-element_type=\"widget\" data-e-type=\"widget\" data-widget_type=\"html.default\">\n\t\t\t\t<div class=\"elementor-widget-container\">\n\t\t\t\t\t<style>\r\n\/* 1. Buscamos la SECCI\u00d3N completa del encabezado *\/\r\nheader, .elementor-location-header, [data-elementor-type=\"header\"] {\r\n    position: fixed !important;\r\n    top: 0 !important;\r\n    width: 100% !important;\r\n    z-index: 99999 !important;\r\n    background-color: #003366 !important; \/* El azul de Asopardo *\/\r\n}\r\n\r\n\/* 2. Empujamos el resto del contenido hacia abajo para que el men\u00fa no lo tape al cargar *\/\r\n#content, .elementor-location-single, .main-content-area {\r\n    margin-top: 120px !important; \/* Ajusta seg\u00fan el alto de tu men\u00fa *\/\r\n}\r\n\r\n\/* 3. Por si acaso est\u00e1s usando una secci\u00f3n normal de Elementor como men\u00fa *\/\r\n.elementor-section-active {\r\n    position: fixed !important;\r\n    top: 0;\r\n    width: 100%;\r\n    z-index: 99999;\r\n}\r\n<\/style>\t\t\t\t<\/div>\n\t\t\t\t<\/div>\n\t\t\t\t<\/div>\n\t\t\t\t<\/div>\n\t\t\t\t<\/div>\n\t\t","protected":false},"excerpt":{"rendered":"<p>Compromiso con su Privacidad En ASOPARDO Colombia, valoramos la confianza de nuestros socios, productores y visitantes. Por ello, asumimos el tratamiento de los datos personales con la m\u00e1xima responsabilidad y [&hellip;]<\/p>\n","protected":false},"author":1,"featured_media":0,"parent":0,"menu_order":0,"comment_status":"closed","ping_status":"closed","template":"","meta":{"_coblocks_attr":"","_coblocks_dimensions":"","_coblocks_responsive_height":"","_coblocks_accordion_ie_support":"","_uag_custom_page_level_css":"","site-sidebar-layout":"default","site-content-layout":"","ast-site-content-layout":"default","site-content-style":"default","site-sidebar-style":"default","ast-global-header-display":"","ast-banner-title-visibility":"","ast-main-header-display":"","ast-hfb-above-header-display":"","ast-hfb-below-header-display":"","ast-hfb-mobile-header-display":"","site-post-title":"disabled","ast-breadcrumbs-content":"","ast-featured-img":"","footer-sml-layout":"","ast-disable-related-posts":"","theme-transparent-header-meta":"","adv-header-id-meta":"","stick-header-meta":"","header-above-stick-meta":"","header-main-stick-meta":"","header-below-stick-meta":"","astra-migrate-meta-layouts":"set","ast-page-background-enabled":"default","ast-page-background-meta":{"desktop":{"background-color":"var(--ast-global-color-4)","background-image":"","background-repeat":"repeat","background-position":"center center","background-size":"auto","background-attachment":"scroll","background-type":"","background-media":"","overlay-type":"","overlay-color":"","overlay-opacity":"","overlay-gradient":""},"tablet":{"background-color":"","background-image":"","background-repeat":"repeat","background-position":"center center","background-size":"auto","background-attachment":"scroll","background-type":"","background-media":"","overlay-type":"","overlay-color":"","overlay-opacity":"","overlay-gradient":""},"mobile":{"background-color":"","background-image":"","background-repeat":"repeat","background-position":"center center","background-size":"auto","background-attachment":"scroll","background-type":"","background-media":"","overlay-type":"","overlay-color":"","overlay-opacity":"","overlay-gradient":""}},"ast-content-background-meta":{"desktop":{"background-color":"var(--ast-global-color-5)","background-image":"","background-repeat":"repeat","background-position":"center center","background-size":"auto","background-attachment":"scroll","background-type":"","background-media":"","overlay-type":"","overlay-color":"","overlay-opacity":"","overlay-gradient":""},"tablet":{"background-color":"var(--ast-global-color-5)","background-image":"","background-repeat":"repeat","background-position":"center center","background-size":"auto","background-attachment":"scroll","background-type":"","background-media":"","overlay-type":"","overlay-color":"","overlay-opacity":"","overlay-gradient":""},"mobile":{"background-color":"var(--ast-global-color-5)","background-image":"","background-repeat":"repeat","background-position":"center center","background-size":"auto","background-attachment":"scroll","background-type":"","background-media":"","overlay-type":"","overlay-color":"","overlay-opacity":"","overlay-gradient":""}},"_price":"","_stock":"","_tribe_ticket_header":"","_tribe_default_ticket_provider":"","_tribe_ticket_capacity":"0","_ticket_start_date":"","_ticket_end_date":"","_tribe_ticket_show_description":"","_tribe_ticket_show_not_going":false,"_tribe_ticket_use_global_stock":"","_tribe_ticket_global_stock_level":"","_global_stock_mode":"","_global_stock_cap":"","_tribe_rsvp_for_event":"","_tribe_ticket_going_count":"","_tribe_ticket_not_going_count":"","_tribe_tickets_list":"[]","_tribe_ticket_has_attendee_info_fields":false,"footnotes":"","_tec_slr_enabled":"","_tec_slr_layout":""},"class_list":["post-41","page","type-page","status-publish","hentry"],"uagb_featured_image_src":{"full":false,"thumbnail":false,"medium":false,"medium_large":false,"large":false,"1536x1536":false,"2048x2048":false,"trp-custom-language-flag":false},"uagb_author_info":{"display_name":"500666pwpadmin","author_link":"https:\/\/asopardocolombia.co\/en\/author\/500666pwpadmin\/"},"uagb_comment_info":0,"uagb_excerpt":"Compromiso con su Privacidad En ASOPARDO Colombia, valoramos la confianza de nuestros socios, productores y visitantes. Por ello, asumimos el tratamiento de los datos personales con la m\u00e1xima responsabilidad y [&hellip;]","ticketed":false,"_links":{"self":[{"href":"https:\/\/asopardocolombia.co\/en\/wp-json\/wp\/v2\/pages\/41","targetHints":{"allow":["GET"]}}],"collection":[{"href":"https:\/\/asopardocolombia.co\/en\/wp-json\/wp\/v2\/pages"}],"about":[{"href":"https:\/\/asopardocolombia.co\/en\/wp-json\/wp\/v2\/types\/page"}],"author":[{"embeddable":true,"href":"https:\/\/asopardocolombia.co\/en\/wp-json\/wp\/v2\/users\/1"}],"replies":[{"embeddable":true,"href":"https:\/\/asopardocolombia.co\/en\/wp-json\/wp\/v2\/comments?post=41"}],"version-history":[{"count":30,"href":"https:\/\/asopardocolombia.co\/en\/wp-json\/wp\/v2\/pages\/41\/revisions"}],"predecessor-version":[{"id":3728,"href":"https:\/\/asopardocolombia.co\/en\/wp-json\/wp\/v2\/pages\/41\/revisions\/3728"}],"wp:attachment":[{"href":"https:\/\/asopardocolombia.co\/en\/wp-json\/wp\/v2\/media?parent=41"}],"curies":[{"name":"wp","href":"https:\/\/api.w.org\/{rel}","templated":true}]}}