{"id":39,"date":"2025-10-01T18:11:40","date_gmt":"2025-10-01T18:11:40","guid":{"rendered":"https:\/\/asopardocolombia.co\/eventos\/"},"modified":"2026-03-21T22:22:40","modified_gmt":"2026-03-22T03:22:40","slug":"eventos","status":"publish","type":"page","link":"https:\/\/asopardocolombia.co\/en\/eventos\/","title":{"rendered":"Ferias &#8211; D\u00edas de Campo"},"content":{"rendered":"\t\t<div data-elementor-type=\"wp-page\" data-elementor-id=\"39\" class=\"elementor elementor-39\">\n\t\t\t\t<div class=\"elementor-element elementor-element-c606c94 e-flex e-con-boxed e-con e-parent\" data-id=\"c606c94\" data-element_type=\"container\" data-e-type=\"container\" data-settings=\"{&quot;background_background&quot;:&quot;classic&quot;}\">\n\t\t\t\t\t<div class=\"e-con-inner\">\n\t\t\t\t<div class=\"elementor-element elementor-element-96e9a8b elementor-widget elementor-widget-image\" data-id=\"96e9a8b\" data-element_type=\"widget\" data-e-type=\"widget\" data-widget_type=\"image.default\">\n\t\t\t\t<div class=\"elementor-widget-container\">\n\t\t\t\t\t\t\t\t\t\t\t\t\t\t\t<img fetchpriority=\"high\" decoding=\"async\" width=\"1024\" height=\"682\" src=\"https:\/\/asopardocolombia.co\/wp-content\/uploads\/2026\/02\/PHOTO-2025-06-15-20-47-06-1-1024x682.jpg\" class=\"attachment-large size-large wp-image-2970\" alt=\"photo 2025 06 15 20 47 06 (1)\" srcset=\"https:\/\/asopardocolombia.co\/wp-content\/uploads\/2026\/02\/PHOTO-2025-06-15-20-47-06-1-1024x682.jpg 1024w, https:\/\/asopardocolombia.co\/wp-content\/uploads\/2026\/02\/PHOTO-2025-06-15-20-47-06-1-300x200.jpg 300w, https:\/\/asopardocolombia.co\/wp-content\/uploads\/2026\/02\/PHOTO-2025-06-15-20-47-06-1-768x512.jpg 768w, https:\/\/asopardocolombia.co\/wp-content\/uploads\/2026\/02\/PHOTO-2025-06-15-20-47-06-1-1536x1023.jpg 1536w, https:\/\/asopardocolombia.co\/wp-content\/uploads\/2026\/02\/PHOTO-2025-06-15-20-47-06-1-18x12.jpg 18w, https:\/\/asopardocolombia.co\/wp-content\/uploads\/2026\/02\/PHOTO-2025-06-15-20-47-06-1.jpg 1600w\" sizes=\"(max-width: 1024px) 100vw, 1024px\" title=\"Ferias - D\u00edas de Campo\">\t\t\t\t\t\t\t\t\t\t\t\t\t\t\t<\/div>\n\t\t\t\t<\/div>\n\t\t\t\t<div class=\"elementor-element elementor-element-3a73be6 elementor-widget elementor-widget-heading\" data-id=\"3a73be6\" data-element_type=\"widget\" data-e-type=\"widget\" data-widget_type=\"heading.default\">\n\t\t\t\t<div class=\"elementor-widget-container\">\n\t\t\t\t\t<h1 class=\"elementor-heading-title elementor-size-default\">Eventos Exclusivos para Socios<\/h1>\t\t\t\t<\/div>\n\t\t\t\t<\/div>\n\t\t\t\t<div class=\"elementor-element elementor-element-ef6213a elementor-widget elementor-widget-heading\" data-id=\"ef6213a\" data-element_type=\"widget\" data-e-type=\"widget\" data-widget_type=\"heading.default\">\n\t\t\t\t<div class=\"elementor-widget-container\">\n\t\t\t\t\t<h3 class=\"elementor-heading-title elementor-size-default\">Calendario de Actividades ASOPARDO<\/h3>\t\t\t\t<\/div>\n\t\t\t\t<\/div>\n\t\t\t\t<div class=\"elementor-element elementor-element-9c0f176 elementor-widget elementor-widget-text-editor\" data-id=\"9c0f176\" data-element_type=\"widget\" data-e-type=\"widget\" data-widget_type=\"text-editor.default\">\n\t\t\t\t<div class=\"elementor-widget-container\">\n\t\t\t\t\t\t\t\t\t<p style=\"text-align: center;\">Participe en ferias, talleres y encuentros dise\u00f1ados para impulsar el desarrollo ganadero y fortalecer la comunidad de criadores de ganado suizo en Colombia. Benef\u00edciese de acceso exclusivo, aprendizaje y conexi\u00f3n con expertos.<\/p>\t\t\t\t\t\t\t\t<\/div>\n\t\t\t\t<\/div>\n\t\t\t\t<div class=\"elementor-element elementor-element-7134374 elementor-widget-tablet__width-initial elementor-widget elementor-widget-button\" data-id=\"7134374\" data-element_type=\"widget\" data-e-type=\"widget\" data-widget_type=\"button.default\">\n\t\t\t\t<div class=\"elementor-widget-container\">\n\t\t\t\t\t\t\t\t\t<div class=\"elementor-button-wrapper\">\n\t\t\t\t\t<a class=\"elementor-button elementor-button-link elementor-size-sm\" href=\"#\">\n\t\t\t\t\t\t<span class=\"elementor-button-content-wrapper\">\n\t\t\t\t\t\t\t\t\t<span class=\"elementor-button-text\">H\u00e1gase Socio<\/span>\n\t\t\t\t\t<\/span>\n\t\t\t\t\t<\/a>\n\t\t\t\t<\/div>\n\t\t\t\t\t\t\t\t<\/div>\n\t\t\t\t<\/div>\n\t\t\t\t<div class=\"elementor-element elementor-element-36b98c5 elementor-widget elementor-widget-heading\" data-id=\"36b98c5\" data-element_type=\"widget\" data-e-type=\"widget\" data-widget_type=\"heading.default\">\n\t\t\t\t<div class=\"elementor-widget-container\">\n\t\t\t\t\t<h4 class=\"elementor-heading-title elementor-size-default\">Beneficios Exclusivos de Nuestros Eventos<\/h4>\t\t\t\t<\/div>\n\t\t\t\t<\/div>\n\t\t\t\t<div class=\"elementor-element elementor-element-2b74bf1 elementor-widget elementor-widget-heading\" data-id=\"2b74bf1\" data-element_type=\"widget\" data-e-type=\"widget\" data-widget_type=\"heading.default\">\n\t\t\t\t<div class=\"elementor-widget-container\">\n\t\t\t\t\t<h3 class=\"elementor-heading-title elementor-size-default\">Descubre por qu\u00e9 participar en los eventos ASOPARDO<br> transforma tu experiencia ganadera<\/h3>\t\t\t\t<\/div>\n\t\t\t\t<\/div>\n\t\t\t\t<div class=\"elementor-element elementor-element-76f21b0 elementor-widget elementor-widget-text-editor\" data-id=\"76f21b0\" data-element_type=\"widget\" data-e-type=\"widget\" data-widget_type=\"text-editor.default\">\n\t\t\t\t<div class=\"elementor-widget-container\">\n\t\t\t\t\t\t\t\t\t<p style=\"text-align: center;\">Los eventos de ASOPARDO est\u00e1n dise\u00f1ados para potenciar el desarrollo profesional y productivo de nuestros socios. Participar te brinda acceso directo a expertos, talleres de actualizaci\u00f3n y contactos clave en la industria ganadera suiza, en un ambiente colaborativo y enriquecedor.<\/p>\t\t\t\t\t\t\t\t<\/div>\n\t\t\t\t<\/div>\n\t\t\t\t<div class=\"elementor-element elementor-element-a2bc3be elementor-widget elementor-widget-heading\" data-id=\"a2bc3be\" data-element_type=\"widget\" data-e-type=\"widget\" data-widget_type=\"heading.default\">\n\t\t\t\t<div class=\"elementor-widget-container\">\n\t\t\t\t\t<h3 class=\"elementor-heading-title elementor-size-default\">Red de Contactos Profesionales<\/h3>\t\t\t\t<\/div>\n\t\t\t\t<\/div>\n\t\t\t\t<div class=\"elementor-element elementor-element-e4bb5e3 elementor-widget elementor-widget-text-editor\" data-id=\"e4bb5e3\" data-element_type=\"widget\" data-e-type=\"widget\" data-widget_type=\"text-editor.default\">\n\t\t\t\t<div class=\"elementor-widget-container\">\n\t\t\t\t\t\t\t\t\t<p style=\"text-align: center;\">Conoce y comparte experiencias con otros productores, criadores e instituciones ganaderas de todo el pa\u00eds.<\/p>\n<p>\u00a0<\/p>\n<p class=\" has-medium-font-size\">\u2713 Genera alianzas estrat\u00e9gicas<\/p>\n<p class=\" has-medium-font-size\">\u2713 Comparte mejores pr\u00e1cticas<\/p>\n<p class=\" has-medium-font-size\">\u2713 Acceso a oportunidades comerciales<\/p>\t\t\t\t\t\t\t\t<\/div>\n\t\t\t\t<\/div>\n\t\t\t\t<div class=\"elementor-element elementor-element-d879972 elementor-widget-tablet__width-initial elementor-widget elementor-widget-button\" data-id=\"d879972\" data-element_type=\"widget\" data-e-type=\"widget\" data-widget_type=\"button.default\">\n\t\t\t\t<div class=\"elementor-widget-container\">\n\t\t\t\t\t\t\t\t\t<div class=\"elementor-button-wrapper\">\n\t\t\t\t\t<a class=\"elementor-button elementor-button-link elementor-size-sm\" href=\"#\">\n\t\t\t\t\t\t<span class=\"elementor-button-content-wrapper\">\n\t\t\t\t\t\t\t\t\t<span class=\"elementor-button-text\">H\u00e1gase Socio<\/span>\n\t\t\t\t\t<\/span>\n\t\t\t\t\t<\/a>\n\t\t\t\t<\/div>\n\t\t\t\t\t\t\t\t<\/div>\n\t\t\t\t<\/div>\n\t\t\t\t<div class=\"elementor-element elementor-element-555dad4 elementor-widget elementor-widget-heading\" data-id=\"555dad4\" data-element_type=\"widget\" data-e-type=\"widget\" data-widget_type=\"heading.default\">\n\t\t\t\t<div class=\"elementor-widget-container\">\n\t\t\t\t\t<h3 class=\"elementor-heading-title elementor-size-default\">Charlas y Talleres Especializados<\/h3>\t\t\t\t<\/div>\n\t\t\t\t<\/div>\n\t\t\t\t<div class=\"elementor-element elementor-element-c067626 elementor-widget elementor-widget-text-editor\" data-id=\"c067626\" data-element_type=\"widget\" data-e-type=\"widget\" data-widget_type=\"text-editor.default\">\n\t\t\t\t<div class=\"elementor-widget-container\">\n\t\t\t\t\t\t\t\t\t<p class=\"has-text-align-left\" style=\"text-align: center;\">Accede a capacitaciones y ponencias impartidas por expertos nacionales e <br \/>internacionales en gen\u00e9tica, manejo y tendencias ganaderas.<\/p>\n<p>\u00a0<\/p>\n<p class=\" has-medium-font-size\">\u2713 Informaci\u00f3n actualizada y relevante<\/p>\n<p class=\" has-medium-font-size\">\u2713 Soluciones pr\u00e1cticas para tu finca<\/p>\n<p class=\" has-medium-font-size\">\u2713 Certificados de participaci\u00f3n<\/p>\t\t\t\t\t\t\t\t<\/div>\n\t\t\t\t<\/div>\n\t\t\t\t<div class=\"elementor-element elementor-element-68b4ee0 elementor-widget elementor-widget-heading\" data-id=\"68b4ee0\" data-element_type=\"widget\" data-e-type=\"widget\" data-widget_type=\"heading.default\">\n\t\t\t\t<div class=\"elementor-widget-container\">\n\t\t\t\t\t<h3 class=\"elementor-heading-title elementor-size-default\">Espacios para Innovaci\u00f3n Gen\u00e9tica<\/h3>\t\t\t\t<\/div>\n\t\t\t\t<\/div>\n\t\t\t\t<div class=\"elementor-element elementor-element-9447c96 elementor-widget elementor-widget-text-editor\" data-id=\"9447c96\" data-element_type=\"widget\" data-e-type=\"widget\" data-widget_type=\"text-editor.default\">\n\t\t\t\t<div class=\"elementor-widget-container\">\n\t\t\t\t\t\t\t\t\t<p class=\"has-text-align-left\" style=\"text-align: center;\">Participa en actividades y talleres de mejora gen\u00e9tica, registros y evaluaci\u00f3n de animales para potenciar tu hato.<\/p>\n<p>\u00a0<\/p>\n<p class=\" has-medium-font-size\">\u2713 Asesor\u00eda personalizada en gen\u00e9tica<\/p>\n<p class=\" has-medium-font-size\">\u2713 Acceso a servicios de registro animal<\/p>\n<p class=\" has-medium-font-size\">\u2713 Demostraciones pr\u00e1cticas en campo<\/p>\t\t\t\t\t\t\t\t<\/div>\n\t\t\t\t<\/div>\n\t\t\t\t<div class=\"elementor-element elementor-element-e8037d0 elementor-widget elementor-widget-heading\" data-id=\"e8037d0\" data-element_type=\"widget\" data-e-type=\"widget\" data-widget_type=\"heading.default\">\n\t\t\t\t<div class=\"elementor-widget-container\">\n\t\t\t\t\t<h3 class=\"elementor-heading-title elementor-size-default\">Reserva tu lugar en nuestros eventos<\/h3>\t\t\t\t<\/div>\n\t\t\t\t<\/div>\n\t\t\t\t<div class=\"elementor-element elementor-element-7e18073 elementor-widget elementor-widget-text-editor\" data-id=\"7e18073\" data-element_type=\"widget\" data-e-type=\"widget\" data-widget_type=\"text-editor.default\">\n\t\t\t\t<div class=\"elementor-widget-container\">\n\t\t\t\t\t\t\t\t\t<p style=\"text-align: center;\">Participa activamente en la comunidad ganadera suiza.<\/p>\t\t\t\t\t\t\t\t<\/div>\n\t\t\t\t<\/div>\n\t\t\t\t<div class=\"elementor-element elementor-element-7b8b66b elementor-widget-tablet__width-initial elementor-widget elementor-widget-button\" data-id=\"7b8b66b\" data-element_type=\"widget\" data-e-type=\"widget\" data-widget_type=\"button.default\">\n\t\t\t\t<div class=\"elementor-widget-container\">\n\t\t\t\t\t\t\t\t\t<div class=\"elementor-button-wrapper\">\n\t\t\t\t\t<a class=\"elementor-button elementor-button-link elementor-size-sm\" href=\"#\">\n\t\t\t\t\t\t<span class=\"elementor-button-content-wrapper\">\n\t\t\t\t\t\t\t\t\t<span class=\"elementor-button-text\">Pida Informaci\u00f3n - H\u00e1gase Socio<\/span>\n\t\t\t\t\t<\/span>\n\t\t\t\t\t<\/a>\n\t\t\t\t<\/div>\n\t\t\t\t\t\t\t\t<\/div>\n\t\t\t\t<\/div>\n\t\t\t\t<div class=\"elementor-element elementor-element-511393f elementor-widget elementor-widget-html\" data-id=\"511393f\" data-element_type=\"widget\" data-e-type=\"widget\" data-widget_type=\"html.default\">\n\t\t\t\t<div class=\"elementor-widget-container\">\n\t\t\t\t\t<style>\r\n\/* 1. Buscamos la SECCI\u00d3N completa del encabezado *\/\r\nheader, .elementor-location-header, [data-elementor-type=\"header\"] {\r\n    position: fixed !important;\r\n    top: 0 !important;\r\n    width: 100% !important;\r\n    z-index: 99999 !important;\r\n    background-color: #003366 !important; \/* El azul de Asopardo *\/\r\n}\r\n\r\n\/* 2. Empujamos el resto del contenido hacia abajo para que el men\u00fa no lo tape al cargar *\/\r\n#content, .elementor-location-single, .main-content-area {\r\n    margin-top: 90px !important; \/* Ajusta seg\u00fan el alto de tu men\u00fa *\/\r\n}\r\n\r\n\/* 3. Por si acaso est\u00e1s usando una secci\u00f3n normal de Elementor como men\u00fa *\/\r\n.elementor-section-active {\r\n    position: fixed !important;\r\n    top: 0;\r\n    width: 100%;\r\n    z-index: 99999;\r\n}\r\n<\/style>\t\t\t\t<\/div>\n\t\t\t\t<\/div>\n\t\t\t\t\t<\/div>\n\t\t\t\t<\/div>\n\t\t\t\t<\/div>\n\t\t","protected":false},"excerpt":{"rendered":"<p>Eventos Exclusivos para Socios Calendario de Actividades ASOPARDO Participe en ferias, talleres y encuentros dise\u00f1ados para impulsar el desarrollo ganadero y fortalecer la comunidad de criadores de ganado suizo en [&hellip;]<\/p>\n","protected":false},"author":1,"featured_media":0,"parent":0,"menu_order":0,"comment_status":"closed","ping_status":"closed","template":"","meta":{"_coblocks_attr":"","_coblocks_dimensions":"","_coblocks_responsive_height":"","_coblocks_accordion_ie_support":"","_uag_custom_page_level_css":"","site-sidebar-layout":"default","site-content-layout":"","ast-site-content-layout":"default","site-content-style":"default","site-sidebar-style":"default","ast-global-header-display":"","ast-banner-title-visibility":"","ast-main-header-display":"","ast-hfb-above-header-display":"","ast-hfb-below-header-display":"","ast-hfb-mobile-header-display":"","site-post-title":"disabled","ast-breadcrumbs-content":"","ast-featured-img":"","footer-sml-layout":"","ast-disable-related-posts":"","theme-transparent-header-meta":"","adv-header-id-meta":"","stick-header-meta":"","header-above-stick-meta":"","header-main-stick-meta":"","header-below-stick-meta":"","astra-migrate-meta-layouts":"set","ast-page-background-enabled":"default","ast-page-background-meta":{"desktop":{"background-color":"var(--ast-global-color-4)","background-image":"","background-repeat":"repeat","background-position":"center center","background-size":"auto","background-attachment":"scroll","background-type":"","background-media":"","overlay-type":"","overlay-color":"","overlay-opacity":"","overlay-gradient":""},"tablet":{"background-color":"","background-image":"","background-repeat":"repeat","background-position":"center center","background-size":"auto","background-attachment":"scroll","background-type":"","background-media":"","overlay-type":"","overlay-color":"","overlay-opacity":"","overlay-gradient":""},"mobile":{"background-color":"","background-image":"","background-repeat":"repeat","background-position":"center center","background-size":"auto","background-attachment":"scroll","background-type":"","background-media":"","overlay-type":"","overlay-color":"","overlay-opacity":"","overlay-gradient":""}},"ast-content-background-meta":{"desktop":{"background-color":"var(--ast-global-color-5)","background-image":"","background-repeat":"repeat","background-position":"center center","background-size":"auto","background-attachment":"scroll","background-type":"","background-media":"","overlay-type":"","overlay-color":"","overlay-opacity":"","overlay-gradient":""},"tablet":{"background-color":"var(--ast-global-color-5)","background-image":"","background-repeat":"repeat","background-position":"center center","background-size":"auto","background-attachment":"scroll","background-type":"","background-media":"","overlay-type":"","overlay-color":"","overlay-opacity":"","overlay-gradient":""},"mobile":{"background-color":"var(--ast-global-color-5)","background-image":"","background-repeat":"repeat","background-position":"center center","background-size":"auto","background-attachment":"scroll","background-type":"","background-media":"","overlay-type":"","overlay-color":"","overlay-opacity":"","overlay-gradient":""}},"_price":"","_stock":"","_tribe_ticket_header":"","_tribe_default_ticket_provider":"","_tribe_ticket_capacity":"0","_ticket_start_date":"","_ticket_end_date":"","_tribe_ticket_show_description":"","_tribe_ticket_show_not_going":false,"_tribe_ticket_use_global_stock":"","_tribe_ticket_global_stock_level":"","_global_stock_mode":"","_global_stock_cap":"","_tribe_rsvp_for_event":"","_tribe_ticket_going_count":"","_tribe_ticket_not_going_count":"","_tribe_tickets_list":"[]","_tribe_ticket_has_attendee_info_fields":false,"footnotes":"","_tec_slr_enabled":"","_tec_slr_layout":""},"class_list":["post-39","page","type-page","status-publish","hentry"],"uagb_featured_image_src":{"full":false,"thumbnail":false,"medium":false,"medium_large":false,"large":false,"1536x1536":false,"2048x2048":false,"trp-custom-language-flag":false},"uagb_author_info":{"display_name":"500666pwpadmin","author_link":"https:\/\/asopardocolombia.co\/en\/author\/500666pwpadmin\/"},"uagb_comment_info":0,"uagb_excerpt":"Eventos Exclusivos para Socios Calendario de Actividades ASOPARDO Participe en ferias, talleres y encuentros dise\u00f1ados para impulsar el desarrollo ganadero y fortalecer la comunidad de criadores de ganado suizo en [&hellip;]","ticketed":false,"_links":{"self":[{"href":"https:\/\/asopardocolombia.co\/en\/wp-json\/wp\/v2\/pages\/39","targetHints":{"allow":["GET"]}}],"collection":[{"href":"https:\/\/asopardocolombia.co\/en\/wp-json\/wp\/v2\/pages"}],"about":[{"href":"https:\/\/asopardocolombia.co\/en\/wp-json\/wp\/v2\/types\/page"}],"author":[{"embeddable":true,"href":"https:\/\/asopardocolombia.co\/en\/wp-json\/wp\/v2\/users\/1"}],"replies":[{"embeddable":true,"href":"https:\/\/asopardocolombia.co\/en\/wp-json\/wp\/v2\/comments?post=39"}],"version-history":[{"count":22,"href":"https:\/\/asopardocolombia.co\/en\/wp-json\/wp\/v2\/pages\/39\/revisions"}],"predecessor-version":[{"id":3652,"href":"https:\/\/asopardocolombia.co\/en\/wp-json\/wp\/v2\/pages\/39\/revisions\/3652"}],"wp:attachment":[{"href":"https:\/\/asopardocolombia.co\/en\/wp-json\/wp\/v2\/media?parent=39"}],"curies":[{"name":"wp","href":"https:\/\/api.w.org\/{rel}","templated":true}]}}