{"id":38,"date":"2025-10-01T18:11:40","date_gmt":"2025-10-01T18:11:40","guid":{"rendered":"https:\/\/asopardocolombia.co\/servicios\/"},"modified":"2026-03-20T22:19:50","modified_gmt":"2026-03-21T03:19:50","slug":"servicios","status":"publish","type":"page","link":"https:\/\/asopardocolombia.co\/en\/servicios\/","title":{"rendered":"Asistencia T\u00e9cnica"},"content":{"rendered":"\t\t<div data-elementor-type=\"wp-page\" data-elementor-id=\"38\" class=\"elementor elementor-38\">\n\t\t\t\t<div class=\"elementor-element elementor-element-6e217d08 e-flex e-con-boxed e-con e-parent\" data-id=\"6e217d08\" data-element_type=\"container\" data-e-type=\"container\">\n\t\t\t\t\t<div class=\"e-con-inner\">\n\t\t\t\t<div class=\"elementor-element elementor-element-51413bf6 elementor-widget-tablet__width-initial elementor-widget elementor-widget-elementskit-heading\" data-id=\"51413bf6\" data-element_type=\"widget\" data-e-type=\"widget\" data-widget_type=\"elementskit-heading.default\">\n\t\t\t\t<div class=\"elementor-widget-container\">\n\t\t\t\t\t<div class=\"ekit-wid-con\" ><div class=\"ekit-heading elementskit-section-title-wraper center   ekit_heading_tablet-   ekit_heading_mobile-\"><h3 class=\"ekit-heading--title elementskit-section-title \">Comprometidos con el ganadero suizo<\/h3><h1 class=\"ekit-heading--subtitle elementskit-section-subtitle  \">\n\t\t\t\t\t\tNuestros Servicios Ganaderos para Socios ASOPARDO\n\t\t\t\t\t<\/h1>\t\t\t\t<div class='ekit-heading__description'>\n\t\t\t\t\t<h4 class=\"elementor-heading-title elementor-size-default elementor-inline-editing pen\">Acompa\u00f1amos su crecimiento con asesor\u00eda profesional, registro confiable y programas de mejora gen\u00e9tica para el desarrollo del ganado suizo en Colombia.<\/h4>\n\t\t\t\t<\/div>\n\t\t\t<\/div><\/div>\t\t\t\t<\/div>\n\t\t\t\t<\/div>\n\t\t<div class=\"elementor-element elementor-element-2837d9d8 e-con-full e-flex e-con e-child\" data-id=\"2837d9d8\" data-element_type=\"container\" data-e-type=\"container\">\n\t\t\t\t<div class=\"elementor-element elementor-element-4896ffbb elementor-widget__width-initial elementor-widget-mobile__width-inherit ekit-equal-height-disable elementor-widget elementor-widget-elementskit-image-box\" data-id=\"4896ffbb\" data-element_type=\"widget\" data-e-type=\"widget\" data-widget_type=\"elementskit-image-box.default\">\n\t\t\t\t<div class=\"elementor-widget-container\">\n\t\t\t\t\t<div class=\"ekit-wid-con\" >\n            <div class=\"elementskit-info-image-box ekit-image-box text-left style-sideline\" >\n\n                \n                <div class=\"elementskit-box-header image-box-img-left\">\n\n                    <img fetchpriority=\"high\" decoding=\"async\" width=\"483\" height=\"460\" src=\"https:\/\/asopardocolombia.co\/wp-content\/uploads\/2026\/02\/tecnica_1.jpg\" class=\"attachment-full size-full wp-image-3090\" alt=\"tecnica 1\" srcset=\"https:\/\/asopardocolombia.co\/wp-content\/uploads\/2026\/02\/tecnica_1.jpg 483w, https:\/\/asopardocolombia.co\/wp-content\/uploads\/2026\/02\/tecnica_1-300x286.jpg 300w, https:\/\/asopardocolombia.co\/wp-content\/uploads\/2026\/02\/tecnica_1-13x12.jpg 13w\" sizes=\"(max-width: 483px) 100vw, 483px\" title=\"Asistencia T\u00e9cnica\">\n                <\/div>\n                \n                <div class=\"elementskit-box-body ekit-image-box-body\">\n                    <div class=\"elementskit-box-content ekit-image-box-body-inner\">\n                                                <h3 class=\"elementskit-info-box-title\">\n\n                        Asesor\u00eda T\u00e9cnica\n                        \n                    <\/h3>\n                                                            <div class=\"elementskit-box-style-content\">\n                        Acompa\u00f1amiento profesional en manejo, nutrici\u00f3n y sanidad para mejorar la productividad y bienestar de su hato.                    <\/div>\n                                    <\/div>\n\n                            <\/div>\n            <\/div>\n    <\/div>\t\t\t\t<\/div>\n\t\t\t\t<\/div>\n\t\t\t\t<div class=\"elementor-element elementor-element-659c1e11 elementor-widget__width-initial elementor-widget-mobile__width-inherit ekit-equal-height-disable elementor-widget elementor-widget-elementskit-image-box\" data-id=\"659c1e11\" data-element_type=\"widget\" data-e-type=\"widget\" data-widget_type=\"elementskit-image-box.default\">\n\t\t\t\t<div class=\"elementor-widget-container\">\n\t\t\t\t\t<div class=\"ekit-wid-con\" >\n            <div class=\"elementskit-info-image-box ekit-image-box text-left style-sideline\" >\n\n                \n                <div class=\"elementskit-box-header image-box-img-left\">\n\n                    <img decoding=\"async\" width=\"483\" height=\"460\" src=\"https:\/\/asopardocolombia.co\/wp-content\/uploads\/2026\/02\/tecnica_2.jpg\" class=\"attachment-full size-full wp-image-3091\" alt=\"tecnica 2\" srcset=\"https:\/\/asopardocolombia.co\/wp-content\/uploads\/2026\/02\/tecnica_2.jpg 483w, https:\/\/asopardocolombia.co\/wp-content\/uploads\/2026\/02\/tecnica_2-300x286.jpg 300w, https:\/\/asopardocolombia.co\/wp-content\/uploads\/2026\/02\/tecnica_2-13x12.jpg 13w\" sizes=\"(max-width: 483px) 100vw, 483px\" title=\"Asistencia T\u00e9cnica\">\n                <\/div>\n                \n                <div class=\"elementskit-box-body ekit-image-box-body\">\n                    <div class=\"elementskit-box-content ekit-image-box-body-inner\">\n                                                <h3 class=\"elementskit-info-box-title\">\n\n                        Registro de Ganado\n                        \n                    <\/h3>\n                                                            <div class=\"elementskit-box-style-content\">\n                        Inscripci\u00f3n oficial de animales en el libro geneal\u00f3gico, garantizando trazabilidad y respaldo para sus ejemplares.                    <\/div>\n                                    <\/div>\n\n                            <\/div>\n            <\/div>\n    <\/div>\t\t\t\t<\/div>\n\t\t\t\t<\/div>\n\t\t\t\t<div class=\"elementor-element elementor-element-15f1205d elementor-widget__width-initial elementor-widget-mobile__width-inherit ekit-equal-height-disable elementor-widget elementor-widget-elementskit-image-box\" data-id=\"15f1205d\" data-element_type=\"widget\" data-e-type=\"widget\" data-widget_type=\"elementskit-image-box.default\">\n\t\t\t\t<div class=\"elementor-widget-container\">\n\t\t\t\t\t<div class=\"ekit-wid-con\" >\n            <div class=\"elementskit-info-image-box ekit-image-box text-left style-sideline\" >\n\n                \n                <div class=\"elementskit-box-header image-box-img-left\">\n\n                    <img decoding=\"async\" width=\"483\" height=\"460\" src=\"https:\/\/asopardocolombia.co\/wp-content\/uploads\/2026\/02\/tecnica_3.jpg\" class=\"attachment-full size-full wp-image-3092\" alt=\"tecnica 3\" srcset=\"https:\/\/asopardocolombia.co\/wp-content\/uploads\/2026\/02\/tecnica_3.jpg 483w, https:\/\/asopardocolombia.co\/wp-content\/uploads\/2026\/02\/tecnica_3-300x286.jpg 300w, https:\/\/asopardocolombia.co\/wp-content\/uploads\/2026\/02\/tecnica_3-13x12.jpg 13w\" sizes=\"(max-width: 483px) 100vw, 483px\" title=\"Asistencia T\u00e9cnica\">\n                <\/div>\n                \n                <div class=\"elementskit-box-body ekit-image-box-body\">\n                    <div class=\"elementskit-box-content ekit-image-box-body-inner\">\n                                                <h3 class=\"elementskit-info-box-title\">\n\n                        Mejora Gen\u00e9tica\n                        \n                    <\/h3>\n                                                            <div class=\"elementskit-box-style-content\">\n                        Programas de selecci\u00f3n y mejoramiento para optimizar las cualidades productivas y reproductivas de su ganado.                    <\/div>\n                                    <\/div>\n\n                            <\/div>\n            <\/div>\n    <\/div>\t\t\t\t<\/div>\n\t\t\t\t<\/div>\n\t\t\t\t<\/div>\n\t\t\t\t\t<\/div>\n\t\t\t\t<\/div>\n\t\t<div class=\"elementor-element elementor-element-b7bcbaa e-flex e-con-boxed e-con e-parent\" data-id=\"b7bcbaa\" data-element_type=\"container\" data-e-type=\"container\">\n\t\t\t\t\t<div class=\"e-con-inner\">\n\t\t<div class=\"elementor-element elementor-element-a611af2 e-grid e-con-full e-con e-child\" data-id=\"a611af2\" data-element_type=\"container\" data-e-type=\"container\">\n\t\t\t\t<div class=\"elementor-element elementor-element-caad393 elementor-align-center elementor-widget elementor-widget-button\" data-id=\"caad393\" data-element_type=\"widget\" data-e-type=\"widget\" data-widget_type=\"button.default\">\n\t\t\t\t<div class=\"elementor-widget-container\">\n\t\t\t\t\t\t\t\t\t<div class=\"elementor-button-wrapper\">\n\t\t\t\t\t<a class=\"elementor-button elementor-button-link elementor-size-sm\" href=\"#\">\n\t\t\t\t\t\t<span class=\"elementor-button-content-wrapper\">\n\t\t\t\t\t\t\t\t\t<span class=\"elementor-button-text\">H\u00e1gase Socio<\/span>\n\t\t\t\t\t<\/span>\n\t\t\t\t\t<\/a>\n\t\t\t\t<\/div>\n\t\t\t\t\t\t\t\t<\/div>\n\t\t\t\t<\/div>\n\t\t\t\t<div class=\"elementor-element elementor-element-64f5b95 elementor-align-center elementor-widget elementor-widget-button\" data-id=\"64f5b95\" data-element_type=\"widget\" data-e-type=\"widget\" data-widget_type=\"button.default\">\n\t\t\t\t<div class=\"elementor-widget-container\">\n\t\t\t\t\t\t\t\t\t<div class=\"elementor-button-wrapper\">\n\t\t\t\t\t<a class=\"elementor-button elementor-button-link elementor-size-sm\" href=\"#\">\n\t\t\t\t\t\t<span class=\"elementor-button-content-wrapper\">\n\t\t\t\t\t\t\t\t\t<span class=\"elementor-button-text\">Conozca Nuestras Razas<\/span>\n\t\t\t\t\t<\/span>\n\t\t\t\t\t<\/a>\n\t\t\t\t<\/div>\n\t\t\t\t\t\t\t\t<\/div>\n\t\t\t\t<\/div>\n\t\t\t\t<\/div>\n\t\t\t\t\t<\/div>\n\t\t\t\t<\/div>\n\t\t<div class=\"elementor-element elementor-element-15cbe773 e-flex e-con-boxed e-con e-parent\" data-id=\"15cbe773\" data-element_type=\"container\" data-e-type=\"container\" id=\"xs_faq_6\" data-settings=\"{&quot;background_background&quot;:&quot;classic&quot;}\">\n\t\t\t\t\t<div class=\"e-con-inner\">\n\t\t\t\t<div class=\"elementor-element elementor-element-5c103fa9 elementor-widget elementor-widget-elementskit-heading\" data-id=\"5c103fa9\" data-element_type=\"widget\" data-e-type=\"widget\" data-widget_type=\"elementskit-heading.default\">\n\t\t\t\t<div class=\"elementor-widget-container\">\n\t\t\t\t\t<div class=\"ekit-wid-con\" ><div class=\"ekit-heading elementskit-section-title-wraper text_center   ekit_heading_tablet-   ekit_heading_mobile-\"><h2 class=\"ekit-heading--title elementskit-section-title \">Servicios Exclusivos para Nuestros Socios<\/h2><h3 class=\"ekit-heading--subtitle elementskit-section-subtitle  \">\n\t\t\t\t\t\tMaximiza el potencial de tu hato con las herramientas, asesor\u00eda y recursos \u00fanicos de ASOPARDO Colombia.\u200b\n\t\t\t\t\t<\/h3>\t\t\t\t<div class='ekit-heading__description'>\n\t\t\t\t\t<p>En ASOPARDO Colombia, nuestros socios disfrutan de servicios integrales que van m\u00e1s all\u00e1 del registro animal. Accede a una zona privada, soporte documental, seguimiento personalizado y eventos exclusivos que fortalecen tu operaci\u00f3n ganadera y fomentan la mejora gen\u00e9tica en el pa\u00eds.<\/p>\n\t\t\t\t<\/div>\n\t\t\t<\/div><\/div>\t\t\t\t<\/div>\n\t\t\t\t<\/div>\n\t\t\t\t<div class=\"elementor-element elementor-element-44e10309 elementor-widget__width-initial elementor-widget elementor-widget-elementskit-faq\" data-id=\"44e10309\" data-element_type=\"widget\" data-e-type=\"widget\" data-widget_type=\"elementskit-faq.default\">\n\t\t\t\t<div class=\"elementor-widget-container\">\n\t\t\t\t\t<div class=\"ekit-wid-con\" >\n                <div class=\"elementskit-single-faq elementor-repeater-item-933ec5b\">\n            <div class=\"elementskit-faq-header\">\n                <h2 class=\"elementskit-faq-title\">1. Zona Privada para Socios<\/h2>\n            <\/div>\n            <div class=\"elementskit-faq-body\">\n                Acceso seguro a su portal personalizado donde puede gestionar registros, consultar documentos y recibir notificaciones exclusivas.<br>\n\n\n<span style=\"color: #BF6600\">\u2713<\/span> Gesti\u00f3n eficiente de animales y documentos.<br>\n\n\n<span style=\"color: #BF6600\">\u2713<\/span> Privacidad y seguridad garantizadas.<br>\n\n\n<span style=\"color: #BF6600\">\u2713<\/span> Interfaz f\u00e1cil de usar para todas las edades.            <\/div>\n        <\/div>\n                <div class=\"elementskit-single-faq elementor-repeater-item-b2cc0e1\">\n            <div class=\"elementskit-faq-header\">\n                <h2 class=\"elementskit-faq-title\">2. Soporte Documental Especializado<\/h2>\n            <\/div>\n            <div class=\"elementskit-faq-body\">\n                Obtenga asesor\u00eda y acceso a documentaci\u00f3n t\u00e9cnica, formatos y certificados para facilitar tr\u00e1mites y auditor\u00edas.<br>\n\n<span style=\"color: #BF6600\">\u2713<\/span> Acceso a formatos oficiales y certificados.<br>\n\n<span style=\"color: #BF6600\">\u2713<\/span> Asesor\u00eda para tr\u00e1mites y registros.<br>\n\n<span style=\"color: #BF6600\">\u2713<\/span> Actualizaciones normativas peri\u00f3dicas.<br>            <\/div>\n        <\/div>\n                <div class=\"elementskit-single-faq elementor-repeater-item-83f844a\">\n            <div class=\"elementskit-faq-header\">\n                <h2 class=\"elementskit-faq-title\">3. Seguimiento y Asesor\u00eda Personalizada<\/h2>\n            <\/div>\n            <div class=\"elementskit-faq-body\">\n                Reciba acompa\u00f1amiento experto en procesos de registro, mejora gen\u00e9tica y optimizaci\u00f3n de su hato.<br>\n<span style=\"color: #BF6600\">\u2713<\/span> Atenci\u00f3n personalizada seg\u00fan su necesidad.<br>\n\n<span style=\"color: #BF6600\">\u2713<\/span> Recomendaciones para mejora gen\u00e9tica.<br>\n\n<span style=\"color: #BF6600\">\u2713<\/span> Resoluci\u00f3n \u00e1gil de consultas.            <\/div>\n        <\/div>\n                \n    <\/div>\t\t\t\t<\/div>\n\t\t\t\t<\/div>\n\t\t<div class=\"elementor-element elementor-element-20fce8c e-con-full e-flex e-con e-child\" data-id=\"20fce8c\" data-element_type=\"container\" data-e-type=\"container\">\n\t\t\t\t<div class=\"elementor-element elementor-element-b57c5c4 elementor-widget elementor-widget-heading\" data-id=\"b57c5c4\" data-element_type=\"widget\" data-e-type=\"widget\" data-widget_type=\"heading.default\">\n\t\t\t\t<div class=\"elementor-widget-container\">\n\t\t\t\t\t<h2 class=\"elementor-heading-title elementor-size-default\">\u00danase a ASOPARDO hoy<br>Acceda a beneficios exclusivos para ganaderos<\/h2>\t\t\t\t<\/div>\n\t\t\t\t<\/div>\n\t\t\t\t<div class=\"elementor-element elementor-element-536ad74 elementor-align-center elementor-widget elementor-widget-button\" data-id=\"536ad74\" data-element_type=\"widget\" data-e-type=\"widget\" data-widget_type=\"button.default\">\n\t\t\t\t<div class=\"elementor-widget-container\">\n\t\t\t\t\t\t\t\t\t<div class=\"elementor-button-wrapper\">\n\t\t\t\t\t<a class=\"elementor-button elementor-button-link elementor-size-sm\" href=\"#\">\n\t\t\t\t\t\t<span class=\"elementor-button-content-wrapper\">\n\t\t\t\t\t\t\t\t\t<span class=\"elementor-button-text\">H\u00e1gase socio ahora<\/span>\n\t\t\t\t\t<\/span>\n\t\t\t\t\t<\/a>\n\t\t\t\t<\/div>\n\t\t\t\t\t\t\t\t<\/div>\n\t\t\t\t<\/div>\n\t\t\t\t<\/div>\n\t\t\t\t<div class=\"elementor-element elementor-element-2cda55c elementor-widget elementor-widget-html\" data-id=\"2cda55c\" data-element_type=\"widget\" data-e-type=\"widget\" data-widget_type=\"html.default\">\n\t\t\t\t<div class=\"elementor-widget-container\">\n\t\t\t\t\t<style>\n\/* 1. Buscamos la SECCI\u00d3N completa del encabezado *\/\nheader, .elementor-location-header, [data-elementor-type=\"header\"] {\n    position: fixed !important;\n    top: 0 !important;\n    width: 100% !important;\n    z-index: 99999 !important;\n    background-color: #003366 !important; \/* El azul de Asopardo *\/\n}\n\n\/* 2. Empujamos el resto del contenido hacia abajo para que el men\u00fa no lo tape al cargar *\/\n#content, .elementor-location-single, .main-content-area {\n    margin-top: 10px !important; \/* Ajusta seg\u00fan el alto de tu men\u00fa *\/\n}\n\n\/* 3. Por si acaso est\u00e1s usando una secci\u00f3n normal de Elementor como men\u00fa *\/\n.elementor-section-active {\n    position: fixed !important;\n    top: 0;\n    width: 100%;\n    z-index: 99999;\n}\n<\/style>\t\t\t\t<\/div>\n\t\t\t\t<\/div>\n\t\t\t\t\t<\/div>\n\t\t\t\t<\/div>\n\t\t\t\t<\/div>\n\t\t","protected":false},"excerpt":{"rendered":"<p>Comprometidos con el ganadero suizo Nuestros Servicios Ganaderos para Socios ASOPARDO Acompa\u00f1amos su crecimiento con asesor\u00eda profesional, registro confiable y programas de mejora gen\u00e9tica para el desarrollo del ganado suizo [&hellip;]<\/p>\n","protected":false},"author":1,"featured_media":0,"parent":0,"menu_order":0,"comment_status":"closed","ping_status":"closed","template":"","meta":{"_coblocks_attr":"","_coblocks_dimensions":"","_coblocks_responsive_height":"","_coblocks_accordion_ie_support":"","_uag_custom_page_level_css":"","site-sidebar-layout":"default","site-content-layout":"","ast-site-content-layout":"default","site-content-style":"default","site-sidebar-style":"default","ast-global-header-display":"","ast-banner-title-visibility":"","ast-main-header-display":"","ast-hfb-above-header-display":"","ast-hfb-below-header-display":"","ast-hfb-mobile-header-display":"","site-post-title":"disabled","ast-breadcrumbs-content":"","ast-featured-img":"","footer-sml-layout":"","ast-disable-related-posts":"","theme-transparent-header-meta":"","adv-header-id-meta":"","stick-header-meta":"","header-above-stick-meta":"","header-main-stick-meta":"","header-below-stick-meta":"","astra-migrate-meta-layouts":"set","ast-page-background-enabled":"default","ast-page-background-meta":{"desktop":{"background-color":"var(--ast-global-color-4)","background-image":"","background-repeat":"repeat","background-position":"center center","background-size":"auto","background-attachment":"scroll","background-type":"","background-media":"","overlay-type":"","overlay-color":"","overlay-opacity":"","overlay-gradient":""},"tablet":{"background-color":"","background-image":"","background-repeat":"repeat","background-position":"center center","background-size":"auto","background-attachment":"scroll","background-type":"","background-media":"","overlay-type":"","overlay-color":"","overlay-opacity":"","overlay-gradient":""},"mobile":{"background-color":"","background-image":"","background-repeat":"repeat","background-position":"center center","background-size":"auto","background-attachment":"scroll","background-type":"","background-media":"","overlay-type":"","overlay-color":"","overlay-opacity":"","overlay-gradient":""}},"ast-content-background-meta":{"desktop":{"background-color":"var(--ast-global-color-5)","background-image":"","background-repeat":"repeat","background-position":"center center","background-size":"auto","background-attachment":"scroll","background-type":"","background-media":"","overlay-type":"","overlay-color":"","overlay-opacity":"","overlay-gradient":""},"tablet":{"background-color":"var(--ast-global-color-5)","background-image":"","background-repeat":"repeat","background-position":"center center","background-size":"auto","background-attachment":"scroll","background-type":"","background-media":"","overlay-type":"","overlay-color":"","overlay-opacity":"","overlay-gradient":""},"mobile":{"background-color":"var(--ast-global-color-5)","background-image":"","background-repeat":"repeat","background-position":"center center","background-size":"auto","background-attachment":"scroll","background-type":"","background-media":"","overlay-type":"","overlay-color":"","overlay-opacity":"","overlay-gradient":""}},"_price":"","_stock":"","_tribe_ticket_header":"","_tribe_default_ticket_provider":"","_tribe_ticket_capacity":"0","_ticket_start_date":"","_ticket_end_date":"","_tribe_ticket_show_description":"","_tribe_ticket_show_not_going":false,"_tribe_ticket_use_global_stock":"","_tribe_ticket_global_stock_level":"","_global_stock_mode":"","_global_stock_cap":"","_tribe_rsvp_for_event":"","_tribe_ticket_going_count":"","_tribe_ticket_not_going_count":"","_tribe_tickets_list":"[]","_tribe_ticket_has_attendee_info_fields":false,"footnotes":"","_tec_slr_enabled":"","_tec_slr_layout":""},"class_list":["post-38","page","type-page","status-publish","hentry"],"uagb_featured_image_src":{"full":false,"thumbnail":false,"medium":false,"medium_large":false,"large":false,"1536x1536":false,"2048x2048":false,"trp-custom-language-flag":false},"uagb_author_info":{"display_name":"500666pwpadmin","author_link":"https:\/\/asopardocolombia.co\/en\/author\/500666pwpadmin\/"},"uagb_comment_info":0,"uagb_excerpt":"Comprometidos con el ganadero suizo Nuestros Servicios Ganaderos para Socios ASOPARDO Acompa\u00f1amos su crecimiento con asesor\u00eda profesional, registro confiable y programas de mejora gen\u00e9tica para el desarrollo del ganado suizo [&hellip;]","ticketed":false,"_links":{"self":[{"href":"https:\/\/asopardocolombia.co\/en\/wp-json\/wp\/v2\/pages\/38","targetHints":{"allow":["GET"]}}],"collection":[{"href":"https:\/\/asopardocolombia.co\/en\/wp-json\/wp\/v2\/pages"}],"about":[{"href":"https:\/\/asopardocolombia.co\/en\/wp-json\/wp\/v2\/types\/page"}],"author":[{"embeddable":true,"href":"https:\/\/asopardocolombia.co\/en\/wp-json\/wp\/v2\/users\/1"}],"replies":[{"embeddable":true,"href":"https:\/\/asopardocolombia.co\/en\/wp-json\/wp\/v2\/comments?post=38"}],"version-history":[{"count":49,"href":"https:\/\/asopardocolombia.co\/en\/wp-json\/wp\/v2\/pages\/38\/revisions"}],"predecessor-version":[{"id":3633,"href":"https:\/\/asopardocolombia.co\/en\/wp-json\/wp\/v2\/pages\/38\/revisions\/3633"}],"wp:attachment":[{"href":"https:\/\/asopardocolombia.co\/en\/wp-json\/wp\/v2\/media?parent=38"}],"curies":[{"name":"wp","href":"https:\/\/api.w.org\/{rel}","templated":true}]}}