{"id":3192,"date":"2026-02-27T11:04:34","date_gmt":"2026-02-27T16:04:34","guid":{"rendered":"https:\/\/asopardocolombia.co\/?page_id=3192"},"modified":"2026-03-21T22:13:14","modified_gmt":"2026-03-22T03:13:14","slug":"pedigries-internacionales","status":"publish","type":"page","link":"https:\/\/asopardocolombia.co\/en\/pedigries-internacionales\/","title":{"rendered":"Pedigr\u00edes Internacionales"},"content":{"rendered":"\t\t<div data-elementor-type=\"wp-page\" data-elementor-id=\"3192\" class=\"elementor elementor-3192\">\n\t\t\t\t<div class=\"elementor-element elementor-element-2c3cdf0b e-flex e-con-boxed e-con e-parent\" data-id=\"2c3cdf0b\" data-element_type=\"container\" data-e-type=\"container\" id=\"xs_client_3\">\n\t\t\t\t\t<div class=\"e-con-inner\">\n\t\t\t\t<div class=\"elementor-element elementor-element-75a5955f elementor-widget elementor-widget-elementskit-heading\" data-id=\"75a5955f\" data-element_type=\"widget\" data-e-type=\"widget\" data-widget_type=\"elementskit-heading.default\">\n\t\t\t\t<div class=\"elementor-widget-container\">\n\t\t\t\t\t<div class=\"ekit-wid-con\" ><div class=\"ekit-heading elementskit-section-title-wraper center   ekit_heading_tablet-   ekit_heading_mobile-\"><h2 class=\"ekit-heading--title elementskit-section-title \">Pedigr\u00edes Internacionales<\/h2><\/div><\/div>\t\t\t\t<\/div>\n\t\t\t\t<\/div>\n\t\t\t\t<div class=\"elementor-element elementor-element-65c5596e elementor-widget elementor-widget-elementskit-client-logo\" data-id=\"65c5596e\" data-element_type=\"widget\" data-e-type=\"widget\" data-widget_type=\"elementskit-client-logo.default\">\n\t\t\t\t<div class=\"elementor-widget-container\">\n\t\t\t\t\t<div class=\"ekit-wid-con\" >\t\t<div class=\"elementskit-clients-slider  hover_from_bottom banner_logo_image\" data-config=\"{&quot;rtl&quot;:false,&quot;arrows&quot;:false,&quot;dots&quot;:false,&quot;autoplay&quot;:true,&quot;speed&quot;:1000,&quot;slidesPerView&quot;:4,&quot;slidesPerGroup&quot;:1,&quot;pauseOnHover&quot;:true,&quot;loop&quot;:false,&quot;breakpoints&quot;:{&quot;320&quot;:{&quot;slidesPerView&quot;:1,&quot;slidesPerGroup&quot;:1,&quot;spaceBetween&quot;:10},&quot;768&quot;:{&quot;slidesPerView&quot;:2,&quot;slidesPerGroup&quot;:1,&quot;spaceBetween&quot;:-1},&quot;1024&quot;:{&quot;slidesPerView&quot;:4,&quot;slidesPerGroup&quot;:1,&quot;spaceBetween&quot;:-1}},&quot;grid&quot;:{&quot;fill&quot;:&quot;row&quot;,&quot;rows&quot;:3}}\" data-direction=\"hover_from_bottom\">\n\t\t\t<div class=\"ekit-main-swiper swiper\">\n\t\t\t\t<div class=\"swiper-wrapper\">\n\t\t\t\t\t\t\t\t\t\t\t<div class=\"elementskit-client-slider-item swiper-slide \">\n\t\t\t\t\t\t\t<div class=\"swiper-slide-inner\">\n\t\t\t\t\t\t\t\t<div class=\"single-client image-switcher\" title=\"CDCB\">\n\t\t\t\t\t\t\t\t\t\t\t\t\t\t\t\t\t\t\t<a href=\"https:\/\/uscdcb.com\/\">\n\t\t\t\t\t\t\t\t\t\t\t<span class=\"content-image\">\n\t\t\t\t\t\t\t\t\t\t\t\t<img fetchpriority=\"high\" decoding=\"async\" width=\"363\" height=\"311\" src=\"https:\/\/asopardocolombia.co\/wp-content\/uploads\/2026\/02\/cdcb.jpg\" class=\"main-image\" alt=\"cdcb\" srcset=\"https:\/\/asopardocolombia.co\/wp-content\/uploads\/2026\/02\/cdcb.jpg 363w, https:\/\/asopardocolombia.co\/wp-content\/uploads\/2026\/02\/cdcb-300x257.jpg 300w, https:\/\/asopardocolombia.co\/wp-content\/uploads\/2026\/02\/cdcb-14x12.jpg 14w\" sizes=\"(max-width: 363px) 100vw, 363px\" title=\"Pedigr\u00edes Internacionales\"><img decoding=\"async\" width=\"363\" height=\"311\" src=\"https:\/\/asopardocolombia.co\/wp-content\/uploads\/2026\/02\/cdcb.jpg\" class=\"hover-image\" alt=\"cdcb\" srcset=\"https:\/\/asopardocolombia.co\/wp-content\/uploads\/2026\/02\/cdcb.jpg 363w, https:\/\/asopardocolombia.co\/wp-content\/uploads\/2026\/02\/cdcb-300x257.jpg 300w, https:\/\/asopardocolombia.co\/wp-content\/uploads\/2026\/02\/cdcb-14x12.jpg 14w\" sizes=\"(max-width: 363px) 100vw, 363px\" title=\"Pedigr\u00edes Internacionales\">\t\t\t\t\t\t\t\t\t\t\t<\/span>\n\t\t\t\t\t\t\t\t\t\t<\/a>\n\t\t\t\t\t\t\t\t\t\t\t\t\t\t\t\t\t<\/div>\n\t\t\t\t\t\t\t<\/div>\n\t\t\t\t\t\t<\/div>\n\t\t\t\t\t\t\t\t\t\t\t<div class=\"elementskit-client-slider-item swiper-slide \">\n\t\t\t\t\t\t\t<div class=\"swiper-slide-inner\">\n\t\t\t\t\t\t\t\t<div class=\"single-client image-switcher\" title=\"Braunvieh\">\n\t\t\t\t\t\t\t\t\t\t\t\t\t\t\t\t\t\t\t<a href=\"https:\/\/braunvieh.digitalbeef.com\/\">\n\t\t\t\t\t\t\t\t\t\t\t<span class=\"content-image\">\n\t\t\t\t\t\t\t\t\t\t\t\t<img decoding=\"async\" width=\"363\" height=\"311\" src=\"https:\/\/asopardocolombia.co\/wp-content\/uploads\/2026\/02\/brown_swiss_logo_de-america.jpg\" class=\"main-image\" alt=\"brown swiss logo de america\" srcset=\"https:\/\/asopardocolombia.co\/wp-content\/uploads\/2026\/02\/brown_swiss_logo_de-america.jpg 363w, https:\/\/asopardocolombia.co\/wp-content\/uploads\/2026\/02\/brown_swiss_logo_de-america-300x257.jpg 300w, https:\/\/asopardocolombia.co\/wp-content\/uploads\/2026\/02\/brown_swiss_logo_de-america-14x12.jpg 14w\" sizes=\"(max-width: 363px) 100vw, 363px\" title=\"Pedigr\u00edes Internacionales\"><img loading=\"lazy\" decoding=\"async\" width=\"363\" height=\"311\" src=\"https:\/\/asopardocolombia.co\/wp-content\/uploads\/2026\/02\/brown_swiss_logo_de-america.jpg\" class=\"hover-image\" alt=\"brown swiss logo de america\" srcset=\"https:\/\/asopardocolombia.co\/wp-content\/uploads\/2026\/02\/brown_swiss_logo_de-america.jpg 363w, https:\/\/asopardocolombia.co\/wp-content\/uploads\/2026\/02\/brown_swiss_logo_de-america-300x257.jpg 300w, https:\/\/asopardocolombia.co\/wp-content\/uploads\/2026\/02\/brown_swiss_logo_de-america-14x12.jpg 14w\" sizes=\"(max-width: 363px) 100vw, 363px\" title=\"Pedigr\u00edes Internacionales\">\t\t\t\t\t\t\t\t\t\t\t<\/span>\n\t\t\t\t\t\t\t\t\t\t<\/a>\n\t\t\t\t\t\t\t\t\t\t\t\t\t\t\t\t\t<\/div>\n\t\t\t\t\t\t\t<\/div>\n\t\t\t\t\t\t<\/div>\n\t\t\t\t\t\t\t\t\t\t\t<div class=\"elementskit-client-slider-item swiper-slide \">\n\t\t\t\t\t\t\t<div class=\"swiper-slide-inner\">\n\t\t\t\t\t\t\t\t<div class=\"single-client image-switcher\" title=\"naab\">\n\t\t\t\t\t\t\t\t\t\t\t\t\t\t\t\t\t\t\t<a >\n\t\t\t\t\t\t\t\t\t\t\t<span class=\"content-image\">\n\t\t\t\t\t\t\t\t\t\t\t\t<img loading=\"lazy\" decoding=\"async\" width=\"363\" height=\"311\" src=\"https:\/\/asopardocolombia.co\/wp-content\/uploads\/2026\/02\/naab_.jpg\" class=\"main-image\" alt=\"naab\" srcset=\"https:\/\/asopardocolombia.co\/wp-content\/uploads\/2026\/02\/naab_.jpg 363w, https:\/\/asopardocolombia.co\/wp-content\/uploads\/2026\/02\/naab_-300x257.jpg 300w, https:\/\/asopardocolombia.co\/wp-content\/uploads\/2026\/02\/naab_-14x12.jpg 14w\" sizes=\"(max-width: 363px) 100vw, 363px\" title=\"Pedigr\u00edes Internacionales\"><img loading=\"lazy\" decoding=\"async\" width=\"363\" height=\"311\" src=\"https:\/\/asopardocolombia.co\/wp-content\/uploads\/2026\/02\/naab_.jpg\" class=\"hover-image\" alt=\"naab\" srcset=\"https:\/\/asopardocolombia.co\/wp-content\/uploads\/2026\/02\/naab_.jpg 363w, https:\/\/asopardocolombia.co\/wp-content\/uploads\/2026\/02\/naab_-300x257.jpg 300w, https:\/\/asopardocolombia.co\/wp-content\/uploads\/2026\/02\/naab_-14x12.jpg 14w\" sizes=\"(max-width: 363px) 100vw, 363px\" title=\"Pedigr\u00edes Internacionales\">\t\t\t\t\t\t\t\t\t\t\t<\/span>\n\t\t\t\t\t\t\t\t\t\t<\/a>\n\t\t\t\t\t\t\t\t\t\t\t\t\t\t\t\t\t<\/div>\n\t\t\t\t\t\t\t<\/div>\n\t\t\t\t\t\t<\/div>\n\t\t\t\t\t\t\t\t\t\t\t<div class=\"elementskit-client-slider-item swiper-slide \">\n\t\t\t\t\t\t\t<div class=\"swiper-slide-inner\">\n\t\t\t\t\t\t\t\t<div class=\"single-client image-switcher\" title=\"Dairy Bulls\">\n\t\t\t\t\t\t\t\t\t\t\t\t\t\t\t\t\t\t\t<a href=\"https:\/\/www.dairybulls.com\/breeds.asp\">\n\t\t\t\t\t\t\t\t\t\t\t<span class=\"content-image\">\n\t\t\t\t\t\t\t\t\t\t\t\t<img loading=\"lazy\" decoding=\"async\" width=\"363\" height=\"311\" src=\"https:\/\/asopardocolombia.co\/wp-content\/uploads\/2026\/02\/db.jpg\" class=\"main-image\" alt=\"db\" srcset=\"https:\/\/asopardocolombia.co\/wp-content\/uploads\/2026\/02\/db.jpg 363w, https:\/\/asopardocolombia.co\/wp-content\/uploads\/2026\/02\/db-300x257.jpg 300w, https:\/\/asopardocolombia.co\/wp-content\/uploads\/2026\/02\/db-14x12.jpg 14w\" sizes=\"(max-width: 363px) 100vw, 363px\" title=\"Pedigr\u00edes Internacionales\"><img loading=\"lazy\" decoding=\"async\" width=\"363\" height=\"311\" src=\"https:\/\/asopardocolombia.co\/wp-content\/uploads\/2026\/02\/db.jpg\" class=\"hover-image\" alt=\"db\" srcset=\"https:\/\/asopardocolombia.co\/wp-content\/uploads\/2026\/02\/db.jpg 363w, https:\/\/asopardocolombia.co\/wp-content\/uploads\/2026\/02\/db-300x257.jpg 300w, https:\/\/asopardocolombia.co\/wp-content\/uploads\/2026\/02\/db-14x12.jpg 14w\" sizes=\"(max-width: 363px) 100vw, 363px\" title=\"Pedigr\u00edes Internacionales\">\t\t\t\t\t\t\t\t\t\t\t<\/span>\n\t\t\t\t\t\t\t\t\t\t<\/a>\n\t\t\t\t\t\t\t\t\t\t\t\t\t\t\t\t\t<\/div>\n\t\t\t\t\t\t\t<\/div>\n\t\t\t\t\t\t<\/div>\n\t\t\t\t\t\t\t\t\t\t\t<div class=\"elementskit-client-slider-item swiper-slide \">\n\t\t\t\t\t\t\t<div class=\"swiper-slide-inner\">\n\t\t\t\t\t\t\t\t<div class=\"single-client image-switcher\" title=\"CDN\">\n\t\t\t\t\t\t\t\t\t\t\t\t\t\t\t\t\t\t\t<a href=\"https:\/\/lactanetgen.ca\/query\/query-individual.php\">\n\t\t\t\t\t\t\t\t\t\t\t<span class=\"content-image\">\n\t\t\t\t\t\t\t\t\t\t\t\t<img loading=\"lazy\" decoding=\"async\" width=\"363\" height=\"311\" src=\"https:\/\/asopardocolombia.co\/wp-content\/uploads\/2026\/02\/cdn.jpg\" class=\"main-image\" alt=\"cdn\" srcset=\"https:\/\/asopardocolombia.co\/wp-content\/uploads\/2026\/02\/cdn.jpg 363w, https:\/\/asopardocolombia.co\/wp-content\/uploads\/2026\/02\/cdn-300x257.jpg 300w, https:\/\/asopardocolombia.co\/wp-content\/uploads\/2026\/02\/cdn-14x12.jpg 14w\" sizes=\"(max-width: 363px) 100vw, 363px\" title=\"Pedigr\u00edes Internacionales\"><img loading=\"lazy\" decoding=\"async\" width=\"363\" height=\"311\" src=\"https:\/\/asopardocolombia.co\/wp-content\/uploads\/2026\/02\/cdn.jpg\" class=\"hover-image\" alt=\"cdn\" srcset=\"https:\/\/asopardocolombia.co\/wp-content\/uploads\/2026\/02\/cdn.jpg 363w, https:\/\/asopardocolombia.co\/wp-content\/uploads\/2026\/02\/cdn-300x257.jpg 300w, https:\/\/asopardocolombia.co\/wp-content\/uploads\/2026\/02\/cdn-14x12.jpg 14w\" sizes=\"(max-width: 363px) 100vw, 363px\" title=\"Pedigr\u00edes Internacionales\">\t\t\t\t\t\t\t\t\t\t\t<\/span>\n\t\t\t\t\t\t\t\t\t\t<\/a>\n\t\t\t\t\t\t\t\t\t\t\t\t\t\t\t\t\t<\/div>\n\t\t\t\t\t\t\t<\/div>\n\t\t\t\t\t\t<\/div>\n\t\t\t\t\t\t\t\t\t\t\t<div class=\"elementskit-client-slider-item swiper-slide \">\n\t\t\t\t\t\t\t<div class=\"swiper-slide-inner\">\n\t\t\t\t\t\t\t\t<div class=\"single-client image-switcher\" title=\"Braunvieh\">\n\t\t\t\t\t\t\t\t\t\t\t\t\t\t\t\t\t\t\t<a href=\"https:\/\/homepage.braunvieh.ch\/\">\n\t\t\t\t\t\t\t\t\t\t\t<span class=\"content-image\">\n\t\t\t\t\t\t\t\t\t\t\t\t<img loading=\"lazy\" decoding=\"async\" width=\"646\" height=\"550\" src=\"https:\/\/asopardocolombia.co\/wp-content\/uploads\/2026\/02\/brown_swiss_logo_rgb_pos_.jpg\" class=\"main-image\" alt=\"brown swiss logo rgb pos\" srcset=\"https:\/\/asopardocolombia.co\/wp-content\/uploads\/2026\/02\/brown_swiss_logo_rgb_pos_.jpg 646w, https:\/\/asopardocolombia.co\/wp-content\/uploads\/2026\/02\/brown_swiss_logo_rgb_pos_-300x255.jpg 300w, https:\/\/asopardocolombia.co\/wp-content\/uploads\/2026\/02\/brown_swiss_logo_rgb_pos_-14x12.jpg 14w\" sizes=\"(max-width: 646px) 100vw, 646px\" title=\"Pedigr\u00edes Internacionales\"><img loading=\"lazy\" decoding=\"async\" width=\"646\" height=\"550\" src=\"https:\/\/asopardocolombia.co\/wp-content\/uploads\/2026\/02\/brown_swiss_logo_rgb_pos_.jpg\" class=\"hover-image\" alt=\"brown swiss logo rgb pos\" srcset=\"https:\/\/asopardocolombia.co\/wp-content\/uploads\/2026\/02\/brown_swiss_logo_rgb_pos_.jpg 646w, https:\/\/asopardocolombia.co\/wp-content\/uploads\/2026\/02\/brown_swiss_logo_rgb_pos_-300x255.jpg 300w, https:\/\/asopardocolombia.co\/wp-content\/uploads\/2026\/02\/brown_swiss_logo_rgb_pos_-14x12.jpg 14w\" sizes=\"(max-width: 646px) 100vw, 646px\" title=\"Pedigr\u00edes Internacionales\">\t\t\t\t\t\t\t\t\t\t\t<\/span>\n\t\t\t\t\t\t\t\t\t\t<\/a>\n\t\t\t\t\t\t\t\t\t\t\t\t\t\t\t\t\t<\/div>\n\t\t\t\t\t\t\t<\/div>\n\t\t\t\t\t\t<\/div>\n\t\t\t\t\t\t\t\t\t<\/div>\n\n\t\t\t\t\n\t\t\t\t\t\t\t<\/div><!-- .elementskit-clients-slider END -->\n\t\t<\/div>\n\t\t<\/div>\t\t\t\t<\/div>\n\t\t\t\t<\/div>\n\t\t\t\t<div class=\"elementor-element elementor-element-14970d4 elementor-widget elementor-widget-html\" data-id=\"14970d4\" data-element_type=\"widget\" data-e-type=\"widget\" data-widget_type=\"html.default\">\n\t\t\t\t<div class=\"elementor-widget-container\">\n\t\t\t\t\t<style>\r\n\/* 1. Buscamos la SECCI\u00d3N completa del encabezado *\/\r\nheader, .elementor-location-header, [data-elementor-type=\"header\"] {\r\n    position: fixed !important;\r\n    top: 0 !important;\r\n    width: 100% !important;\r\n    z-index: 99999 !important;\r\n    background-color: #003366 !important; \/* El azul de Asopardo *\/\r\n}\r\n\r\n\/* 2. Empujamos el resto del contenido hacia abajo para que el men\u00fa no lo tape al cargar *\/\r\n#content, .elementor-location-single, .main-content-area {\r\n    margin-top: 90px !important; \/* Ajusta seg\u00fan el alto de tu men\u00fa *\/\r\n}\r\n\r\n\/* 3. Por si acaso est\u00e1s usando una secci\u00f3n normal de Elementor como men\u00fa *\/\r\n.elementor-section-active {\r\n    position: fixed !important;\r\n    top: 0;\r\n    width: 100%;\r\n    z-index: 99999;\r\n}\r\n<\/style>\t\t\t\t<\/div>\n\t\t\t\t<\/div>\n\t\t\t\t\t<\/div>\n\t\t\t\t<\/div>\n\t\t\t\t<\/div>\n\t\t","protected":false},"excerpt":{"rendered":"<p>Pedigr\u00edes Internacionales<\/p>","protected":false},"author":1,"featured_media":0,"parent":0,"menu_order":0,"comment_status":"closed","ping_status":"closed","template":"","meta":{"_coblocks_attr":"","_coblocks_dimensions":"","_coblocks_responsive_height":"","_coblocks_accordion_ie_support":"","_uag_custom_page_level_css":"","site-sidebar-layout":"no-sidebar","site-content-layout":"page-builder","ast-site-content-layout":"full-width-container","site-content-style":"default","site-sidebar-style":"default","ast-global-header-display":"","ast-banner-title-visibility":"","ast-main-header-display":"","ast-hfb-above-header-display":"","ast-hfb-below-header-display":"","ast-hfb-mobile-header-display":"","site-post-title":"disabled","ast-breadcrumbs-content":"","ast-featured-img":"disabled","footer-sml-layout":"","ast-disable-related-posts":"","theme-transparent-header-meta":"","adv-header-id-meta":"","stick-header-meta":"","header-above-stick-meta":"","header-main-stick-meta":"","header-below-stick-meta":"","astra-migrate-meta-layouts":"set","ast-page-background-enabled":"default","ast-page-background-meta":{"desktop":{"background-color":"var(--ast-global-color-4)","background-image":"","background-repeat":"repeat","background-position":"center center","background-size":"auto","background-attachment":"scroll","background-type":"","background-media":"","overlay-type":"","overlay-color":"","overlay-opacity":"","overlay-gradient":""},"tablet":{"background-color":"","background-image":"","background-repeat":"repeat","background-position":"center center","background-size":"auto","background-attachment":"scroll","background-type":"","background-media":"","overlay-type":"","overlay-color":"","overlay-opacity":"","overlay-gradient":""},"mobile":{"background-color":"","background-image":"","background-repeat":"repeat","background-position":"center center","background-size":"auto","background-attachment":"scroll","background-type":"","background-media":"","overlay-type":"","overlay-color":"","overlay-opacity":"","overlay-gradient":""}},"ast-content-background-meta":{"desktop":{"background-color":"var(--ast-global-color-5)","background-image":"","background-repeat":"repeat","background-position":"center center","background-size":"auto","background-attachment":"scroll","background-type":"","background-media":"","overlay-type":"","overlay-color":"","overlay-opacity":"","overlay-gradient":""},"tablet":{"background-color":"var(--ast-global-color-5)","background-image":"","background-repeat":"repeat","background-position":"center center","background-size":"auto","background-attachment":"scroll","background-type":"","background-media":"","overlay-type":"","overlay-color":"","overlay-opacity":"","overlay-gradient":""},"mobile":{"background-color":"var(--ast-global-color-5)","background-image":"","background-repeat":"repeat","background-position":"center center","background-size":"auto","background-attachment":"scroll","background-type":"","background-media":"","overlay-type":"","overlay-color":"","overlay-opacity":"","overlay-gradient":""}},"_price":"","_stock":"","_tribe_ticket_header":"","_tribe_default_ticket_provider":"","_tribe_ticket_capacity":"0","_ticket_start_date":"","_ticket_end_date":"","_tribe_ticket_show_description":"","_tribe_ticket_show_not_going":false,"_tribe_ticket_use_global_stock":"","_tribe_ticket_global_stock_level":"","_global_stock_mode":"","_global_stock_cap":"","_tribe_rsvp_for_event":"","_tribe_ticket_going_count":"","_tribe_ticket_not_going_count":"","_tribe_tickets_list":"[]","_tribe_ticket_has_attendee_info_fields":false,"footnotes":"","_tec_slr_enabled":"","_tec_slr_layout":""},"class_list":["post-3192","page","type-page","status-publish","hentry"],"uagb_featured_image_src":{"full":false,"thumbnail":false,"medium":false,"medium_large":false,"large":false,"1536x1536":false,"2048x2048":false,"trp-custom-language-flag":false},"uagb_author_info":{"display_name":"500666pwpadmin","author_link":"https:\/\/asopardocolombia.co\/en\/author\/500666pwpadmin\/"},"uagb_comment_info":0,"uagb_excerpt":"Pedigr\u00edes Internacionales","ticketed":false,"_links":{"self":[{"href":"https:\/\/asopardocolombia.co\/en\/wp-json\/wp\/v2\/pages\/3192","targetHints":{"allow":["GET"]}}],"collection":[{"href":"https:\/\/asopardocolombia.co\/en\/wp-json\/wp\/v2\/pages"}],"about":[{"href":"https:\/\/asopardocolombia.co\/en\/wp-json\/wp\/v2\/types\/page"}],"author":[{"embeddable":true,"href":"https:\/\/asopardocolombia.co\/en\/wp-json\/wp\/v2\/users\/1"}],"replies":[{"embeddable":true,"href":"https:\/\/asopardocolombia.co\/en\/wp-json\/wp\/v2\/comments?post=3192"}],"version-history":[{"count":10,"href":"https:\/\/asopardocolombia.co\/en\/wp-json\/wp\/v2\/pages\/3192\/revisions"}],"predecessor-version":[{"id":3649,"href":"https:\/\/asopardocolombia.co\/en\/wp-json\/wp\/v2\/pages\/3192\/revisions\/3649"}],"wp:attachment":[{"href":"https:\/\/asopardocolombia.co\/en\/wp-json\/wp\/v2\/media?parent=3192"}],"curies":[{"name":"wp","href":"https:\/\/api.w.org\/{rel}","templated":true}]}}