{"id":2976,"date":"2026-02-22T20:38:50","date_gmt":"2026-02-23T01:38:50","guid":{"rendered":"https:\/\/asopardocolombia.co\/?page_id=2976"},"modified":"2026-03-19T16:33:49","modified_gmt":"2026-03-19T21:33:49","slug":"como-afiliarse","status":"publish","type":"page","link":"https:\/\/asopardocolombia.co\/en\/como-afiliarse\/","title":{"rendered":"\u00bfComo Afiliarse?"},"content":{"rendered":"\t\t<div data-elementor-type=\"wp-page\" data-elementor-id=\"2976\" class=\"elementor elementor-2976\">\n\t\t\t\t<div class=\"elementor-element elementor-element-a28da5c e-flex e-con-boxed e-con e-parent\" data-id=\"a28da5c\" data-element_type=\"container\" data-e-type=\"container\">\n\t\t\t\t\t<div class=\"e-con-inner\">\n\t\t\t\t<div class=\"elementor-element elementor-element-27a857f elementor-widget elementor-widget-image\" data-id=\"27a857f\" data-element_type=\"widget\" data-e-type=\"widget\" data-widget_type=\"image.default\">\n\t\t\t\t<div class=\"elementor-widget-container\">\n\t\t\t\t\t\t\t\t\t\t\t\t\t\t\t<img fetchpriority=\"high\" decoding=\"async\" width=\"1024\" height=\"562\" src=\"https:\/\/asopardocolombia.co\/wp-content\/uploads\/2026\/03\/Esquema-modalidad-de-socios-como-afiliarse-1024x562.jpg\" class=\"attachment-large size-large wp-image-3318\" alt=\"esquema modalidad de socios como afiliarse\" srcset=\"https:\/\/asopardocolombia.co\/wp-content\/uploads\/2026\/03\/Esquema-modalidad-de-socios-como-afiliarse-1024x562.jpg 1024w, https:\/\/asopardocolombia.co\/wp-content\/uploads\/2026\/03\/Esquema-modalidad-de-socios-como-afiliarse-300x165.jpg 300w, https:\/\/asopardocolombia.co\/wp-content\/uploads\/2026\/03\/Esquema-modalidad-de-socios-como-afiliarse-768x421.jpg 768w, https:\/\/asopardocolombia.co\/wp-content\/uploads\/2026\/03\/Esquema-modalidad-de-socios-como-afiliarse-1536x842.jpg 1536w, https:\/\/asopardocolombia.co\/wp-content\/uploads\/2026\/03\/Esquema-modalidad-de-socios-como-afiliarse-18x10.jpg 18w, https:\/\/asopardocolombia.co\/wp-content\/uploads\/2026\/03\/Esquema-modalidad-de-socios-como-afiliarse.jpg 1920w\" sizes=\"(max-width: 1024px) 100vw, 1024px\" title=\"\u00bfComo Afiliarse?\">\t\t\t\t\t\t\t\t\t\t\t\t\t\t\t<\/div>\n\t\t\t\t<\/div>\n\t\t\t\t<div class=\"elementor-element elementor-element-60e72cb elementor-widget elementor-widget-button\" data-id=\"60e72cb\" data-element_type=\"widget\" data-e-type=\"widget\" data-widget_type=\"button.default\">\n\t\t\t\t<div class=\"elementor-widget-container\">\n\t\t\t\t\t\t\t\t\t<div class=\"elementor-button-wrapper\">\n\t\t\t\t\t<a class=\"elementor-button elementor-button-link elementor-size-sm\" href=\"https:\/\/asopardocolombia.co\/wp-content\/uploads\/2026\/03\/Esquema-modalidad-de-socios-como-afiliarse.pdf\">\n\t\t\t\t\t\t<span class=\"elementor-button-content-wrapper\">\n\t\t\t\t\t\t\t\t\t<span class=\"elementor-button-text\">Descargar<\/span>\n\t\t\t\t\t<\/span>\n\t\t\t\t\t<\/a>\n\t\t\t\t<\/div>\n\t\t\t\t\t\t\t\t<\/div>\n\t\t\t\t<\/div>\n\t\t<div class=\"elementor-element elementor-element-dfeab6f e-con-full e-flex e-con e-child\" data-id=\"dfeab6f\" data-element_type=\"container\" data-e-type=\"container\">\n\t\t<div class=\"elementor-element elementor-element-9c435cf e-grid e-con-full e-con e-child\" data-id=\"9c435cf\" data-element_type=\"container\" data-e-type=\"container\">\n\t\t\t\t<div class=\"elementor-element elementor-element-884f848 elementor-align-center elementor-widget elementor-widget-button\" data-id=\"884f848\" data-element_type=\"widget\" data-e-type=\"widget\" data-widget_type=\"button.default\">\n\t\t\t\t<div class=\"elementor-widget-container\">\n\t\t\t\t\t\t\t\t\t<div class=\"elementor-button-wrapper\">\n\t\t\t\t\t<a class=\"elementor-button elementor-button-link elementor-size-sm\" href=\"https:\/\/docs.google.com\/forms\/d\/e\/1FAIpQLSd1J5ielyidrr0G9CRfA_fwRoXC-7aGVcf7M-aTqyFlmzSJ9Q\/viewform?usp=sharing&#038;ouid=106451324881491055109\">\n\t\t\t\t\t\t<span class=\"elementor-button-content-wrapper\">\n\t\t\t\t\t\t\t\t\t<span class=\"elementor-button-text\">Socio Activo<\/span>\n\t\t\t\t\t<\/span>\n\t\t\t\t\t<\/a>\n\t\t\t\t<\/div>\n\t\t\t\t\t\t\t\t<\/div>\n\t\t\t\t<\/div>\n\t\t\t\t<div class=\"elementor-element elementor-element-3002366 elementor-align-center elementor-widget elementor-widget-button\" data-id=\"3002366\" data-element_type=\"widget\" data-e-type=\"widget\" data-widget_type=\"button.default\">\n\t\t\t\t<div class=\"elementor-widget-container\">\n\t\t\t\t\t\t\t\t\t<div class=\"elementor-button-wrapper\">\n\t\t\t\t\t<a class=\"elementor-button elementor-button-link elementor-size-sm\" href=\"https:\/\/docs.google.com\/forms\/d\/e\/1FAIpQLSd1J5ielyidrr0G9CRfA_fwRoXC-7aGVcf7M-aTqyFlmzSJ9Q\/viewform?usp=sharing&#038;ouid=106451324881491055109\">\n\t\t\t\t\t\t<span class=\"elementor-button-content-wrapper\">\n\t\t\t\t\t\t\t\t\t<span class=\"elementor-button-text\">Socio Adherente<\/span>\n\t\t\t\t\t<\/span>\n\t\t\t\t\t<\/a>\n\t\t\t\t<\/div>\n\t\t\t\t\t\t\t\t<\/div>\n\t\t\t\t<\/div>\n\t\t\t\t<div class=\"elementor-element elementor-element-b36ee37 elementor-align-center elementor-widget elementor-widget-button\" data-id=\"b36ee37\" data-element_type=\"widget\" data-e-type=\"widget\" data-widget_type=\"button.default\">\n\t\t\t\t<div class=\"elementor-widget-container\">\n\t\t\t\t\t\t\t\t\t<div class=\"elementor-button-wrapper\">\n\t\t\t\t\t<a class=\"elementor-button elementor-button-link elementor-size-sm\" href=\"https:\/\/asopardocolombia.co\/wp-content\/uploads\/2026\/03\/Afiliacion-Socios.pdf\">\n\t\t\t\t\t\t<span class=\"elementor-button-content-wrapper\">\n\t\t\t\t\t\t\t\t\t<span class=\"elementor-button-text\">Si usted no quiere llenar el  formulario digitalmente desc\u00e1rguelo AQU\u00cd<\/span>\n\t\t\t\t\t<\/span>\n\t\t\t\t\t<\/a>\n\t\t\t\t<\/div>\n\t\t\t\t\t\t\t\t<\/div>\n\t\t\t\t<\/div>\n\t\t\t\t<\/div>\n\t\t\t\t<\/div>\n\t\t\t\t<div class=\"elementor-element elementor-element-e46dad4 elementor-widget elementor-widget-html\" data-id=\"e46dad4\" data-element_type=\"widget\" data-e-type=\"widget\" data-widget_type=\"html.default\">\n\t\t\t\t<div class=\"elementor-widget-container\">\n\t\t\t\t\t<style>\r\n\/* 1. Buscamos la SECCI\u00d3N completa del encabezado *\/\r\nheader, .elementor-location-header, [data-elementor-type=\"header\"] {\r\n    position: fixed !important;\r\n    top: 0 !important;\r\n    width: 100% !important;\r\n    z-index: 99999 !important;\r\n    background-color: #003366 !important; \/* El azul de Asopardo *\/\r\n}\r\n\r\n\/* 2. Empujamos el resto del contenido hacia abajo para que el men\u00fa no lo tape al cargar *\/\r\n#content, .elementor-location-single, .main-content-area {\r\n    margin-top: 100px !important; \/* Ajusta seg\u00fan el alto de tu men\u00fa *\/\r\n}\r\n\r\n\/* 3. Por si acaso est\u00e1s usando una secci\u00f3n normal de Elementor como men\u00fa *\/\r\n.elementor-section-active {\r\n    position: fixed !important;\r\n    top: 0;\r\n    width: 100%;\r\n    z-index: 99999;\r\n}\r\n<\/style>\t\t\t\t<\/div>\n\t\t\t\t<\/div>\n\t\t\t\t\t<\/div>\n\t\t\t\t<\/div>\n\t\t\t\t<\/div>\n\t\t","protected":false},"excerpt":{"rendered":"<p>Descargar Socio Activo Socio Adherente Si usted no quiere llenar el formulario digitalmente desc\u00e1rguelo AQU\u00cd<\/p>","protected":false},"author":1,"featured_media":0,"parent":0,"menu_order":0,"comment_status":"closed","ping_status":"closed","template":"","meta":{"_coblocks_attr":"","_coblocks_dimensions":"","_coblocks_responsive_height":"","_coblocks_accordion_ie_support":"","_uag_custom_page_level_css":"","site-sidebar-layout":"no-sidebar","site-content-layout":"page-builder","ast-site-content-layout":"full-width-container","site-content-style":"default","site-sidebar-style":"default","ast-global-header-display":"","ast-banner-title-visibility":"","ast-main-header-display":"","ast-hfb-above-header-display":"","ast-hfb-below-header-display":"","ast-hfb-mobile-header-display":"","site-post-title":"disabled","ast-breadcrumbs-content":"","ast-featured-img":"disabled","footer-sml-layout":"","ast-disable-related-posts":"","theme-transparent-header-meta":"","adv-header-id-meta":"","stick-header-meta":"","header-above-stick-meta":"","header-main-stick-meta":"","header-below-stick-meta":"","astra-migrate-meta-layouts":"set","ast-page-background-enabled":"default","ast-page-background-meta":{"desktop":{"background-color":"var(--ast-global-color-4)","background-image":"","background-repeat":"repeat","background-position":"center center","background-size":"auto","background-attachment":"scroll","background-type":"","background-media":"","overlay-type":"","overlay-color":"","overlay-opacity":"","overlay-gradient":""},"tablet":{"background-color":"","background-image":"","background-repeat":"repeat","background-position":"center center","background-size":"auto","background-attachment":"scroll","background-type":"","background-media":"","overlay-type":"","overlay-color":"","overlay-opacity":"","overlay-gradient":""},"mobile":{"background-color":"","background-image":"","background-repeat":"repeat","background-position":"center center","background-size":"auto","background-attachment":"scroll","background-type":"","background-media":"","overlay-type":"","overlay-color":"","overlay-opacity":"","overlay-gradient":""}},"ast-content-background-meta":{"desktop":{"background-color":"var(--ast-global-color-5)","background-image":"","background-repeat":"repeat","background-position":"center center","background-size":"auto","background-attachment":"scroll","background-type":"","background-media":"","overlay-type":"","overlay-color":"","overlay-opacity":"","overlay-gradient":""},"tablet":{"background-color":"var(--ast-global-color-5)","background-image":"","background-repeat":"repeat","background-position":"center center","background-size":"auto","background-attachment":"scroll","background-type":"","background-media":"","overlay-type":"","overlay-color":"","overlay-opacity":"","overlay-gradient":""},"mobile":{"background-color":"var(--ast-global-color-5)","background-image":"","background-repeat":"repeat","background-position":"center center","background-size":"auto","background-attachment":"scroll","background-type":"","background-media":"","overlay-type":"","overlay-color":"","overlay-opacity":"","overlay-gradient":""}},"_price":"","_stock":"","_tribe_ticket_header":"","_tribe_default_ticket_provider":"","_tribe_ticket_capacity":"0","_ticket_start_date":"","_ticket_end_date":"","_tribe_ticket_show_description":"","_tribe_ticket_show_not_going":false,"_tribe_ticket_use_global_stock":"","_tribe_ticket_global_stock_level":"","_global_stock_mode":"","_global_stock_cap":"","_tribe_rsvp_for_event":"","_tribe_ticket_going_count":"","_tribe_ticket_not_going_count":"","_tribe_tickets_list":"[]","_tribe_ticket_has_attendee_info_fields":false,"footnotes":"","_tec_slr_enabled":"","_tec_slr_layout":""},"class_list":["post-2976","page","type-page","status-publish","hentry"],"uagb_featured_image_src":{"full":false,"thumbnail":false,"medium":false,"medium_large":false,"large":false,"1536x1536":false,"2048x2048":false,"trp-custom-language-flag":false},"uagb_author_info":{"display_name":"500666pwpadmin","author_link":"https:\/\/asopardocolombia.co\/en\/author\/500666pwpadmin\/"},"uagb_comment_info":0,"uagb_excerpt":"Descargar Socio Activo Socio Adherente Si usted no quiere llenar el formulario digitalmente desc\u00e1rguelo AQU\u00cd","ticketed":false,"_links":{"self":[{"href":"https:\/\/asopardocolombia.co\/en\/wp-json\/wp\/v2\/pages\/2976","targetHints":{"allow":["GET"]}}],"collection":[{"href":"https:\/\/asopardocolombia.co\/en\/wp-json\/wp\/v2\/pages"}],"about":[{"href":"https:\/\/asopardocolombia.co\/en\/wp-json\/wp\/v2\/types\/page"}],"author":[{"embeddable":true,"href":"https:\/\/asopardocolombia.co\/en\/wp-json\/wp\/v2\/users\/1"}],"replies":[{"embeddable":true,"href":"https:\/\/asopardocolombia.co\/en\/wp-json\/wp\/v2\/comments?post=2976"}],"version-history":[{"count":34,"href":"https:\/\/asopardocolombia.co\/en\/wp-json\/wp\/v2\/pages\/2976\/revisions"}],"predecessor-version":[{"id":3379,"href":"https:\/\/asopardocolombia.co\/en\/wp-json\/wp\/v2\/pages\/2976\/revisions\/3379"}],"wp:attachment":[{"href":"https:\/\/asopardocolombia.co\/en\/wp-json\/wp\/v2\/media?parent=2976"}],"curies":[{"name":"wp","href":"https:\/\/api.w.org\/{rel}","templated":true}]}}