{"id":2500,"date":"2026-02-15T21:28:03","date_gmt":"2026-02-16T02:28:03","guid":{"rendered":"https:\/\/asopardocolombia.co\/?page_id=2500"},"modified":"2026-03-20T22:05:04","modified_gmt":"2026-03-21T03:05:04","slug":"cruzamientos-3","status":"publish","type":"page","link":"https:\/\/asopardocolombia.co\/en\/cruzamientos-3\/","title":{"rendered":"Cruzamientos"},"content":{"rendered":"\t\t<div data-elementor-type=\"wp-page\" data-elementor-id=\"2500\" class=\"elementor elementor-2500\">\n\t\t\t\t<div class=\"elementor-element elementor-element-33ad84e e-flex e-con-boxed e-con e-parent\" data-id=\"33ad84e\" data-element_type=\"container\" data-e-type=\"container\">\n\t\t\t\t\t<div class=\"e-con-inner\">\n\t\t\t\t<div class=\"elementor-element elementor-element-575e1fb elementor-widget elementor-widget-image\" data-id=\"575e1fb\" data-element_type=\"widget\" data-e-type=\"widget\" data-widget_type=\"image.default\">\n\t\t\t\t<div class=\"elementor-widget-container\">\n\t\t\t\t\t\t\t\t\t\t\t\t\t\t\t<img fetchpriority=\"high\" decoding=\"async\" width=\"1024\" height=\"512\" src=\"https:\/\/asopardocolombia.co\/wp-content\/uploads\/2026\/02\/rsw_2480h_1240cg_true-1-1024x512.webp\" class=\"attachment-large size-large wp-image-2503\" alt=\"rs=w 2480,h 1240,cg true (1)\" srcset=\"https:\/\/asopardocolombia.co\/wp-content\/uploads\/2026\/02\/rsw_2480h_1240cg_true-1-1024x512.webp 1024w, https:\/\/asopardocolombia.co\/wp-content\/uploads\/2026\/02\/rsw_2480h_1240cg_true-1-300x150.webp 300w, https:\/\/asopardocolombia.co\/wp-content\/uploads\/2026\/02\/rsw_2480h_1240cg_true-1-768x384.webp 768w, https:\/\/asopardocolombia.co\/wp-content\/uploads\/2026\/02\/rsw_2480h_1240cg_true-1-1536x768.webp 1536w, https:\/\/asopardocolombia.co\/wp-content\/uploads\/2026\/02\/rsw_2480h_1240cg_true-1-2048x1024.webp 2048w, https:\/\/asopardocolombia.co\/wp-content\/uploads\/2026\/02\/rsw_2480h_1240cg_true-1-18x9.webp 18w\" sizes=\"(max-width: 1024px) 100vw, 1024px\" title=\"Cruzamientos\">\t\t\t\t\t\t\t\t\t\t\t\t\t\t\t<\/div>\n\t\t\t\t<\/div>\n\t\t\t\t\t<\/div>\n\t\t\t\t<\/div>\n\t\t<div class=\"elementor-element elementor-element-4f836af1 e-flex e-con-boxed e-con e-parent\" data-id=\"4f836af1\" data-element_type=\"container\" data-e-type=\"container\" id=\"xs_drop_1\">\n\t\t\t\t\t<div class=\"e-con-inner\">\n\t\t\t\t<div class=\"elementor-element elementor-element-6b21e3eb elementor-widget elementor-widget-elementskit-heading\" data-id=\"6b21e3eb\" data-element_type=\"widget\" data-e-type=\"widget\" data-widget_type=\"elementskit-heading.default\">\n\t\t\t\t<div class=\"elementor-widget-container\">\n\t\t\t\t\t<div class=\"ekit-wid-con\" ><div class=\"ekit-heading elementskit-section-title-wraper text_center   ekit_heading_tablet-   ekit_heading_mobile-\"><h2 class=\"ekit-heading--title elementskit-section-title \">\u00a1LA RAZA IDEAL COMO BASE EN CRUZAMIENTOS ESTRAT\u00c9GICOS!<\/h2><\/div><\/div>\t\t\t\t<\/div>\n\t\t\t\t<\/div>\n\t\t<div class=\"elementor-element elementor-element-2f7c4228 e-con-full e-flex e-con e-child\" data-id=\"2f7c4228\" data-element_type=\"container\" data-e-type=\"container\">\n\t\t\t\t<div class=\"elementor-element elementor-element-693aacd5 elementor-widget elementor-widget-elementskit-drop-caps\" data-id=\"693aacd5\" data-element_type=\"widget\" data-e-type=\"widget\" data-widget_type=\"elementskit-drop-caps.default\">\n\t\t\t\t<div class=\"elementor-widget-container\">\n\t\t\t\t\t<div class=\"ekit-wid-con\" >\t\t<div class=\"ekit-dropcap-wraper\">\n\t\t\t\t\t\t<p class=\"ekit-dropcap-cotnent\">Es bien sabido que los animales  producto del cruzamiento de Pardo Suizo  con otras razas ha resultado  una alternativa inmejorable para  todos los climas, especialmente por su adaptabilidad al Tr\u00f3pico Bajo y mejores producciones de leche y docilidad al cruzar con Bos Indicus  (cebuinos) y razas criollas, logrando animales doble prop\u00f3sito.<br>\n<br>\nPor otra parte, el cruzamiento  Pardo Suizo con Bos Taurus (razas lecheras), por ejemplo con Holstein, su resultado es el Parhol, una de las m\u00e1s comunes, por su fortaleza y vigor hibrido, la Pardo Suizo aporta la fortaleza de las patas, ya que es una deficiencia de la Holstein mejorando as\u00ed los aplomos de los animales, para soportar su peso y el de su producci\u00f3n, aportando tambi\u00e9n longevidad, adem\u00e1s es importante resaltar la mejor\u00eda en la calidad de la leche por sus s\u00f3lidos totales (grasa y prote\u00edna) y menores recuentos de c\u00e9lulas som\u00e1ticas, caracter\u00edsticas exigidas por la industria l\u00e1ctea.<br>\n<br>\nSe utiliza tambi\u00e9n la rotaci\u00f3n  entre las tres mayores razas de producci\u00f3n de leche;  Pardo Suizo, Holstein y Jersey logrando as\u00ed el Trih\u00edbrido, este cruzamiento es utilizado para obtener las ventajas de la HETEROSIS, RENDIMIENTO y EFICIENCIA REPRODUCTIVA.<br>\n<br>\nEntre las cualidades que debemos destacar est\u00e1 su habilidad para combinarse con otras razas, entre ellas el Ceb\u00fa, mejorando significativamente los \u00edndices productivos para los sistemas de producci\u00f3n de Doble Prop\u00f3sito, donde se explotan simult\u00e1neamente leche y carne en el tr\u00f3pico bajo Colombiano; pero tal vez su cualidad m\u00e1s destacada es su capacidad de adaptaci\u00f3n la cual es un atributo gen\u00e9tico de la raza.<br>\n<br>\nLos cruzamientos con el ganado ceb\u00fa presentan m\u00faltiples ventajas, entre ellas:<br>\n\n<li>Buena adaptaci\u00f3n a condiciones de tr\u00f3pico bajo.<\/li>\n<li>Resistencia a enfermedades y par\u00e1sitos.<\/li>\n<li>Buena fertilidad.<\/li>\n<li>Buena producci\u00f3n de leche de excelente calidad (Prote\u00edna, grasa, s\u00f3lidos).<\/li>\n<li>Vacas con excelente habilidad materna.<\/li>\n<li>Precocidad.<\/li>\n<li>Vigor y rusticidad.<\/li>\n<br>\n<strong>Braunvieh<\/strong><br>\nEl Original Braunvieh posee  gran habilidad para realizar cruzamientos con otras razas,  ya que optimiza y aporta caracter\u00edsticas como son:<br>\n\n<li>Pigmentaci\u00f3n, que lo hace resistente a condiciones clim\u00e1ticas extremas.<\/li>\n<li>Fuertes patas y pezu\u00f1as.<\/li>\n<li>Temperamento d\u00f3cil.<\/li>\n<li>Fortaleza y rusticidad.<\/li>\n<li>Calidad y rendimiento de canales, marm\u00f3reo en carne, con menor capa perif\u00e9rica de grasa.<\/li>\n<li>Habilidad materna.<\/li>\n<li>Eficiencia reproductiva.<\/li>\n<li>Precocidad.<\/li>\n<li>Las hembras cruzadas conservan la calidad composicional de la leche del Braunvieh, alta en s\u00f3lidos totales (grasa y prote\u00edna).<\/li>\n<li>Alto Porcentaje de supervivencia de las cr\u00edas por su calidad del calostro.<\/li>\n<li>Los machos mestizos poseen un desarrollo testicular precoz, que les permite servir a edades tempranas.<\/li>\n<br>\nCruzamiento ideal para el tr\u00f3pico bajo por su gran vigor h\u00edbrido, los ejemplares f1 son el perfecto doble prop\u00f3sito, dado que obtienen las caracter\u00edsticas deseadas de cada una de las razas. El cruzamiento de Braunvieh x Brahman aporta novillas F1  altamente precoces y f\u00e9rtiles, la edad promedio de su primer parto es de 30 meses, con producciones que oscilan entre los 6 a 9 litros, en condiciones de pastoreo.\n\nCon relaci\u00f3n a los cruces Braunvieh por Ceb\u00fa, ha mostrado mayores tazas de supervivencia al destete, excelente precocidad y extraordinaria facilidad de parto, adem\u00e1s de fertilidad superior al 85%.\n<br><br>\n<strong>GANANCIA DE PESO F1<\/strong><br>\nNacer: 30 kg.<br>\nPre-destete: 800 \u2013 900 gr\/animal\/d\u00eda.<br>\n270 d\u00edas: 270 kg.<br>\n18 meses: 410 kg.<br>\n<br>\nLos ejemplares cruzados han demostrado mayores tasas de sobrevivencia al destete (95.1%) y extraordinaria facilidad de parto.<br>\nPoseen gran habilidad materna, excelente fertilidad y transmite todas las otras caracter\u00edsticas fenot\u00edpicas como son su pigmentaci\u00f3n, fortaleza de patas y pezu\u00f1as, estructura fuerte, entre otros.<br>\n<br>\n<strong>BONDADES DE LA RAZA<\/strong><br>\n<li>Gran alternativa para el Tr\u00f3pico Bajo.<\/li>\n<li>Maximiza la Heterosis de su reba\u00f1o.<\/li>\n<li>Incrementa el volumen y calidad de leche.<\/li>\n<li>Adaptabilidad y resistencia a las condiciones del tr\u00f3pico.<\/li> \n<li>Mejor rendimiento y eficiencia reproductiva.<\/li>\n<li>Car\u00e1cter lechero, sin dejar a un lado la longevidad y rusticidad propias de la raza. <\/li> <\/p>\n\t\t\t\t\t<\/div>\n        <\/div>\t\t\t\t<\/div>\n\t\t\t\t<\/div>\n\t\t\t\t<\/div>\n\t\t\t\t\t<\/div>\n\t\t\t\t<\/div>\n\t\t<div class=\"elementor-element elementor-element-f118d8e e-flex e-con-boxed e-con e-parent\" data-id=\"f118d8e\" data-element_type=\"container\" data-e-type=\"container\">\n\t\t\t\t\t<div class=\"e-con-inner\">\n\t\t\t\t<div class=\"elementor-element elementor-element-2077ac8 elementor-widget elementor-widget-n-accordion\" data-id=\"2077ac8\" data-element_type=\"widget\" data-e-type=\"widget\" data-settings=\"{&quot;default_state&quot;:&quot;expanded&quot;,&quot;max_items_expended&quot;:&quot;one&quot;,&quot;n_accordion_animation_duration&quot;:{&quot;unit&quot;:&quot;ms&quot;,&quot;size&quot;:400,&quot;sizes&quot;:[]}}\" data-widget_type=\"nested-accordion.default\">\n\t\t\t\t<div class=\"elementor-widget-container\">\n\t\t\t\t\t\t\t<div class=\"e-n-accordion\" aria-label=\"Accordion. Open links with Enter or Space, close with Escape, and navigate with Arrow Keys\">\n\t\t\t\t\t\t<details id=\"e-n-accordion-item-3400\" class=\"e-n-accordion-item\" open>\n\t\t\t\t<summary class=\"e-n-accordion-item-title\" data-accordion-index=\"1\" tabindex=\"0\" aria-expanded=\"true\" aria-controls=\"e-n-accordion-item-3400\" >\n\t\t\t\t\t<span class='e-n-accordion-item-title-header'><div class=\"e-n-accordion-item-title-text\"> Cruzamiento 1 <\/div><\/span>\n\t\t\t\t\t\t\t<span class='e-n-accordion-item-title-icon'>\n\t\t\t<span class='e-opened' ><i aria-hidden=\"true\" class=\"fas fa-minus\"><\/i><\/span>\n\t\t\t<span class='e-closed'><i aria-hidden=\"true\" class=\"fas fa-plus\"><\/i><\/span>\n\t\t<\/span>\n\n\t\t\t\t\t\t<\/summary>\n\t\t\t\t<div role=\"region\" aria-labelledby=\"e-n-accordion-item-3400\" class=\"elementor-element elementor-element-0c2dc5c e-con-full e-flex e-con e-child\" data-id=\"0c2dc5c\" data-element_type=\"container\" data-e-type=\"container\">\n\t\t<div role=\"region\" aria-labelledby=\"e-n-accordion-item-3400\" class=\"elementor-element elementor-element-61ec8d3 e-flex e-con-boxed e-con e-child\" data-id=\"61ec8d3\" data-element_type=\"container\" data-e-type=\"container\">\n\t\t\t\t\t<div class=\"e-con-inner\">\n\t\t\t\t<div class=\"elementor-element elementor-element-437e5f2 elementor-widget elementor-widget-image\" data-id=\"437e5f2\" data-element_type=\"widget\" data-e-type=\"widget\" data-widget_type=\"image.default\">\n\t\t\t\t<div class=\"elementor-widget-container\">\n\t\t\t\t\t\t\t\t\t\t\t\t\t\t\t<img decoding=\"async\" width=\"1024\" height=\"576\" src=\"https:\/\/asopardocolombia.co\/wp-content\/uploads\/2026\/02\/cruzamientos_2-1024x576.jpg\" class=\"attachment-large size-large wp-image-2509\" alt=\"cruzamientos 2\" srcset=\"https:\/\/asopardocolombia.co\/wp-content\/uploads\/2026\/02\/cruzamientos_2-1024x576.jpg 1024w, https:\/\/asopardocolombia.co\/wp-content\/uploads\/2026\/02\/cruzamientos_2-300x169.jpg 300w, https:\/\/asopardocolombia.co\/wp-content\/uploads\/2026\/02\/cruzamientos_2-768x432.jpg 768w, https:\/\/asopardocolombia.co\/wp-content\/uploads\/2026\/02\/cruzamientos_2-1536x864.jpg 1536w, https:\/\/asopardocolombia.co\/wp-content\/uploads\/2026\/02\/cruzamientos_2-2048x1152.jpg 2048w, https:\/\/asopardocolombia.co\/wp-content\/uploads\/2026\/02\/cruzamientos_2-18x10.jpg 18w\" sizes=\"(max-width: 1024px) 100vw, 1024px\" title=\"Cruzamientos\">\t\t\t\t\t\t\t\t\t\t\t\t\t\t\t<\/div>\n\t\t\t\t<\/div>\n\t\t\t\t\t<\/div>\n\t\t\t\t<\/div>\n\t\t\t\t<\/div>\n\t\t\t\t\t<\/details>\n\t\t\t\t\t\t<details id=\"e-n-accordion-item-3401\" class=\"e-n-accordion-item\" >\n\t\t\t\t<summary class=\"e-n-accordion-item-title\" data-accordion-index=\"2\" tabindex=\"-1\" aria-expanded=\"false\" aria-controls=\"e-n-accordion-item-3401\" >\n\t\t\t\t\t<span class='e-n-accordion-item-title-header'><div class=\"e-n-accordion-item-title-text\"> Cruzamiento 2 <\/div><\/span>\n\t\t\t\t\t\t\t<span class='e-n-accordion-item-title-icon'>\n\t\t\t<span class='e-opened' ><i aria-hidden=\"true\" class=\"fas fa-minus\"><\/i><\/span>\n\t\t\t<span class='e-closed'><i aria-hidden=\"true\" class=\"fas fa-plus\"><\/i><\/span>\n\t\t<\/span>\n\n\t\t\t\t\t\t<\/summary>\n\t\t\t\t<div role=\"region\" aria-labelledby=\"e-n-accordion-item-3401\" class=\"elementor-element elementor-element-73be00c e-con-full e-flex e-con e-child\" data-id=\"73be00c\" data-element_type=\"container\" data-e-type=\"container\">\n\t\t<div role=\"region\" aria-labelledby=\"e-n-accordion-item-3401\" class=\"elementor-element elementor-element-871bf80 e-flex e-con-boxed e-con e-child\" data-id=\"871bf80\" data-element_type=\"container\" data-e-type=\"container\">\n\t\t\t\t\t<div class=\"e-con-inner\">\n\t\t\t\t<div class=\"elementor-element elementor-element-9f382ff elementor-widget elementor-widget-image\" data-id=\"9f382ff\" data-element_type=\"widget\" data-e-type=\"widget\" data-widget_type=\"image.default\">\n\t\t\t\t<div class=\"elementor-widget-container\">\n\t\t\t\t\t\t\t\t\t\t\t\t\t\t\t<img decoding=\"async\" width=\"1024\" height=\"576\" src=\"https:\/\/asopardocolombia.co\/wp-content\/uploads\/2026\/02\/cruzamientos_1-1-1024x576.png\" class=\"attachment-large size-large wp-image-2514\" alt=\"cruzamientos 1\" srcset=\"https:\/\/asopardocolombia.co\/wp-content\/uploads\/2026\/02\/cruzamientos_1-1-1024x576.png 1024w, https:\/\/asopardocolombia.co\/wp-content\/uploads\/2026\/02\/cruzamientos_1-1-300x169.png 300w, https:\/\/asopardocolombia.co\/wp-content\/uploads\/2026\/02\/cruzamientos_1-1-768x432.png 768w, https:\/\/asopardocolombia.co\/wp-content\/uploads\/2026\/02\/cruzamientos_1-1-1536x864.png 1536w, https:\/\/asopardocolombia.co\/wp-content\/uploads\/2026\/02\/cruzamientos_1-1-2048x1152.png 2048w, https:\/\/asopardocolombia.co\/wp-content\/uploads\/2026\/02\/cruzamientos_1-1-18x10.png 18w\" sizes=\"(max-width: 1024px) 100vw, 1024px\" title=\"Cruzamientos\">\t\t\t\t\t\t\t\t\t\t\t\t\t\t\t<\/div>\n\t\t\t\t<\/div>\n\t\t\t\t\t<\/div>\n\t\t\t\t<\/div>\n\t\t\t\t<\/div>\n\t\t\t\t\t<\/details>\n\t\t\t\t\t<\/div>\n\t\t\t\t\t\t<\/div>\n\t\t\t\t<\/div>\n\t\t\t\t<div class=\"elementor-element elementor-element-085f6a4 elementor-widget elementor-widget-button\" data-id=\"085f6a4\" data-element_type=\"widget\" data-e-type=\"widget\" data-widget_type=\"button.default\">\n\t\t\t\t<div class=\"elementor-widget-container\">\n\t\t\t\t\t\t\t\t\t<div class=\"elementor-button-wrapper\">\n\t\t\t\t\t<a class=\"elementor-button elementor-button-link elementor-size-sm\" href=\"https:\/\/asopardocolombia.co\/wp-content\/uploads\/2026\/02\/Cruzamientos.pdf\">\n\t\t\t\t\t\t<span class=\"elementor-button-content-wrapper\">\n\t\t\t\t\t\t\t\t\t<span class=\"elementor-button-text\">Descargar el PDF<\/span>\n\t\t\t\t\t<\/span>\n\t\t\t\t\t<\/a>\n\t\t\t\t<\/div>\n\t\t\t\t\t\t\t\t<\/div>\n\t\t\t\t<\/div>\n\t\t\t\t<div class=\"elementor-element elementor-element-2add293 elementor-widget elementor-widget-html\" data-id=\"2add293\" data-element_type=\"widget\" data-e-type=\"widget\" data-widget_type=\"html.default\">\n\t\t\t\t<div class=\"elementor-widget-container\">\n\t\t\t\t\t<style>\r\n\/* 1. Buscamos la SECCI\u00d3N completa del encabezado *\/\r\nheader, .elementor-location-header, [data-elementor-type=\"header\"] {\r\n    position: fixed !important;\r\n    top: 0 !important;\r\n    width: 100% !important;\r\n    z-index: 99999 !important;\r\n    background-color: #003366 !important; \/* El azul de Asopardo *\/\r\n}\r\n\r\n\/* 2. Empujamos el resto del contenido hacia abajo para que el men\u00fa no lo tape al cargar *\/\r\n#content, .elementor-location-single, .main-content-area {\r\n    margin-top: 90px !important; \/* Ajusta seg\u00fan el alto de tu men\u00fa *\/\r\n}\r\n\r\n\/* 3. Por si acaso est\u00e1s usando una secci\u00f3n normal de Elementor como men\u00fa *\/\r\n.elementor-section-active {\r\n    position: fixed !important;\r\n    top: 0;\r\n    width: 100%;\r\n    z-index: 99999;\r\n}\r\n<\/style>\t\t\t\t<\/div>\n\t\t\t\t<\/div>\n\t\t\t\t\t<\/div>\n\t\t\t\t<\/div>\n\t\t\t\t<\/div>\n\t\t","protected":false},"excerpt":{"rendered":"<p>\u00a1LA RAZA IDEAL COMO BASE EN CRUZAMIENTOS ESTRAT\u00c9GICOS! Es bien sabido que los animales producto del cruzamiento de Pardo Suizo con otras razas ha resultado una alternativa inmejorable para todos [&hellip;]<\/p>\n","protected":false},"author":1,"featured_media":0,"parent":0,"menu_order":0,"comment_status":"closed","ping_status":"closed","template":"elementor_theme","meta":{"_coblocks_attr":"","_coblocks_dimensions":"","_coblocks_responsive_height":"","_coblocks_accordion_ie_support":"","_uag_custom_page_level_css":"","site-sidebar-layout":"no-sidebar","site-content-layout":"page-builder","ast-site-content-layout":"full-width-container","site-content-style":"default","site-sidebar-style":"default","ast-global-header-display":"","ast-banner-title-visibility":"","ast-main-header-display":"","ast-hfb-above-header-display":"","ast-hfb-below-header-display":"","ast-hfb-mobile-header-display":"","site-post-title":"disabled","ast-breadcrumbs-content":"","ast-featured-img":"disabled","footer-sml-layout":"","ast-disable-related-posts":"","theme-transparent-header-meta":"","adv-header-id-meta":"","stick-header-meta":"","header-above-stick-meta":"","header-main-stick-meta":"","header-below-stick-meta":"","astra-migrate-meta-layouts":"set","ast-page-background-enabled":"default","ast-page-background-meta":{"desktop":{"background-color":"var(--ast-global-color-4)","background-image":"","background-repeat":"repeat","background-position":"center center","background-size":"auto","background-attachment":"scroll","background-type":"","background-media":"","overlay-type":"","overlay-color":"","overlay-opacity":"","overlay-gradient":""},"tablet":{"background-color":"","background-image":"","background-repeat":"repeat","background-position":"center center","background-size":"auto","background-attachment":"scroll","background-type":"","background-media":"","overlay-type":"","overlay-color":"","overlay-opacity":"","overlay-gradient":""},"mobile":{"background-color":"","background-image":"","background-repeat":"repeat","background-position":"center center","background-size":"auto","background-attachment":"scroll","background-type":"","background-media":"","overlay-type":"","overlay-color":"","overlay-opacity":"","overlay-gradient":""}},"ast-content-background-meta":{"desktop":{"background-color":"var(--ast-global-color-5)","background-image":"","background-repeat":"repeat","background-position":"center center","background-size":"auto","background-attachment":"scroll","background-type":"","background-media":"","overlay-type":"","overlay-color":"","overlay-opacity":"","overlay-gradient":""},"tablet":{"background-color":"var(--ast-global-color-5)","background-image":"","background-repeat":"repeat","background-position":"center center","background-size":"auto","background-attachment":"scroll","background-type":"","background-media":"","overlay-type":"","overlay-color":"","overlay-opacity":"","overlay-gradient":""},"mobile":{"background-color":"var(--ast-global-color-5)","background-image":"","background-repeat":"repeat","background-position":"center center","background-size":"auto","background-attachment":"scroll","background-type":"","background-media":"","overlay-type":"","overlay-color":"","overlay-opacity":"","overlay-gradient":""}},"_price":"","_stock":"","_tribe_ticket_header":"","_tribe_default_ticket_provider":"","_tribe_ticket_capacity":"0","_ticket_start_date":"","_ticket_end_date":"","_tribe_ticket_show_description":"","_tribe_ticket_show_not_going":false,"_tribe_ticket_use_global_stock":"","_tribe_ticket_global_stock_level":"","_global_stock_mode":"","_global_stock_cap":"","_tribe_rsvp_for_event":"","_tribe_ticket_going_count":"","_tribe_ticket_not_going_count":"","_tribe_tickets_list":"[]","_tribe_ticket_has_attendee_info_fields":false,"footnotes":"","_tec_slr_enabled":"","_tec_slr_layout":""},"class_list":["post-2500","page","type-page","status-publish","hentry"],"uagb_featured_image_src":{"full":false,"thumbnail":false,"medium":false,"medium_large":false,"large":false,"1536x1536":false,"2048x2048":false,"trp-custom-language-flag":false},"uagb_author_info":{"display_name":"500666pwpadmin","author_link":"https:\/\/asopardocolombia.co\/en\/author\/500666pwpadmin\/"},"uagb_comment_info":0,"uagb_excerpt":"\u00a1LA RAZA IDEAL COMO BASE EN CRUZAMIENTOS ESTRAT\u00c9GICOS! Es bien sabido que los animales producto del cruzamiento de Pardo Suizo con otras razas ha resultado una alternativa inmejorable para todos [&hellip;]","ticketed":false,"_links":{"self":[{"href":"https:\/\/asopardocolombia.co\/en\/wp-json\/wp\/v2\/pages\/2500","targetHints":{"allow":["GET"]}}],"collection":[{"href":"https:\/\/asopardocolombia.co\/en\/wp-json\/wp\/v2\/pages"}],"about":[{"href":"https:\/\/asopardocolombia.co\/en\/wp-json\/wp\/v2\/types\/page"}],"author":[{"embeddable":true,"href":"https:\/\/asopardocolombia.co\/en\/wp-json\/wp\/v2\/users\/1"}],"replies":[{"embeddable":true,"href":"https:\/\/asopardocolombia.co\/en\/wp-json\/wp\/v2\/comments?post=2500"}],"version-history":[{"count":34,"href":"https:\/\/asopardocolombia.co\/en\/wp-json\/wp\/v2\/pages\/2500\/revisions"}],"predecessor-version":[{"id":3618,"href":"https:\/\/asopardocolombia.co\/en\/wp-json\/wp\/v2\/pages\/2500\/revisions\/3618"}],"wp:attachment":[{"href":"https:\/\/asopardocolombia.co\/en\/wp-json\/wp\/v2\/media?parent=2500"}],"curies":[{"name":"wp","href":"https:\/\/api.w.org\/{rel}","templated":true}]}}