{"id":2487,"date":"2026-02-15T21:07:16","date_gmt":"2026-02-16T02:07:16","guid":{"rendered":"https:\/\/asopardocolombia.co\/?page_id=2487"},"modified":"2026-03-20T22:03:24","modified_gmt":"2026-03-21T03:03:24","slug":"braunvieh","status":"publish","type":"page","link":"https:\/\/asopardocolombia.co\/en\/braunvieh\/","title":{"rendered":"Braunvieh"},"content":{"rendered":"\t\t<div data-elementor-type=\"wp-page\" data-elementor-id=\"2487\" class=\"elementor elementor-2487\">\n\t\t\t\t<div class=\"elementor-element elementor-element-33ad84e e-flex e-con-boxed e-con e-parent\" data-id=\"33ad84e\" data-element_type=\"container\" data-e-type=\"container\">\n\t\t\t\t\t<div class=\"e-con-inner\">\n\t\t\t\t<div class=\"elementor-element elementor-element-575e1fb elementor-widget elementor-widget-image\" data-id=\"575e1fb\" data-element_type=\"widget\" data-e-type=\"widget\" data-widget_type=\"image.default\">\n\t\t\t\t<div class=\"elementor-widget-container\">\n\t\t\t\t\t\t\t\t\t\t\t\t\t\t\t<img fetchpriority=\"high\" decoding=\"async\" width=\"1024\" height=\"512\" src=\"https:\/\/asopardocolombia.co\/wp-content\/uploads\/2026\/02\/rsw_2480h_1240cg_true-1024x512.webp\" class=\"attachment-large size-large wp-image-2489\" alt=\"rs=w 2480,h 1240,cg true\" srcset=\"https:\/\/asopardocolombia.co\/wp-content\/uploads\/2026\/02\/rsw_2480h_1240cg_true-1024x512.webp 1024w, https:\/\/asopardocolombia.co\/wp-content\/uploads\/2026\/02\/rsw_2480h_1240cg_true-300x150.webp 300w, https:\/\/asopardocolombia.co\/wp-content\/uploads\/2026\/02\/rsw_2480h_1240cg_true-768x384.webp 768w, https:\/\/asopardocolombia.co\/wp-content\/uploads\/2026\/02\/rsw_2480h_1240cg_true-1536x767.webp 1536w, https:\/\/asopardocolombia.co\/wp-content\/uploads\/2026\/02\/rsw_2480h_1240cg_true-2048x1023.webp 2048w, https:\/\/asopardocolombia.co\/wp-content\/uploads\/2026\/02\/rsw_2480h_1240cg_true-18x9.webp 18w\" sizes=\"(max-width: 1024px) 100vw, 1024px\" title=\"Braunvieh\">\t\t\t\t\t\t\t\t\t\t\t\t\t\t\t<\/div>\n\t\t\t\t<\/div>\n\t\t\t\t\t<\/div>\n\t\t\t\t<\/div>\n\t\t<div class=\"elementor-element elementor-element-3de07d08 e-flex e-con-boxed e-con e-parent\" data-id=\"3de07d08\" data-element_type=\"container\" data-e-type=\"container\" id=\"xs_drop_1\">\n\t\t\t\t\t<div class=\"e-con-inner\">\n\t\t\t\t<div class=\"elementor-element elementor-element-191bf8b2 elementor-widget elementor-widget-elementskit-heading\" data-id=\"191bf8b2\" data-element_type=\"widget\" data-e-type=\"widget\" data-widget_type=\"elementskit-heading.default\">\n\t\t\t\t<div class=\"elementor-widget-container\">\n\t\t\t\t\t<div class=\"ekit-wid-con\" ><div class=\"ekit-heading elementskit-section-title-wraper text_center   ekit_heading_tablet-   ekit_heading_mobile-\"><h2 class=\"ekit-heading--title elementskit-section-title \">\u00a1CONOCE LAS BONDADES DEL BRAUNVIEH!<\/h2><\/div><\/div>\t\t\t\t<\/div>\n\t\t\t\t<\/div>\n\t\t<div class=\"elementor-element elementor-element-75921947 e-con-full e-flex e-con e-child\" data-id=\"75921947\" data-element_type=\"container\" data-e-type=\"container\">\n\t\t\t\t<div class=\"elementor-element elementor-element-567f6dd6 elementor-widget elementor-widget-elementskit-drop-caps\" data-id=\"567f6dd6\" data-element_type=\"widget\" data-e-type=\"widget\" data-widget_type=\"elementskit-drop-caps.default\">\n\t\t\t\t<div class=\"elementor-widget-container\">\n\t\t\t\t\t<div class=\"ekit-wid-con\" >\t\t<div class=\"ekit-dropcap-wraper\">\n\t\t\t\t\t\t<p class=\"ekit-dropcap-cotnent\">El Braunvieh no es un cruce ni una raza nueva, por el contrario es la raza m\u00e1s antigua del mundo, con registros que datan de 800 a\u00f1os Antes de Cristo. Se inici\u00f3 como una raza triple prop\u00f3sito (leche, carne y trabajo). Se remonta a los pa\u00edses de Europa central: Alemania, Austria y Suiza; en cuyas \u00e1reas monta\u00f1osas circundantes se desarroll\u00f3 como un linaje puro durante muchos siglos y entre 1869 y 1880 un gran n\u00famero de animales de la raza fue exportado a los Estados Unidos, en donde a trav\u00e9s de la selecci\u00f3n de este ganado y procesos de mejoramiento gen\u00e9tico, se lleg\u00f3 a desarrollar lo que actualmente se conoce como el ganado Pardo Suizo de leche o \u201cPardo Suizo Americano\u201d. <br>\n<br>\nEl Pardo de carne o Braunvieh, es un animal equilibrado, dotado de una configuraci\u00f3n corporal ideal para el rendimiento fisiol\u00f3gico \u00f3ptimo; de ah\u00ed el impacto que est\u00e1 causando en la producci\u00f3n de carne, pues ninguna raza como \u00e9sta le ofrece las condiciones de consistencia, uniformidad y calidad reclamadas por el mercado. Se caracteriza por ser un ganado de tama\u00f1o mediano, con buena musculatura y temperamento tranquilo, las vacas tienen un peso adulto promedio de 550 a 750 Kg.; y los toros entre 950 y 1250 Kg. El Braunvieh tiene varias tonalidades de marr\u00f3n, predominando el marr\u00f3n rat\u00f3n, que va desde el caf\u00e9 claro con gris hasta el caf\u00e9 oscuro, generalmente se hace evidente un color m\u00e1s oscuro alrededor de los hombros y cuello comparados con el resto del cuerpo. Adem\u00e1s las hembras por lo regular suelen ser de tonalidad m\u00e1s clara que los machos. Las fuertes l\u00edneas maternas la localizan en un estatus alto de producci\u00f3n lechera, en comparaci\u00f3n con otras razas europeas y otro de sus grandes atributos es la expresi\u00f3n de su fertilidad en cualquier sistema productivo.<br>\n<br>\nSu temperamento es d\u00f3cil y muestra enorme mansedumbre, aunque sea manejado en condiciones de pastoreo extensivo. Todas estas caracter\u00edsticas le han conferido la capacidad de adaptarse muy bien a todo tipo de climas y sistemas de manejo y a pesar de los programas de selecci\u00f3n gen\u00e9tica a trav\u00e9s de muchos a\u00f1os, el Braunvieh ha mantenido la producci\u00f3n de carne y leche con alta eficiencia de alimentaci\u00f3n.<br>\n<br>\n\u200bEl Braunvieh es un ganado extremadamente f\u00e9rtil, con una pubertad temprana tanto en machos como en hembras (hembras f\u00e9rtiles a los 8-9 meses de edad y los machos entre los 16-18 meses son f\u00e9rtiles) y su talla moderada y su facilidad para engordar la hacen una vaca de bajo mantenimiento con una tasa de concepci\u00f3n del 93% a los 18 meses. No es solamente rentable sino tambi\u00e9n econ\u00f3mica, adem\u00e1s dan a luz sin asistencia en el 94.5% de las veces por su amplitud de cadera (vacas F1 de otras razas por Braunvieh con facilidad de parto) y los bajos pesos al nacimiento (vaca de otras razas con cr\u00edas de toros puros Braunvieh).<br>\n<br>\nEn 1869 se importaron a Estados Unidos 130 cabezas de ganado Braunvieh como base para la selecci\u00f3n del Pardo Suizo y en 1890 es declarada 100% lechera. El Braunvieh se empieza a expandir a nivel mundial y en diferentes pa\u00edses lo direccionan seg\u00fan sus necesidades, en Europa, M\u00e9xico y Sur\u00e1frica el Original Braunvieh lo manejaron como ganado doble prop\u00f3sito. En Estados Unidos, Canad\u00e1 y Brasil lo dirigieron hacia producci\u00f3n de carne con el objetivo de mejorar la calidad y rendimiento en canal del ganado Ceb\u00fa, mediante el cruzamiento.<br>\n<br>\nSu selecci\u00f3n ha sido orientada a la musculatura, tipo, aplomos, pigmentaci\u00f3n y  producci\u00f3n  de leche, esto por las dos l\u00edneas que han llegado, la primera de Alemania donde han sido direccionadas hac\u00eda el doble prop\u00f3sito y la segunda de Estados Unidos y Brasil, con clara orientaci\u00f3n hac\u00eda la producci\u00f3n de carne, con canales consistentes, econ\u00f3micos y excelente calidad, siendo \u00e9ste \u00faltimo el grupo m\u00e1s numeroso.<br>\n<br>\nSe diferencia del Pardo Suizo tipo leche por poseer un cuello m\u00e1s corto, acentuada cobertura muscular, alto rendimiento en canal, habilidad materna y especialmente por su gran capacidad de adaptaci\u00f3n ya que se encuentra entre los 0 y los 3.800 msnm.<br>\n<br>\nEl primer aspecto de importancia es la producci\u00f3n de leche logrando  una relaci\u00f3n prote\u00edna\/grasa ideal, lo anterior gracias a unas muy buenas ubres, largas, altas con buenos ligamentos y pezones cortos bien colocados. Otros aspectos a tener en cuenta es su precocidad en la reproducci\u00f3n y la sobrevivencia de las cr\u00edas gracias la habilidad materna y el alto contenido de inmunoglobulina  (defensas) contenida en su calostro, su docilidad, rusticidad y longevidad.<br>\n<br>\n\u200bEn Great Western Beef Expo, el principal concurso de engorde y an\u00e1lisis de canales en Estados Unidos, que se celebra en Sterling, Colorado, donde distintas razas se engordan durante cinco o seis meses en los corrales de la exposici\u00f3n, el Braunvieh ha producido en los ocho \u00faltimos a\u00f1os canales de calidad selecta por encima de las dem\u00e1s razas, lo que le ha valido el trofeo Max Fulscher, otorgado a los animales que presenten 100% de calidad selecta.<br>\n<br>\n\u200bEl Braunvieh de carne es la raza ideal para cruzar con razas taurinas y cebuinas para la producci\u00f3n de carne de calidad, porque aporta marm\u00f3reo, rendimiento en canal, calidad de carne, y excelentes ganancias de peso.<br>\n<br>\n<strong>GANANCIA DE PESO<\/strong>\n<br>\n<li>Nacer: 30 kg<\/li>\n<li>Pre-destete: 800 \u2013 900 gr\/animal\/d\u00eda<\/li>\n<li>270 d\u00edas: 250 kg<\/li>\n<li>18 meses: 400 kg<\/li>\n<li>En Europa hay datos de lactancias a 305 d\u00edas que registran de 5890 kg a 7900 kg.<\/li>\n<br>\n<strong>BRAUNVIEH EN COLOMBIA<\/strong><br>\n\nEl Braunvieh (Pardo de carne) llega a Colombia en 1997, por iniciativa de la hacienda Quisqueya, la cual importo 11 hembras y 11 machos provenientes de prestigiosas ganader\u00edas americanas, entre los cuales debemos destacar los toros JK ELI 393 ET y V&amp;G F220 ET, cuyo padre es el famoso Pride of Erle. El Braunvieh se ha expandido en varias zonas del pa\u00eds, hoy la encontramos en la costa Atl\u00e1ntica destacando a la Hacienda San Felipe, con ra\u00edces gen\u00e9ticas provenientes de M\u00e9xico y Alemania, con toros de trayectoria como Perseus, Straus, Urseus, Zeus y Aaron, este \u00faltimo uno de los m\u00e1s importantes en Canad\u00e1. Otro n\u00facleo importante en sus comienzos se encontraba en el Valle en la hacienda San Fernando y en el departamento del Meta con las haciendas Quisqueya, Quebraditas y Arucos, estas dos \u00faltimas con gen\u00e9tica proveniente del Brasil.<br>\n<br>\n\u200bA Colombia han llegado dos l\u00edneas de sangre Braunvieh, la primera de Alemania, donde los ejemplares han sido seleccionados hacia el doble prop\u00f3sito, y la segunda de Estados Unidos y Brasil, con una orientaci\u00f3n hacia la producci\u00f3n de carne, siendo este \u00faltimo el n\u00facleo m\u00e1s numeroso en nuestro pa\u00eds, aunque tambi\u00e9n tenemos varias ganader\u00edas con original Braunvieh que tienen lactancias hasta 5700 a 7625 en 305 d\u00edas en la Sabana de Bogot\u00e1.<br>\n<br>\n<strong>BONDADES DEL BRAUNVIEH<\/strong><br>\n<li>Rusticidad, adaptabilidad y Longevidad.<\/li>\n<li>Incremente los \u00edndices de ganancia de peso diario en su proyecto ganadero.<\/li> \n<li>Piel pigmentada.<\/li>\n<li>Temperamento d\u00f3cil.<\/li>\n<li>La raza doble prop\u00f3sito ideal.<\/li> \n<li>Rendimiento en canal sobresaliente.<\/li>\n<li>Leche de \u00f3ptima calidad composicional.<\/li>\n<li>Hembras con excelente habilidad materna.<\/li><\/p>\n\t\t\t\t\t<\/div>\n        <\/div>\t\t\t\t<\/div>\n\t\t\t\t<\/div>\n\t\t\t\t<\/div>\n\t\t\t\t\t<\/div>\n\t\t\t\t<\/div>\n\t\t<div class=\"elementor-element elementor-element-ca9b4fb e-flex e-con-boxed e-con e-parent\" data-id=\"ca9b4fb\" data-element_type=\"container\" data-e-type=\"container\">\n\t\t\t\t\t<div class=\"e-con-inner\">\n\t\t\t\t<div class=\"elementor-element elementor-element-f5fcaf7 elementor-widget elementor-widget-html\" data-id=\"f5fcaf7\" data-element_type=\"widget\" data-e-type=\"widget\" data-widget_type=\"html.default\">\n\t\t\t\t<div class=\"elementor-widget-container\">\n\t\t\t\t\t<style>\r\n\/* 1. Buscamos la SECCI\u00d3N completa del encabezado *\/\r\nheader, .elementor-location-header, [data-elementor-type=\"header\"] {\r\n    position: fixed !important;\r\n    top: 0 !important;\r\n    width: 100% !important;\r\n    z-index: 99999 !important;\r\n    background-color: #003366 !important; \/* El azul de Asopardo *\/\r\n}\r\n\r\n\/* 2. Empujamos el resto del contenido hacia abajo para que el men\u00fa no lo tape al cargar *\/\r\n#content, .elementor-location-single, .main-content-area {\r\n    margin-top: 90px !important; \/* Ajusta seg\u00fan el alto de tu men\u00fa *\/\r\n}\r\n\r\n\/* 3. Por si acaso est\u00e1s usando una secci\u00f3n normal de Elementor como men\u00fa *\/\r\n.elementor-section-active {\r\n    position: fixed !important;\r\n    top: 0;\r\n    width: 100%;\r\n    z-index: 99999;\r\n}\r\n<\/style>\t\t\t\t<\/div>\n\t\t\t\t<\/div>\n\t\t\t\t\t<\/div>\n\t\t\t\t<\/div>\n\t\t\t\t<\/div>\n\t\t","protected":false},"excerpt":{"rendered":"<p>\u00a1CONOCE LAS BONDADES DEL BRAUNVIEH! El Braunvieh no es un cruce ni una raza nueva, por el contrario es la raza m\u00e1s antigua del mundo, con registros que datan de [&hellip;]<\/p>\n","protected":false},"author":1,"featured_media":0,"parent":0,"menu_order":0,"comment_status":"closed","ping_status":"closed","template":"elementor_theme","meta":{"_coblocks_attr":"","_coblocks_dimensions":"","_coblocks_responsive_height":"","_coblocks_accordion_ie_support":"","_uag_custom_page_level_css":"","site-sidebar-layout":"no-sidebar","site-content-layout":"page-builder","ast-site-content-layout":"full-width-container","site-content-style":"default","site-sidebar-style":"default","ast-global-header-display":"","ast-banner-title-visibility":"","ast-main-header-display":"","ast-hfb-above-header-display":"","ast-hfb-below-header-display":"","ast-hfb-mobile-header-display":"","site-post-title":"disabled","ast-breadcrumbs-content":"","ast-featured-img":"disabled","footer-sml-layout":"","ast-disable-related-posts":"","theme-transparent-header-meta":"","adv-header-id-meta":"","stick-header-meta":"","header-above-stick-meta":"","header-main-stick-meta":"","header-below-stick-meta":"","astra-migrate-meta-layouts":"set","ast-page-background-enabled":"default","ast-page-background-meta":{"desktop":{"background-color":"var(--ast-global-color-4)","background-image":"","background-repeat":"repeat","background-position":"center center","background-size":"auto","background-attachment":"scroll","background-type":"","background-media":"","overlay-type":"","overlay-color":"","overlay-opacity":"","overlay-gradient":""},"tablet":{"background-color":"","background-image":"","background-repeat":"repeat","background-position":"center center","background-size":"auto","background-attachment":"scroll","background-type":"","background-media":"","overlay-type":"","overlay-color":"","overlay-opacity":"","overlay-gradient":""},"mobile":{"background-color":"","background-image":"","background-repeat":"repeat","background-position":"center center","background-size":"auto","background-attachment":"scroll","background-type":"","background-media":"","overlay-type":"","overlay-color":"","overlay-opacity":"","overlay-gradient":""}},"ast-content-background-meta":{"desktop":{"background-color":"var(--ast-global-color-5)","background-image":"","background-repeat":"repeat","background-position":"center center","background-size":"auto","background-attachment":"scroll","background-type":"","background-media":"","overlay-type":"","overlay-color":"","overlay-opacity":"","overlay-gradient":""},"tablet":{"background-color":"var(--ast-global-color-5)","background-image":"","background-repeat":"repeat","background-position":"center center","background-size":"auto","background-attachment":"scroll","background-type":"","background-media":"","overlay-type":"","overlay-color":"","overlay-opacity":"","overlay-gradient":""},"mobile":{"background-color":"var(--ast-global-color-5)","background-image":"","background-repeat":"repeat","background-position":"center center","background-size":"auto","background-attachment":"scroll","background-type":"","background-media":"","overlay-type":"","overlay-color":"","overlay-opacity":"","overlay-gradient":""}},"_price":"","_stock":"","_tribe_ticket_header":"","_tribe_default_ticket_provider":"","_tribe_ticket_capacity":"0","_ticket_start_date":"","_ticket_end_date":"","_tribe_ticket_show_description":"","_tribe_ticket_show_not_going":false,"_tribe_ticket_use_global_stock":"","_tribe_ticket_global_stock_level":"","_global_stock_mode":"","_global_stock_cap":"","_tribe_rsvp_for_event":"","_tribe_ticket_going_count":"","_tribe_ticket_not_going_count":"","_tribe_tickets_list":"[]","_tribe_ticket_has_attendee_info_fields":false,"footnotes":"","_tec_slr_enabled":"","_tec_slr_layout":""},"class_list":["post-2487","page","type-page","status-publish","hentry"],"uagb_featured_image_src":{"full":false,"thumbnail":false,"medium":false,"medium_large":false,"large":false,"1536x1536":false,"2048x2048":false,"trp-custom-language-flag":false},"uagb_author_info":{"display_name":"500666pwpadmin","author_link":"https:\/\/asopardocolombia.co\/en\/author\/500666pwpadmin\/"},"uagb_comment_info":0,"uagb_excerpt":"\u00a1CONOCE LAS BONDADES DEL BRAUNVIEH! El Braunvieh no es un cruce ni una raza nueva, por el contrario es la raza m\u00e1s antigua del mundo, con registros que datan de [&hellip;]","ticketed":false,"_links":{"self":[{"href":"https:\/\/asopardocolombia.co\/en\/wp-json\/wp\/v2\/pages\/2487","targetHints":{"allow":["GET"]}}],"collection":[{"href":"https:\/\/asopardocolombia.co\/en\/wp-json\/wp\/v2\/pages"}],"about":[{"href":"https:\/\/asopardocolombia.co\/en\/wp-json\/wp\/v2\/types\/page"}],"author":[{"embeddable":true,"href":"https:\/\/asopardocolombia.co\/en\/wp-json\/wp\/v2\/users\/1"}],"replies":[{"embeddable":true,"href":"https:\/\/asopardocolombia.co\/en\/wp-json\/wp\/v2\/comments?post=2487"}],"version-history":[{"count":34,"href":"https:\/\/asopardocolombia.co\/en\/wp-json\/wp\/v2\/pages\/2487\/revisions"}],"predecessor-version":[{"id":3615,"href":"https:\/\/asopardocolombia.co\/en\/wp-json\/wp\/v2\/pages\/2487\/revisions\/3615"}],"wp:attachment":[{"href":"https:\/\/asopardocolombia.co\/en\/wp-json\/wp\/v2\/media?parent=2487"}],"curies":[{"name":"wp","href":"https:\/\/api.w.org\/{rel}","templated":true}]}}