{"id":2191,"date":"2026-02-08T22:04:10","date_gmt":"2026-02-09T03:04:10","guid":{"rendered":"https:\/\/asopardocolombia.co\/?page_id=2191"},"modified":"2026-02-19T19:08:44","modified_gmt":"2026-02-20T00:08:44","slug":"ferias-dias-de-campo","status":"publish","type":"page","link":"https:\/\/asopardocolombia.co\/en\/ferias-dias-de-campo\/","title":{"rendered":"Vaqueritos"},"content":{"rendered":"<div data-elementor-type=\"wp-page\" data-elementor-id=\"2191\" class=\"elementor elementor-2191\">\n\t\t\t\t<div class=\"elementor-element elementor-element-98912ad e-grid e-con-boxed e-con e-parent\" data-id=\"98912ad\" data-element_type=\"container\" data-e-type=\"container\">\n\t\t\t\t\t<div class=\"e-con-inner\">\n\t\t\t\t<div class=\"elementor-element elementor-element-718e290 elementor-widget elementor-widget-image\" data-id=\"718e290\" data-element_type=\"widget\" data-e-type=\"widget\" data-widget_type=\"image.default\">\n\t\t\t\t<div class=\"elementor-widget-container\">\n\t\t\t\t\t\t\t\t\t\t\t\t\t\t\t<img fetchpriority=\"high\" decoding=\"async\" width=\"776\" height=\"388\" src=\"https:\/\/asopardocolombia.co\/wp-content\/uploads\/2026\/02\/rsw_776h_388cg_true-1.webp\" class=\"attachment-large size-large wp-image-2756\" alt=\"rs=w 776,h 388,cg true (1)\" srcset=\"https:\/\/asopardocolombia.co\/wp-content\/uploads\/2026\/02\/rsw_776h_388cg_true-1.webp 776w, https:\/\/asopardocolombia.co\/wp-content\/uploads\/2026\/02\/rsw_776h_388cg_true-1-300x150.webp 300w, https:\/\/asopardocolombia.co\/wp-content\/uploads\/2026\/02\/rsw_776h_388cg_true-1-768x384.webp 768w, https:\/\/asopardocolombia.co\/wp-content\/uploads\/2026\/02\/rsw_776h_388cg_true-1-18x9.webp 18w\" sizes=\"(max-width: 776px) 100vw, 776px\" title=\"Vaqueritos\">\t\t\t\t\t\t\t\t\t\t\t\t\t\t\t<\/div>\n\t\t\t\t<\/div>\n\t\t\t\t<div class=\"elementor-element elementor-element-4e1fe9d elementor-widget elementor-widget-image\" data-id=\"4e1fe9d\" data-element_type=\"widget\" data-e-type=\"widget\" data-widget_type=\"image.default\">\n\t\t\t\t<div class=\"elementor-widget-container\">\n\t\t\t\t\t\t\t\t\t\t\t\t\t\t\t<img decoding=\"async\" width=\"776\" height=\"388\" src=\"https:\/\/asopardocolombia.co\/wp-content\/uploads\/2026\/02\/rsw_776h_388cg_true-2.webp\" class=\"attachment-large size-large wp-image-2757\" alt=\"rs=w 776,h 388,cg true (2)\" srcset=\"https:\/\/asopardocolombia.co\/wp-content\/uploads\/2026\/02\/rsw_776h_388cg_true-2.webp 776w, https:\/\/asopardocolombia.co\/wp-content\/uploads\/2026\/02\/rsw_776h_388cg_true-2-300x150.webp 300w, https:\/\/asopardocolombia.co\/wp-content\/uploads\/2026\/02\/rsw_776h_388cg_true-2-768x384.webp 768w, https:\/\/asopardocolombia.co\/wp-content\/uploads\/2026\/02\/rsw_776h_388cg_true-2-18x9.webp 18w\" sizes=\"(max-width: 776px) 100vw, 776px\" title=\"Vaqueritos\">\t\t\t\t\t\t\t\t\t\t\t\t\t\t\t<\/div>\n\t\t\t\t<\/div>\n\t\t\t\t<div class=\"elementor-element elementor-element-ac3d34c elementor-widget elementor-widget-image\" data-id=\"ac3d34c\" data-element_type=\"widget\" data-e-type=\"widget\" data-widget_type=\"image.default\">\n\t\t\t\t<div class=\"elementor-widget-container\">\n\t\t\t\t\t\t\t\t\t\t\t\t\t\t\t<img decoding=\"async\" width=\"776\" height=\"388\" src=\"https:\/\/asopardocolombia.co\/wp-content\/uploads\/2026\/02\/rsw_776h_388cg_true-3.webp\" class=\"attachment-large size-large wp-image-2758\" alt=\"rs=w 776,h 388,cg true (3)\" srcset=\"https:\/\/asopardocolombia.co\/wp-content\/uploads\/2026\/02\/rsw_776h_388cg_true-3.webp 776w, https:\/\/asopardocolombia.co\/wp-content\/uploads\/2026\/02\/rsw_776h_388cg_true-3-300x150.webp 300w, https:\/\/asopardocolombia.co\/wp-content\/uploads\/2026\/02\/rsw_776h_388cg_true-3-768x384.webp 768w, https:\/\/asopardocolombia.co\/wp-content\/uploads\/2026\/02\/rsw_776h_388cg_true-3-18x9.webp 18w\" sizes=\"(max-width: 776px) 100vw, 776px\" title=\"Vaqueritos\">\t\t\t\t\t\t\t\t\t\t\t\t\t\t\t<\/div>\n\t\t\t\t<\/div>\n\t\t\t\t<div class=\"elementor-element elementor-element-b83cfb7 elementor-widget elementor-widget-text-editor\" data-id=\"b83cfb7\" data-element_type=\"widget\" data-e-type=\"widget\" data-widget_type=\"text-editor.default\">\n\t\t\t\t<div class=\"elementor-widget-container\">\n\t\t\t\t\t\t\t\t\t<p style=\"text-align: center;\">ASOPARDO pretende involucrar desde temprana edad a los futuros ganaderos de Colombia a trav\u00e9s del \u201cConcurso Vaqueritos\u201d, este programa convoca a los hijos, familiares y amigos de nuestros socios desde los 2 a los 15 a\u00f1os.<\/p>\t\t\t\t\t\t\t\t<\/div>\n\t\t\t\t<\/div>\n\t\t\t\t<div class=\"elementor-element elementor-element-4b948ef elementor-widget elementor-widget-text-editor\" data-id=\"4b948ef\" data-element_type=\"widget\" data-e-type=\"widget\" data-widget_type=\"text-editor.default\">\n\t\t\t\t<div class=\"elementor-widget-container\">\n\t\t\t\t\t\t\t\t\t<p style=\"text-align: center;\">Mediante la presentaci\u00f3n de un ejemplar en pista, concursando y resaltando a su papel como ganaderos, este programa incentiva y fomenta el amor por la ganader\u00eda en los ni\u00f1os y ni\u00f1as.<\/p>\t\t\t\t\t\t\t\t<\/div>\n\t\t\t\t<\/div>\n\t\t\t\t<div class=\"elementor-element elementor-element-32de794 elementor-widget elementor-widget-text-editor\" data-id=\"32de794\" data-element_type=\"widget\" data-e-type=\"widget\" data-widget_type=\"text-editor.default\">\n\t\t\t\t<div class=\"elementor-widget-container\">\n\t\t\t\t\t\t\t\t\t<p style=\"text-align: center;\">\u00a0El prop\u00f3sito de este programa es que desde muy temprana edad se involucren y conozcan la raza, su manejo en pista, juzgamiento y cuidados\u00a0durante las diferentes ferias y exposiciones.\u00a0<\/p>\t\t\t\t\t\t\t\t<\/div>\n\t\t\t\t<\/div>\n\t\t\t\t<div class=\"elementor-element elementor-element-cdcd873 elementor-widget elementor-widget-image\" data-id=\"cdcd873\" data-element_type=\"widget\" data-e-type=\"widget\" data-widget_type=\"image.default\">\n\t\t\t\t<div class=\"elementor-widget-container\">\n\t\t\t\t\t\t\t\t\t\t\t\t\t\t\t<img loading=\"lazy\" decoding=\"async\" width=\"776\" height=\"388\" src=\"https:\/\/asopardocolombia.co\/wp-content\/uploads\/2026\/02\/rsw_776h_388cg_true-4.webp\" class=\"attachment-large size-large wp-image-2759\" alt=\"rs=w 776,h 388,cg true (4)\" srcset=\"https:\/\/asopardocolombia.co\/wp-content\/uploads\/2026\/02\/rsw_776h_388cg_true-4.webp 776w, https:\/\/asopardocolombia.co\/wp-content\/uploads\/2026\/02\/rsw_776h_388cg_true-4-300x150.webp 300w, https:\/\/asopardocolombia.co\/wp-content\/uploads\/2026\/02\/rsw_776h_388cg_true-4-768x384.webp 768w, https:\/\/asopardocolombia.co\/wp-content\/uploads\/2026\/02\/rsw_776h_388cg_true-4-18x9.webp 18w\" sizes=\"(max-width: 776px) 100vw, 776px\" title=\"Vaqueritos\">\t\t\t\t\t\t\t\t\t\t\t\t\t\t\t<\/div>\n\t\t\t\t<\/div>\n\t\t\t\t<div class=\"elementor-element elementor-element-2f135af elementor-widget elementor-widget-image\" data-id=\"2f135af\" data-element_type=\"widget\" data-e-type=\"widget\" data-widget_type=\"image.default\">\n\t\t\t\t<div class=\"elementor-widget-container\">\n\t\t\t\t\t\t\t\t\t\t\t\t\t\t\t<img loading=\"lazy\" decoding=\"async\" width=\"776\" height=\"388\" src=\"https:\/\/asopardocolombia.co\/wp-content\/uploads\/2026\/02\/rsw_776h_388cg_true-5.webp\" class=\"attachment-large size-large wp-image-2760\" alt=\"rs=w 776,h 388,cg true (5)\" srcset=\"https:\/\/asopardocolombia.co\/wp-content\/uploads\/2026\/02\/rsw_776h_388cg_true-5.webp 776w, https:\/\/asopardocolombia.co\/wp-content\/uploads\/2026\/02\/rsw_776h_388cg_true-5-300x150.webp 300w, https:\/\/asopardocolombia.co\/wp-content\/uploads\/2026\/02\/rsw_776h_388cg_true-5-768x384.webp 768w, https:\/\/asopardocolombia.co\/wp-content\/uploads\/2026\/02\/rsw_776h_388cg_true-5-18x9.webp 18w\" sizes=\"(max-width: 776px) 100vw, 776px\" title=\"Vaqueritos\">\t\t\t\t\t\t\t\t\t\t\t\t\t\t\t<\/div>\n\t\t\t\t<\/div>\n\t\t\t\t<div class=\"elementor-element elementor-element-cffe4d7 elementor-widget elementor-widget-image\" data-id=\"cffe4d7\" data-element_type=\"widget\" data-e-type=\"widget\" data-widget_type=\"image.default\">\n\t\t\t\t<div class=\"elementor-widget-container\">\n\t\t\t\t\t\t\t\t\t\t\t\t\t\t\t<img loading=\"lazy\" decoding=\"async\" width=\"776\" height=\"388\" src=\"https:\/\/asopardocolombia.co\/wp-content\/uploads\/2026\/02\/rsw_776h_388cg_true.webp\" class=\"attachment-large size-large wp-image-2761\" alt=\"rs=w 776,h 388,cg true\" srcset=\"https:\/\/asopardocolombia.co\/wp-content\/uploads\/2026\/02\/rsw_776h_388cg_true.webp 776w, https:\/\/asopardocolombia.co\/wp-content\/uploads\/2026\/02\/rsw_776h_388cg_true-300x150.webp 300w, https:\/\/asopardocolombia.co\/wp-content\/uploads\/2026\/02\/rsw_776h_388cg_true-768x384.webp 768w, https:\/\/asopardocolombia.co\/wp-content\/uploads\/2026\/02\/rsw_776h_388cg_true-18x9.webp 18w\" sizes=\"(max-width: 776px) 100vw, 776px\" title=\"Vaqueritos\">\t\t\t\t\t\t\t\t\t\t\t\t\t\t\t<\/div>\n\t\t\t\t<\/div>\n\t\t\t\t<div class=\"elementor-element elementor-element-28c24a7 elementor-widget elementor-widget-text-editor\" data-id=\"28c24a7\" data-element_type=\"widget\" data-e-type=\"widget\" data-widget_type=\"text-editor.default\">\n\t\t\t\t<div class=\"elementor-widget-container\">\n\t\t\t\t\t\t\t\t\t<p style=\"text-align: center;\">Los participantes son calificados por un juez quien premiar\u00e1 su desempe\u00f1o en el dominio y manejo de los ejemplares en pista.\u00a0<\/p>\t\t\t\t\t\t\t\t<\/div>\n\t\t\t\t<\/div>\n\t\t\t\t<div class=\"elementor-element elementor-element-787e658 elementor-widget elementor-widget-text-editor\" data-id=\"787e658\" data-element_type=\"widget\" data-e-type=\"widget\" data-widget_type=\"text-editor.default\">\n\t\t\t\t<div class=\"elementor-widget-container\">\n\t\t\t\t\t\t\t\t\t<p style=\"text-align: center;\">Todos los participantes estar\u00e1n debidamente uniformados con su camisetas y gorras oficiales.<\/p>\t\t\t\t\t\t\t\t<\/div>\n\t\t\t\t<\/div>\n\t\t\t\t<div class=\"elementor-element elementor-element-691da5a elementor-widget elementor-widget-text-editor\" data-id=\"691da5a\" data-element_type=\"widget\" data-e-type=\"widget\" data-widget_type=\"text-editor.default\">\n\t\t\t\t<div class=\"elementor-widget-container\">\n\t\t\t\t\t\t\t\t\t<p style=\"text-align: center;\">\u00a0A cada uno de los participantes se le entregara un premio por su participaci\u00f3n y a los ganadores del concurso un premio especial. \u00a0\u00a0<\/p>\t\t\t\t\t\t\t\t<\/div>\n\t\t\t\t<\/div>\n\t\t\t\t\t<\/div>\n\t\t\t\t<\/div>\n\t\t<div class=\"elementor-element elementor-element-1df641a e-flex e-con-boxed e-con e-parent\" data-id=\"1df641a\" data-element_type=\"container\" data-e-type=\"container\">\n\t\t\t\t\t<div class=\"e-con-inner\">\n\t\t\t\t<div class=\"elementor-element elementor-element-7dcfc74 elementor-arrows-position-inside elementor-pagination-position-outside elementor-widget elementor-widget-image-carousel\" data-id=\"7dcfc74\" data-element_type=\"widget\" data-e-type=\"widget\" data-settings=\"{&quot;slides_to_show&quot;:&quot;1&quot;,&quot;navigation&quot;:&quot;both&quot;,&quot;autoplay&quot;:&quot;yes&quot;,&quot;pause_on_hover&quot;:&quot;yes&quot;,&quot;pause_on_interaction&quot;:&quot;yes&quot;,&quot;autoplay_speed&quot;:5000,&quot;infinite&quot;:&quot;yes&quot;,&quot;effect&quot;:&quot;slide&quot;,&quot;speed&quot;:500}\" data-widget_type=\"image-carousel.default\">\n\t\t\t\t<div class=\"elementor-widget-container\">\n\t\t\t\t\t\t\t<div class=\"elementor-image-carousel-wrapper swiper\" role=\"region\" aria-roledescription=\"carousel\" aria-label=\"Carrusel de im\u00e1genes\" dir=\"ltr\">\n\t\t\t<div class=\"elementor-image-carousel swiper-wrapper\" aria-live=\"off\">\n\t\t\t\t\t\t\t\t<div class=\"swiper-slide\" role=\"group\" aria-roledescription=\"slide\" aria-label=\"1 of 17\" data-no-translation-aria-label=\"\"><figure class=\"swiper-slide-inner\"><img decoding=\"async\" class=\"swiper-slide-image\" src=\"https:\/\/asopardocolombia.co\/wp-content\/uploads\/2026\/02\/rsw_2320h_1542.webp\" alt=\"rs=w 2320,h 1542\" title=\"Vaqueritos\"><\/figure><\/div><div class=\"swiper-slide\" role=\"group\" aria-roledescription=\"slide\" aria-label=\"2 of 17\" data-no-translation-aria-label=\"\"><figure class=\"swiper-slide-inner\"><img decoding=\"async\" class=\"swiper-slide-image\" src=\"https:\/\/asopardocolombia.co\/wp-content\/uploads\/2026\/02\/rsw_2320h_1542-16.webp\" alt=\"rs=w 2320,h 1542 (16)\" title=\"Vaqueritos\"><\/figure><\/div><div class=\"swiper-slide\" role=\"group\" aria-roledescription=\"slide\" aria-label=\"3 of 17\" data-no-translation-aria-label=\"\"><figure class=\"swiper-slide-inner\"><img decoding=\"async\" class=\"swiper-slide-image\" src=\"https:\/\/asopardocolombia.co\/wp-content\/uploads\/2026\/02\/rsw_2320h_1542-15.webp\" alt=\"rs=w 2320,h 1542 (15)\" title=\"Vaqueritos\"><\/figure><\/div><div class=\"swiper-slide\" role=\"group\" aria-roledescription=\"slide\" aria-label=\"4 of 17\" data-no-translation-aria-label=\"\"><figure class=\"swiper-slide-inner\"><img decoding=\"async\" class=\"swiper-slide-image\" src=\"https:\/\/asopardocolombia.co\/wp-content\/uploads\/2026\/02\/rsw_2320h_1542-14.webp\" alt=\"rs=w 2320,h 1542 (14)\" title=\"Vaqueritos\"><\/figure><\/div><div class=\"swiper-slide\" role=\"group\" aria-roledescription=\"slide\" aria-label=\"5 of 17\" data-no-translation-aria-label=\"\"><figure class=\"swiper-slide-inner\"><img decoding=\"async\" class=\"swiper-slide-image\" src=\"https:\/\/asopardocolombia.co\/wp-content\/uploads\/2026\/02\/rsw_2320h_1542-13.webp\" alt=\"rs=w 2320,h 1542 (13)\" title=\"Vaqueritos\"><\/figure><\/div><div class=\"swiper-slide\" role=\"group\" aria-roledescription=\"slide\" aria-label=\"6 of 17\" data-no-translation-aria-label=\"\"><figure class=\"swiper-slide-inner\"><img decoding=\"async\" class=\"swiper-slide-image\" src=\"https:\/\/asopardocolombia.co\/wp-content\/uploads\/2026\/02\/rsw_2320h_1542-12.webp\" alt=\"rs=w 2320,h 1542 (12)\" title=\"Vaqueritos\"><\/figure><\/div><div class=\"swiper-slide\" role=\"group\" aria-roledescription=\"slide\" aria-label=\"7 of 17\" data-no-translation-aria-label=\"\"><figure class=\"swiper-slide-inner\"><img decoding=\"async\" class=\"swiper-slide-image\" src=\"https:\/\/asopardocolombia.co\/wp-content\/uploads\/2026\/02\/rsw_2320h_1542-11.webp\" alt=\"rs=w 2320,h 1542 (11)\" title=\"Vaqueritos\"><\/figure><\/div><div class=\"swiper-slide\" role=\"group\" aria-roledescription=\"slide\" aria-label=\"8 of 17\" data-no-translation-aria-label=\"\"><figure class=\"swiper-slide-inner\"><img decoding=\"async\" class=\"swiper-slide-image\" src=\"https:\/\/asopardocolombia.co\/wp-content\/uploads\/2026\/02\/rsw_2320h_1542-10.webp\" alt=\"rs=w 2320,h 1542 (10)\" title=\"Vaqueritos\"><\/figure><\/div><div class=\"swiper-slide\" role=\"group\" aria-roledescription=\"slide\" aria-label=\"9 of 17\" data-no-translation-aria-label=\"\"><figure class=\"swiper-slide-inner\"><img decoding=\"async\" class=\"swiper-slide-image\" src=\"https:\/\/asopardocolombia.co\/wp-content\/uploads\/2026\/02\/rsw_2320h_1542-9.webp\" alt=\"rs=w 2320,h 1542 (9)\" title=\"Vaqueritos\"><\/figure><\/div><div class=\"swiper-slide\" role=\"group\" aria-roledescription=\"slide\" aria-label=\"10 of 17\" data-no-translation-aria-label=\"\"><figure class=\"swiper-slide-inner\"><img decoding=\"async\" class=\"swiper-slide-image\" src=\"https:\/\/asopardocolombia.co\/wp-content\/uploads\/2026\/02\/rsw_2320h_1542-8.webp\" alt=\"rs=w 2320,h 1542 (8)\" title=\"Vaqueritos\"><\/figure><\/div><div class=\"swiper-slide\" role=\"group\" aria-roledescription=\"slide\" aria-label=\"11 of 17\" data-no-translation-aria-label=\"\"><figure class=\"swiper-slide-inner\"><img decoding=\"async\" class=\"swiper-slide-image\" src=\"https:\/\/asopardocolombia.co\/wp-content\/uploads\/2026\/02\/rsw_2320h_1542-7.webp\" alt=\"rs=w 2320,h 1542 (7)\" title=\"Vaqueritos\"><\/figure><\/div><div class=\"swiper-slide\" role=\"group\" aria-roledescription=\"slide\" aria-label=\"12 of 17\" data-no-translation-aria-label=\"\"><figure class=\"swiper-slide-inner\"><img decoding=\"async\" class=\"swiper-slide-image\" src=\"https:\/\/asopardocolombia.co\/wp-content\/uploads\/2026\/02\/rsw_2320h_1542-6.webp\" alt=\"rs=w 2320,h 1542 (6)\" title=\"Vaqueritos\"><\/figure><\/div><div class=\"swiper-slide\" role=\"group\" aria-roledescription=\"slide\" aria-label=\"13 of 17\" data-no-translation-aria-label=\"\"><figure class=\"swiper-slide-inner\"><img decoding=\"async\" class=\"swiper-slide-image\" src=\"https:\/\/asopardocolombia.co\/wp-content\/uploads\/2026\/02\/rsw_2320h_1542-5.webp\" alt=\"rs=w 2320,h 1542 (5)\" title=\"Vaqueritos\"><\/figure><\/div><div class=\"swiper-slide\" role=\"group\" aria-roledescription=\"slide\" aria-label=\"14 of 17\" data-no-translation-aria-label=\"\"><figure class=\"swiper-slide-inner\"><img decoding=\"async\" class=\"swiper-slide-image\" src=\"https:\/\/asopardocolombia.co\/wp-content\/uploads\/2026\/02\/rsw_2320h_1542-4.webp\" alt=\"rs=w 2320,h 1542 (4)\" title=\"Vaqueritos\"><\/figure><\/div><div class=\"swiper-slide\" role=\"group\" aria-roledescription=\"slide\" aria-label=\"15 of 17\" data-no-translation-aria-label=\"\"><figure class=\"swiper-slide-inner\"><img decoding=\"async\" class=\"swiper-slide-image\" src=\"https:\/\/asopardocolombia.co\/wp-content\/uploads\/2026\/02\/rsw_2320h_1542-3.webp\" alt=\"rs=w 2320,h 1542 (3)\" title=\"Vaqueritos\"><\/figure><\/div><div class=\"swiper-slide\" role=\"group\" aria-roledescription=\"slide\" aria-label=\"16 of 17\" data-no-translation-aria-label=\"\"><figure class=\"swiper-slide-inner\"><img decoding=\"async\" class=\"swiper-slide-image\" src=\"https:\/\/asopardocolombia.co\/wp-content\/uploads\/2026\/02\/rsw_2320h_1542-2.webp\" alt=\"rs=w 2320,h 1542 (2)\" title=\"Vaqueritos\"><\/figure><\/div><div class=\"swiper-slide\" role=\"group\" aria-roledescription=\"slide\" aria-label=\"17 of 17\" data-no-translation-aria-label=\"\"><figure class=\"swiper-slide-inner\"><img decoding=\"async\" class=\"swiper-slide-image\" src=\"https:\/\/asopardocolombia.co\/wp-content\/uploads\/2026\/02\/rsw_2320h_1542-1.webp\" alt=\"rs=w 2320,h 1542 (1)\" title=\"Vaqueritos\"><\/figure><\/div>\t\t\t<\/div>\n\t\t\t\t\t\t\t\t\t\t\t\t<div class=\"elementor-swiper-button elementor-swiper-button-prev\" role=\"button\" tabindex=\"0\">\n\t\t\t\t\t\t<i aria-hidden=\"true\" class=\"eicon-chevron-left\"><\/i>\t\t\t\t\t<\/div>\n\t\t\t\t\t<div class=\"elementor-swiper-button elementor-swiper-button-next\" role=\"button\" tabindex=\"0\">\n\t\t\t\t\t\t<i aria-hidden=\"true\" class=\"eicon-chevron-right\"><\/i>\t\t\t\t\t<\/div>\n\t\t\t\t\n\t\t\t\t\t\t\t\t\t<div class=\"swiper-pagination\"><\/div>\n\t\t\t\t\t\t\t\t\t<\/div>\n\t\t\t\t\t\t<\/div>\n\t\t\t\t<\/div>\n\t\t\t\t\t<\/div>\n\t\t\t\t<\/div>\n\t\t\t\t<\/div>","protected":false},"excerpt":{"rendered":"<p>ASOPARDO pretende involucrar desde temprana edad a los futuros ganaderos de Colombia a trav\u00e9s del \u201cConcurso Vaqueritos\u201d, este programa convoca a los hijos, familiares y amigos de nuestros socios desde [&hellip;]<\/p>\n","protected":false},"author":1,"featured_media":0,"parent":0,"menu_order":0,"comment_status":"closed","ping_status":"closed","template":"","meta":{"_coblocks_attr":"","_coblocks_dimensions":"","_coblocks_responsive_height":"","_coblocks_accordion_ie_support":"","_uag_custom_page_level_css":"","site-sidebar-layout":"no-sidebar","site-content-layout":"page-builder","ast-site-content-layout":"full-width-container","site-content-style":"default","site-sidebar-style":"default","ast-global-header-display":"","ast-banner-title-visibility":"","ast-main-header-display":"","ast-hfb-above-header-display":"","ast-hfb-below-header-display":"","ast-hfb-mobile-header-display":"","site-post-title":"disabled","ast-breadcrumbs-content":"","ast-featured-img":"disabled","footer-sml-layout":"","ast-disable-related-posts":"","theme-transparent-header-meta":"","adv-header-id-meta":"","stick-header-meta":"","header-above-stick-meta":"","header-main-stick-meta":"","header-below-stick-meta":"","astra-migrate-meta-layouts":"set","ast-page-background-enabled":"default","ast-page-background-meta":{"desktop":{"background-color":"var(--ast-global-color-4)","background-image":"","background-repeat":"repeat","background-position":"center center","background-size":"auto","background-attachment":"scroll","background-type":"","background-media":"","overlay-type":"","overlay-color":"","overlay-opacity":"","overlay-gradient":""},"tablet":{"background-color":"","background-image":"","background-repeat":"repeat","background-position":"center center","background-size":"auto","background-attachment":"scroll","background-type":"","background-media":"","overlay-type":"","overlay-color":"","overlay-opacity":"","overlay-gradient":""},"mobile":{"background-color":"","background-image":"","background-repeat":"repeat","background-position":"center center","background-size":"auto","background-attachment":"scroll","background-type":"","background-media":"","overlay-type":"","overlay-color":"","overlay-opacity":"","overlay-gradient":""}},"ast-content-background-meta":{"desktop":{"background-color":"var(--ast-global-color-5)","background-image":"","background-repeat":"repeat","background-position":"center center","background-size":"auto","background-attachment":"scroll","background-type":"","background-media":"","overlay-type":"","overlay-color":"","overlay-opacity":"","overlay-gradient":""},"tablet":{"background-color":"var(--ast-global-color-5)","background-image":"","background-repeat":"repeat","background-position":"center center","background-size":"auto","background-attachment":"scroll","background-type":"","background-media":"","overlay-type":"","overlay-color":"","overlay-opacity":"","overlay-gradient":""},"mobile":{"background-color":"var(--ast-global-color-5)","background-image":"","background-repeat":"repeat","background-position":"center center","background-size":"auto","background-attachment":"scroll","background-type":"","background-media":"","overlay-type":"","overlay-color":"","overlay-opacity":"","overlay-gradient":""}},"_price":"","_stock":"","_tribe_ticket_header":"","_tribe_default_ticket_provider":"","_tribe_ticket_capacity":"0","_ticket_start_date":"","_ticket_end_date":"","_tribe_ticket_show_description":"","_tribe_ticket_show_not_going":false,"_tribe_ticket_use_global_stock":"","_tribe_ticket_global_stock_level":"","_global_stock_mode":"","_global_stock_cap":"","_tribe_rsvp_for_event":"","_tribe_ticket_going_count":"","_tribe_ticket_not_going_count":"","_tribe_tickets_list":"[]","_tribe_ticket_has_attendee_info_fields":false,"footnotes":"","_tec_slr_enabled":"","_tec_slr_layout":""},"class_list":["post-2191","page","type-page","status-publish","hentry"],"uagb_featured_image_src":{"full":false,"thumbnail":false,"medium":false,"medium_large":false,"large":false,"1536x1536":false,"2048x2048":false,"trp-custom-language-flag":false},"uagb_author_info":{"display_name":"500666pwpadmin","author_link":"https:\/\/asopardocolombia.co\/en\/author\/500666pwpadmin\/"},"uagb_comment_info":0,"uagb_excerpt":"ASOPARDO pretende involucrar desde temprana edad a los futuros ganaderos de Colombia a trav\u00e9s del \u201cConcurso Vaqueritos\u201d, este programa convoca a los hijos, familiares y amigos de nuestros socios desde [&hellip;]","ticketed":false,"_links":{"self":[{"href":"https:\/\/asopardocolombia.co\/en\/wp-json\/wp\/v2\/pages\/2191","targetHints":{"allow":["GET"]}}],"collection":[{"href":"https:\/\/asopardocolombia.co\/en\/wp-json\/wp\/v2\/pages"}],"about":[{"href":"https:\/\/asopardocolombia.co\/en\/wp-json\/wp\/v2\/types\/page"}],"author":[{"embeddable":true,"href":"https:\/\/asopardocolombia.co\/en\/wp-json\/wp\/v2\/users\/1"}],"replies":[{"embeddable":true,"href":"https:\/\/asopardocolombia.co\/en\/wp-json\/wp\/v2\/comments?post=2191"}],"version-history":[{"count":12,"href":"https:\/\/asopardocolombia.co\/en\/wp-json\/wp\/v2\/pages\/2191\/revisions"}],"predecessor-version":[{"id":2824,"href":"https:\/\/asopardocolombia.co\/en\/wp-json\/wp\/v2\/pages\/2191\/revisions\/2824"}],"wp:attachment":[{"href":"https:\/\/asopardocolombia.co\/en\/wp-json\/wp\/v2\/media?parent=2191"}],"curies":[{"name":"wp","href":"https:\/\/api.w.org\/{rel}","templated":true}]}}