{"id":2185,"date":"2026-02-08T22:01:20","date_gmt":"2026-02-09T03:01:20","guid":{"rendered":"https:\/\/asopardocolombia.co\/?page_id=2185"},"modified":"2026-03-21T22:10:54","modified_gmt":"2026-03-22T03:10:54","slug":"clasificacion-lineal","status":"publish","type":"page","link":"https:\/\/asopardocolombia.co\/en\/clasificacion-lineal\/","title":{"rendered":"Clasificaci\u00f3n Lineal"},"content":{"rendered":"\t\t<div data-elementor-type=\"wp-page\" data-elementor-id=\"2185\" class=\"elementor elementor-2185\">\n\t\t\t\t<div class=\"elementor-element elementor-element-bbe586b e-flex e-con-boxed e-con e-parent\" data-id=\"bbe586b\" data-element_type=\"container\" data-e-type=\"container\">\n\t\t\t\t\t<div class=\"e-con-inner\">\n\t\t\t\t<div class=\"elementor-element elementor-element-4bb7ddf elementor-widget elementor-widget-image\" data-id=\"4bb7ddf\" data-element_type=\"widget\" data-e-type=\"widget\" data-widget_type=\"image.default\">\n\t\t\t\t<div class=\"elementor-widget-container\">\n\t\t\t\t\t\t\t\t\t\t\t\t\t\t\t<img fetchpriority=\"high\" decoding=\"async\" width=\"1024\" height=\"682\" src=\"https:\/\/asopardocolombia.co\/wp-content\/uploads\/2026\/02\/rsw_2320h_1545-1024x682.webp\" class=\"attachment-large size-large wp-image-2723\" alt=\"rs=w 2320,h 1545\" srcset=\"https:\/\/asopardocolombia.co\/wp-content\/uploads\/2026\/02\/rsw_2320h_1545-1024x682.webp 1024w, https:\/\/asopardocolombia.co\/wp-content\/uploads\/2026\/02\/rsw_2320h_1545-300x200.webp 300w, https:\/\/asopardocolombia.co\/wp-content\/uploads\/2026\/02\/rsw_2320h_1545-768x511.webp 768w, https:\/\/asopardocolombia.co\/wp-content\/uploads\/2026\/02\/rsw_2320h_1545-1536x1023.webp 1536w, https:\/\/asopardocolombia.co\/wp-content\/uploads\/2026\/02\/rsw_2320h_1545-2048x1364.webp 2048w, https:\/\/asopardocolombia.co\/wp-content\/uploads\/2026\/02\/rsw_2320h_1545-18x12.webp 18w\" sizes=\"(max-width: 1024px) 100vw, 1024px\" title=\"Clasificaci\u00f3n Lineal\">\t\t\t\t\t\t\t\t\t\t\t\t\t\t\t<\/div>\n\t\t\t\t<\/div>\n\t\t\t\t<div class=\"elementor-element elementor-element-13131b6 elementor-widget elementor-widget-heading\" data-id=\"13131b6\" data-element_type=\"widget\" data-e-type=\"widget\" data-widget_type=\"heading.default\">\n\t\t\t\t<div class=\"elementor-widget-container\">\n\t\t\t\t\t<h2 class=\"elementor-heading-title elementor-size-default\">Clasificaci\u00f3n Lineal<\/h2>\t\t\t\t<\/div>\n\t\t\t\t<\/div>\n\t\t\t\t<div class=\"elementor-element elementor-element-9511a56 elementor-widget elementor-widget-text-editor\" data-id=\"9511a56\" data-element_type=\"widget\" data-e-type=\"widget\" data-widget_type=\"text-editor.default\">\n\t\t\t\t<div class=\"elementor-widget-container\">\n\t\t\t\t\t\t\t\t\t<p style=\"text-align: center;\">La Asociaci\u00f3n ha adoptado un programa de clasificaci\u00f3n que incluye tanto la clasificaci\u00f3n lineal como la\u00a0descripci\u00f3n de rasgos de clasificaci\u00f3n. Reglas bajo las cuales se regir\u00e1n los clasificadores, el comit\u00e9 de clasificaci\u00f3n y los socios que hagan uso de este servicio.<\/p><p style=\"text-align: center;\">La administraci\u00f3n ser\u00e1 quien coordine el programa.<\/p>\t\t\t\t\t\t\t\t<\/div>\n\t\t\t\t<\/div>\n\t\t\t\t<div class=\"elementor-element elementor-element-617ce30 elementor-widget elementor-widget-heading\" data-id=\"617ce30\" data-element_type=\"widget\" data-e-type=\"widget\" data-widget_type=\"heading.default\">\n\t\t\t\t<div class=\"elementor-widget-container\">\n\t\t\t\t\t<h2 class=\"elementor-heading-title elementor-size-default\">Expedici\u00f3n de Certificados<\/h2>\t\t\t\t<\/div>\n\t\t\t\t<\/div>\n\t\t\t\t\t<\/div>\n\t\t\t\t<\/div>\n\t\t<div class=\"elementor-element elementor-element-33a75c44 e-flex e-con-boxed e-con e-parent\" data-id=\"33a75c44\" data-element_type=\"container\" data-e-type=\"container\" data-settings=\"{&quot;background_background&quot;:&quot;classic&quot;}\">\n\t\t\t\t\t<div class=\"e-con-inner\">\n\t\t<div class=\"elementor-element elementor-element-3bdcc2b e-con-full e-flex e-con e-child\" data-id=\"3bdcc2b\" data-element_type=\"container\" data-e-type=\"container\">\n\t\t\t\t<div class=\"elementor-element elementor-element-6b36e25c elementor-widget__width-initial elementor-widget-mobile__width-inherit elementor-widget elementor-widget-elementskit-image-box\" data-id=\"6b36e25c\" data-element_type=\"widget\" data-e-type=\"widget\" data-widget_type=\"elementskit-image-box.default\">\n\t\t\t\t<div class=\"elementor-widget-container\">\n\t\t\t\t\t<div class=\"ekit-wid-con\" >\n            <div class=\"elementskit-info-image-box ekit-image-box text-center floating-style\" >\n\n                \n                <div class=\"elementskit-box-header image-box-img-center\">\n\n                    <img decoding=\"async\" width=\"774\" height=\"583\" src=\"https:\/\/asopardocolombia.co\/wp-content\/uploads\/2026\/02\/rsw_776h_583cg_true-1-1.webp\" class=\"attachment-full size-full wp-image-2733\" alt=\"rs=w 776,h 583,cg true (1)\" srcset=\"https:\/\/asopardocolombia.co\/wp-content\/uploads\/2026\/02\/rsw_776h_583cg_true-1-1.webp 774w, https:\/\/asopardocolombia.co\/wp-content\/uploads\/2026\/02\/rsw_776h_583cg_true-1-1-300x226.webp 300w, https:\/\/asopardocolombia.co\/wp-content\/uploads\/2026\/02\/rsw_776h_583cg_true-1-1-768x578.webp 768w, https:\/\/asopardocolombia.co\/wp-content\/uploads\/2026\/02\/rsw_776h_583cg_true-1-1-16x12.webp 16w\" sizes=\"(max-width: 774px) 100vw, 774px\" title=\"Clasificaci\u00f3n Lineal\">\n                <\/div>\n                \n                <div class=\"elementskit-box-body ekit-image-box-body\">\n                    <div class=\"elementskit-box-content ekit-image-box-body-inner\">\n                                                <h5 class=\"elementskit-info-box-title\">\n\n                        \n                            \n                        La clasificaci\u00f3n de cada animal\n                        \n                    <\/h5>\n                                                            <div class=\"elementskit-box-style-content\">\n                        Cada evaluaci\u00f3n (fecha, par\u00e1metros y puntaje final) debe registrarse en la oficina de la asociaci\u00f3n y aparecer en el certificado del animal.                    <\/div>\n                                    <\/div>\n\n                            <\/div>\n            <\/div>\n    <\/div>\t\t\t\t<\/div>\n\t\t\t\t<\/div>\n\t\t\t\t<div class=\"elementor-element elementor-element-78615294 elementor-widget__width-initial elementor-widget-mobile__width-inherit elementor-widget elementor-widget-elementskit-image-box\" data-id=\"78615294\" data-element_type=\"widget\" data-e-type=\"widget\" data-widget_type=\"elementskit-image-box.default\">\n\t\t\t\t<div class=\"elementor-widget-container\">\n\t\t\t\t\t<div class=\"ekit-wid-con\" >\n            <div class=\"elementskit-info-image-box ekit-image-box text-center floating-style\" >\n\n                \n                <div class=\"elementskit-box-header image-box-img-center\">\n\n                    <img decoding=\"async\" width=\"774\" height=\"583\" src=\"https:\/\/asopardocolombia.co\/wp-content\/uploads\/2026\/02\/rsw_776h_583cg_true.webp\" class=\"attachment-full size-full wp-image-2732\" alt=\"rs=w 776,h 583,cg true\" srcset=\"https:\/\/asopardocolombia.co\/wp-content\/uploads\/2026\/02\/rsw_776h_583cg_true.webp 774w, https:\/\/asopardocolombia.co\/wp-content\/uploads\/2026\/02\/rsw_776h_583cg_true-300x226.webp 300w, https:\/\/asopardocolombia.co\/wp-content\/uploads\/2026\/02\/rsw_776h_583cg_true-768x578.webp 768w, https:\/\/asopardocolombia.co\/wp-content\/uploads\/2026\/02\/rsw_776h_583cg_true-16x12.webp 16w\" sizes=\"(max-width: 774px) 100vw, 774px\" title=\"Clasificaci\u00f3n Lineal\">\n                <\/div>\n                \n                <div class=\"elementskit-box-body ekit-image-box-body\">\n                    <div class=\"elementskit-box-content ekit-image-box-body-inner\">\n                                                <h5 class=\"elementskit-info-box-title\">\n\n                        \n                            \n                        Resumen de la clasificaci\u00f3n\n                        \n                    <\/h5>\n                                                            <div class=\"elementskit-box-style-content\">\n                        Cada animal por reba\u00f1o se imprime en el momento de clasificaci\u00f3n.\n\nCualquier infracci\u00f3n o violaci\u00f3n de las normas de clasificaci\u00f3n ser\u00e1n reportadas a la junta directiva.                    <\/div>\n                                    <\/div>\n\n                            <\/div>\n            <\/div>\n    <\/div>\t\t\t\t<\/div>\n\t\t\t\t<\/div>\n\t\t\t\t<div class=\"elementor-element elementor-element-484844c5 elementor-widget__width-initial elementor-widget-mobile__width-inherit elementor-widget elementor-widget-elementskit-image-box\" data-id=\"484844c5\" data-element_type=\"widget\" data-e-type=\"widget\" data-widget_type=\"elementskit-image-box.default\">\n\t\t\t\t<div class=\"elementor-widget-container\">\n\t\t\t\t\t<div class=\"ekit-wid-con\" >\n            <div class=\"elementskit-info-image-box ekit-image-box text-center floating-style\" >\n\n                \n                <div class=\"elementskit-box-header image-box-img-center\">\n\n                    <img loading=\"lazy\" decoding=\"async\" width=\"775\" height=\"583\" src=\"https:\/\/asopardocolombia.co\/wp-content\/uploads\/2026\/02\/rsw_776h_583cg_true-2.webp\" class=\"attachment-full size-full wp-image-2731\" alt=\"rs=w 776,h 583,cg true (2)\" srcset=\"https:\/\/asopardocolombia.co\/wp-content\/uploads\/2026\/02\/rsw_776h_583cg_true-2.webp 775w, https:\/\/asopardocolombia.co\/wp-content\/uploads\/2026\/02\/rsw_776h_583cg_true-2-300x226.webp 300w, https:\/\/asopardocolombia.co\/wp-content\/uploads\/2026\/02\/rsw_776h_583cg_true-2-768x578.webp 768w, https:\/\/asopardocolombia.co\/wp-content\/uploads\/2026\/02\/rsw_776h_583cg_true-2-16x12.webp 16w\" sizes=\"(max-width: 775px) 100vw, 775px\" title=\"Clasificaci\u00f3n Lineal\">\n                <\/div>\n                \n                <div class=\"elementskit-box-body ekit-image-box-body\">\n                    <div class=\"elementskit-box-content ekit-image-box-body-inner\">\n                                                <h5 class=\"elementskit-info-box-title\">\n\n                        \n                            \n                        Herramienta de cr\u00eda\n                        \n                    <\/h5>\n                                                            <div class=\"elementskit-box-style-content\">\n                        El productor puede mirar los puntajes lineales para ver donde su vaca necesita mejoras y as\u00ed realizar una selecci\u00f3n y\u00a0apareamiento adecuado.\u00a0                    <\/div>\n                                    <\/div>\n\n                            <\/div>\n            <\/div>\n    <\/div>\t\t\t\t<\/div>\n\t\t\t\t<\/div>\n\t\t\t\t<\/div>\n\t\t\t\t\t<\/div>\n\t\t\t\t<\/div>\n\t\t<div class=\"elementor-element elementor-element-98c39c2 e-grid e-con-boxed e-con e-parent\" data-id=\"98c39c2\" data-element_type=\"container\" data-e-type=\"container\">\n\t\t\t\t\t<div class=\"e-con-inner\">\n\t\t\t\t<div class=\"elementor-element elementor-element-af7d638 elementor-widget elementor-widget-html\" data-id=\"af7d638\" data-element_type=\"widget\" data-e-type=\"widget\" data-widget_type=\"html.default\">\n\t\t\t\t<div class=\"elementor-widget-container\">\n\t\t\t\t\t<style>\r\n\/* 1. Buscamos la SECCI\u00d3N completa del encabezado *\/\r\nheader, .elementor-location-header, [data-elementor-type=\"header\"] {\r\n    position: fixed !important;\r\n    top: 0 !important;\r\n    width: 100% !important;\r\n    z-index: 99999 !important;\r\n    background-color: #003366 !important; \/* El azul de Asopardo *\/\r\n}\r\n\r\n\/* 2. Empujamos el resto del contenido hacia abajo para que el men\u00fa no lo tape al cargar *\/\r\n#content, .elementor-location-single, .main-content-area {\r\n    margin-top: 90px !important; \/* Ajusta seg\u00fan el alto de tu men\u00fa *\/\r\n}\r\n\r\n\/* 3. Por si acaso est\u00e1s usando una secci\u00f3n normal de Elementor como men\u00fa *\/\r\n.elementor-section-active {\r\n    position: fixed !important;\r\n    top: 0;\r\n    width: 100%;\r\n    z-index: 99999;\r\n}\r\n<\/style>\t\t\t\t<\/div>\n\t\t\t\t<\/div>\n\t\t\t\t\t<\/div>\n\t\t\t\t<\/div>\n\t\t\t\t<\/div>\n\t\t","protected":false},"excerpt":{"rendered":"<p>Clasificaci\u00f3n Lineal La Asociaci\u00f3n ha adoptado un programa de clasificaci\u00f3n que incluye tanto la clasificaci\u00f3n lineal como la\u00a0descripci\u00f3n de rasgos de clasificaci\u00f3n. Reglas bajo las cuales se regir\u00e1n los clasificadores, [&hellip;]<\/p>\n","protected":false},"author":1,"featured_media":0,"parent":0,"menu_order":0,"comment_status":"closed","ping_status":"closed","template":"","meta":{"_coblocks_attr":"","_coblocks_dimensions":"","_coblocks_responsive_height":"","_coblocks_accordion_ie_support":"","_uag_custom_page_level_css":"","site-sidebar-layout":"no-sidebar","site-content-layout":"page-builder","ast-site-content-layout":"full-width-container","site-content-style":"default","site-sidebar-style":"default","ast-global-header-display":"","ast-banner-title-visibility":"","ast-main-header-display":"","ast-hfb-above-header-display":"","ast-hfb-below-header-display":"","ast-hfb-mobile-header-display":"","site-post-title":"disabled","ast-breadcrumbs-content":"","ast-featured-img":"disabled","footer-sml-layout":"","ast-disable-related-posts":"","theme-transparent-header-meta":"","adv-header-id-meta":"","stick-header-meta":"","header-above-stick-meta":"","header-main-stick-meta":"","header-below-stick-meta":"","astra-migrate-meta-layouts":"set","ast-page-background-enabled":"default","ast-page-background-meta":{"desktop":{"background-color":"var(--ast-global-color-4)","background-image":"","background-repeat":"repeat","background-position":"center center","background-size":"auto","background-attachment":"scroll","background-type":"","background-media":"","overlay-type":"","overlay-color":"","overlay-opacity":"","overlay-gradient":""},"tablet":{"background-color":"","background-image":"","background-repeat":"repeat","background-position":"center center","background-size":"auto","background-attachment":"scroll","background-type":"","background-media":"","overlay-type":"","overlay-color":"","overlay-opacity":"","overlay-gradient":""},"mobile":{"background-color":"","background-image":"","background-repeat":"repeat","background-position":"center center","background-size":"auto","background-attachment":"scroll","background-type":"","background-media":"","overlay-type":"","overlay-color":"","overlay-opacity":"","overlay-gradient":""}},"ast-content-background-meta":{"desktop":{"background-color":"var(--ast-global-color-5)","background-image":"","background-repeat":"repeat","background-position":"center center","background-size":"auto","background-attachment":"scroll","background-type":"","background-media":"","overlay-type":"","overlay-color":"","overlay-opacity":"","overlay-gradient":""},"tablet":{"background-color":"var(--ast-global-color-5)","background-image":"","background-repeat":"repeat","background-position":"center center","background-size":"auto","background-attachment":"scroll","background-type":"","background-media":"","overlay-type":"","overlay-color":"","overlay-opacity":"","overlay-gradient":""},"mobile":{"background-color":"var(--ast-global-color-5)","background-image":"","background-repeat":"repeat","background-position":"center center","background-size":"auto","background-attachment":"scroll","background-type":"","background-media":"","overlay-type":"","overlay-color":"","overlay-opacity":"","overlay-gradient":""}},"_price":"","_stock":"","_tribe_ticket_header":"","_tribe_default_ticket_provider":"","_tribe_ticket_capacity":"0","_ticket_start_date":"","_ticket_end_date":"","_tribe_ticket_show_description":"","_tribe_ticket_show_not_going":false,"_tribe_ticket_use_global_stock":"","_tribe_ticket_global_stock_level":"","_global_stock_mode":"","_global_stock_cap":"","_tribe_rsvp_for_event":"","_tribe_ticket_going_count":"","_tribe_ticket_not_going_count":"","_tribe_tickets_list":"[]","_tribe_ticket_has_attendee_info_fields":false,"footnotes":"","_tec_slr_enabled":"","_tec_slr_layout":""},"class_list":["post-2185","page","type-page","status-publish","hentry"],"uagb_featured_image_src":{"full":false,"thumbnail":false,"medium":false,"medium_large":false,"large":false,"1536x1536":false,"2048x2048":false,"trp-custom-language-flag":false},"uagb_author_info":{"display_name":"500666pwpadmin","author_link":"https:\/\/asopardocolombia.co\/en\/author\/500666pwpadmin\/"},"uagb_comment_info":0,"uagb_excerpt":"Clasificaci\u00f3n Lineal La Asociaci\u00f3n ha adoptado un programa de clasificaci\u00f3n que incluye tanto la clasificaci\u00f3n lineal como la\u00a0descripci\u00f3n de rasgos de clasificaci\u00f3n. Reglas bajo las cuales se regir\u00e1n los clasificadores, [&hellip;]","ticketed":false,"_links":{"self":[{"href":"https:\/\/asopardocolombia.co\/en\/wp-json\/wp\/v2\/pages\/2185","targetHints":{"allow":["GET"]}}],"collection":[{"href":"https:\/\/asopardocolombia.co\/en\/wp-json\/wp\/v2\/pages"}],"about":[{"href":"https:\/\/asopardocolombia.co\/en\/wp-json\/wp\/v2\/types\/page"}],"author":[{"embeddable":true,"href":"https:\/\/asopardocolombia.co\/en\/wp-json\/wp\/v2\/users\/1"}],"replies":[{"embeddable":true,"href":"https:\/\/asopardocolombia.co\/en\/wp-json\/wp\/v2\/comments?post=2185"}],"version-history":[{"count":25,"href":"https:\/\/asopardocolombia.co\/en\/wp-json\/wp\/v2\/pages\/2185\/revisions"}],"predecessor-version":[{"id":3646,"href":"https:\/\/asopardocolombia.co\/en\/wp-json\/wp\/v2\/pages\/2185\/revisions\/3646"}],"wp:attachment":[{"href":"https:\/\/asopardocolombia.co\/en\/wp-json\/wp\/v2\/media?parent=2185"}],"curies":[{"name":"wp","href":"https:\/\/api.w.org\/{rel}","templated":true}]}}