{"id":1319,"date":"2026-02-08T16:20:42","date_gmt":"2026-02-08T21:20:42","guid":{"rendered":"https:\/\/asopardocolombia.co\/about\/"},"modified":"2026-03-20T21:27:13","modified_gmt":"2026-03-21T02:27:13","slug":"about","status":"publish","type":"page","link":"https:\/\/asopardocolombia.co\/en\/about\/","title":{"rendered":"Acerca de Nosotros"},"content":{"rendered":"\t\t<div data-elementor-type=\"wp-page\" data-elementor-id=\"1319\" class=\"elementor elementor-1319\">\n\t\t\t\t<div class=\"elementor-element elementor-element-500861b e-flex e-con-boxed e-con e-parent\" data-id=\"500861b\" data-element_type=\"container\" data-e-type=\"container\">\n\t\t\t\t\t<div class=\"e-con-inner\">\n\t\t<div class=\"elementor-element elementor-element-7dbc6fb e-con-full e-flex e-con e-child\" data-id=\"7dbc6fb\" data-element_type=\"container\" data-e-type=\"container\">\n\t\t\t\t<div class=\"elementor-element elementor-element-6658dc9 elementor-widget elementor-widget-heading\" data-id=\"6658dc9\" data-element_type=\"widget\" data-e-type=\"widget\" data-widget_type=\"heading.default\">\n\t\t\t\t<div class=\"elementor-widget-container\">\n\t\t\t\t\t<h1 class=\"elementor-heading-title elementor-size-default\">\"La Raza Ideal Para Producir Leche y Carne en el Tr\u00f3pico\"<\/h1>\t\t\t\t<\/div>\n\t\t\t\t<\/div>\n\t\t<div class=\"elementor-element elementor-element-51b695b e-flex e-con-boxed e-con e-child\" data-id=\"51b695b\" data-element_type=\"container\" data-e-type=\"container\">\n\t\t\t\t\t<div class=\"e-con-inner\">\n\t\t<div class=\"elementor-element elementor-element-bda37a0 e-con-full e-flex e-con e-child\" data-id=\"bda37a0\" data-element_type=\"container\" data-e-type=\"container\">\n\t\t\t\t<div class=\"elementor-element elementor-element-d6ed204 elementor-widget elementor-widget-image\" data-id=\"d6ed204\" data-element_type=\"widget\" data-e-type=\"widget\" data-widget_type=\"image.default\">\n\t\t\t\t<div class=\"elementor-widget-container\">\n\t\t\t\t\t\t\t\t\t\t\t\t\t\t\t<img fetchpriority=\"high\" decoding=\"async\" width=\"688\" height=\"580\" src=\"https:\/\/asopardocolombia.co\/wp-content\/uploads\/2026\/02\/slider_1.jpg\" class=\"attachment-large size-large wp-image-2305\" alt=\"slider 1\" srcset=\"https:\/\/asopardocolombia.co\/wp-content\/uploads\/2026\/02\/slider_1.jpg 688w, https:\/\/asopardocolombia.co\/wp-content\/uploads\/2026\/02\/slider_1-300x253.jpg 300w, https:\/\/asopardocolombia.co\/wp-content\/uploads\/2026\/02\/slider_1-14x12.jpg 14w\" sizes=\"(max-width: 688px) 100vw, 688px\" title=\"Acerca de Nosotros\">\t\t\t\t\t\t\t\t\t\t\t\t\t\t\t<\/div>\n\t\t\t\t<\/div>\n\t\t\t\t<\/div>\n\t\t<div class=\"elementor-element elementor-element-8c3d36e e-flex e-con-boxed e-con e-child\" data-id=\"8c3d36e\" data-element_type=\"container\" data-e-type=\"container\">\n\t\t\t\t\t<div class=\"e-con-inner\">\n\t\t\t\t<div class=\"elementor-element elementor-element-a993b30 elementor-widget elementor-widget-image\" data-id=\"a993b30\" data-element_type=\"widget\" data-e-type=\"widget\" data-widget_type=\"image.default\">\n\t\t\t\t<div class=\"elementor-widget-container\">\n\t\t\t\t\t\t\t\t\t\t\t\t\t\t\t<img decoding=\"async\" width=\"1024\" height=\"512\" src=\"https:\/\/asopardocolombia.co\/wp-content\/uploads\/2026\/02\/rsw_1200h_600cg_true-1024x512.webp\" class=\"attachment-large size-large wp-image-2561\" alt=\"rs=w 1200,h 600,cg true\" srcset=\"https:\/\/asopardocolombia.co\/wp-content\/uploads\/2026\/02\/rsw_1200h_600cg_true-1024x512.webp 1024w, https:\/\/asopardocolombia.co\/wp-content\/uploads\/2026\/02\/rsw_1200h_600cg_true-300x150.webp 300w, https:\/\/asopardocolombia.co\/wp-content\/uploads\/2026\/02\/rsw_1200h_600cg_true-768x384.webp 768w, https:\/\/asopardocolombia.co\/wp-content\/uploads\/2026\/02\/rsw_1200h_600cg_true-18x9.webp 18w, https:\/\/asopardocolombia.co\/wp-content\/uploads\/2026\/02\/rsw_1200h_600cg_true.webp 1200w\" sizes=\"(max-width: 1024px) 100vw, 1024px\" title=\"Acerca de Nosotros\">\t\t\t\t\t\t\t\t\t\t\t\t\t\t\t<\/div>\n\t\t\t\t<\/div>\n\t\t\t\t\t<\/div>\n\t\t\t\t<\/div>\n\t\t\t\t\t<\/div>\n\t\t\t\t<\/div>\n\t\t\t\t<\/div>\n\t\t\t\t\t<\/div>\n\t\t\t\t<\/div>\n\t\t\t\t<section class=\"elementor-section elementor-top-section elementor-element elementor-element-91740a5 elementor-section-content-middle elementor-section-boxed elementor-section-height-default elementor-section-height-default\" data-id=\"91740a5\" data-element_type=\"section\" data-e-type=\"section\" data-settings=\"{&quot;background_background&quot;:&quot;classic&quot;}\">\n\t\t\t\t\t\t\t<div class=\"elementor-background-overlay\"><\/div>\n\t\t\t\t\t\t\t<div class=\"elementor-container elementor-column-gap-no\">\n\t\t\t\t\t<div class=\"elementor-column elementor-col-50 elementor-top-column elementor-element elementor-element-10e0415\" data-id=\"10e0415\" data-element_type=\"column\" data-e-type=\"column\">\n\t\t\t<div class=\"elementor-widget-wrap elementor-element-populated\">\n\t\t\t\t\t\t<div class=\"elementor-element elementor-element-58eb649 elementor-widget elementor-widget-image\" data-id=\"58eb649\" data-element_type=\"widget\" data-e-type=\"widget\" data-widget_type=\"image.default\">\n\t\t\t\t<div class=\"elementor-widget-container\">\n\t\t\t\t\t\t\t\t\t\t\t\t\t\t\t<img decoding=\"async\" width=\"1200\" height=\"1200\" src=\"https:\/\/asopardocolombia.co\/wp-content\/uploads\/2026\/02\/rsw_1200h_1200cg_true.webp\" class=\"attachment-full size-full wp-image-2548\" alt=\"rs=w 1200,h 1200,cg true\" srcset=\"https:\/\/asopardocolombia.co\/wp-content\/uploads\/2026\/02\/rsw_1200h_1200cg_true.webp 1200w, https:\/\/asopardocolombia.co\/wp-content\/uploads\/2026\/02\/rsw_1200h_1200cg_true-300x300.webp 300w, https:\/\/asopardocolombia.co\/wp-content\/uploads\/2026\/02\/rsw_1200h_1200cg_true-1024x1024.webp 1024w, https:\/\/asopardocolombia.co\/wp-content\/uploads\/2026\/02\/rsw_1200h_1200cg_true-150x150.webp 150w, https:\/\/asopardocolombia.co\/wp-content\/uploads\/2026\/02\/rsw_1200h_1200cg_true-768x768.webp 768w, https:\/\/asopardocolombia.co\/wp-content\/uploads\/2026\/02\/rsw_1200h_1200cg_true-12x12.webp 12w\" sizes=\"(max-width: 1200px) 100vw, 1200px\" title=\"Acerca de Nosotros\">\t\t\t\t\t\t\t\t\t\t\t\t\t\t\t<\/div>\n\t\t\t\t<\/div>\n\t\t\t\t\t<\/div>\n\t\t<\/div>\n\t\t\t\t<div class=\"elementor-column elementor-col-50 elementor-top-column elementor-element elementor-element-cc77dad\" data-id=\"cc77dad\" data-element_type=\"column\" data-e-type=\"column\">\n\t\t\t<div class=\"elementor-widget-wrap elementor-element-populated\">\n\t\t\t\t\t\t<div class=\"elementor-element elementor-element-293db26 elementor-widget-tablet__width-initial elementor-widget elementor-widget-text-editor\" data-id=\"293db26\" data-element_type=\"widget\" data-e-type=\"widget\" data-widget_type=\"text-editor.default\">\n\t\t\t\t<div class=\"elementor-widget-container\">\n\t\t\t\t\t\t\t\t\t<p><strong>Objetivos<\/strong><\/p><ul><li>Representar y defender los intereses de los criadores asociados de la raza Pardo Suizo y Braunvieh, prest\u00e1ndoles asistencia t\u00e9cnica y facilit\u00e1ndoles los servicios de la Asociaci\u00f3n. Fomentar el desarrollo y perfeccionamiento gen\u00e9tico de la raza Pardo suizo, Braunvieh y sus cruces y el mejoramiento de otras razas a base de su cruzamiento, selecci\u00f3n y responder a su difusi\u00f3n como raza mejoradora.<\/li><li>Proponer, organizar, ejecutar y realizar la investigaci\u00f3n tecnol\u00f3gica y cient\u00edfica tendiente a obtener el mejoramiento de la raza Pardo Suizo, Braunvieh y sus cruces, para lo cual realizar\u00e1n programas, bien fuese con sus propios recursos o en asocio con entidades del sector p\u00fablicas y\/o privadas, nacionales e internacionales. Y propender\u00e1 por el desarrollo y realizaci\u00f3n de convenios para el mejoramiento ambiental.<\/li><li>Promover el entrenamiento y capacitaci\u00f3n de profesionales y ganaderos para el buen desarrollo de esta entidad gremial en lo que refiere a futuros jueces, t\u00e9cnicos, clasificadores y personal que labore en la Asociaci\u00f3n Fomentar entre los j\u00f3venes a trav\u00e9s de programas institucionales, como es el denominado \u201cVaqueritos\u201d, la crianza del ganado Pardo Suizo, Braunvieh y sus cruces.<\/li><\/ul>\t\t\t\t\t\t\t\t<\/div>\n\t\t\t\t<\/div>\n\t\t\t\t\t<\/div>\n\t\t<\/div>\n\t\t\t\t\t<\/div>\n\t\t<\/section>\n\t\t<div class=\"elementor-element elementor-element-ee255d3 e-flex e-con-boxed e-con e-parent\" data-id=\"ee255d3\" data-element_type=\"container\" data-e-type=\"container\">\n\t\t\t\t\t<div class=\"e-con-inner\">\n\t\t\t\t<div class=\"elementor-element elementor-element-3e4c7b3 elementor-widget elementor-widget-html\" data-id=\"3e4c7b3\" data-element_type=\"widget\" data-e-type=\"widget\" data-widget_type=\"html.default\">\n\t\t\t\t<div class=\"elementor-widget-container\">\n\t\t\t\t\t<style>\n\/* 1. Buscamos la SECCI\u00d3N completa del encabezado *\/\nheader, .elementor-location-header, [data-elementor-type=\"header\"] {\n    position: fixed !important;\n    top: 0 !important;\n    width: 100% !important;\n    z-index: 99999 !important;\n    background-color: #003366 !important; \/* El azul de Asopardo *\/\n}\n\n\/* 2. Empujamos el resto del contenido hacia abajo para que el men\u00fa no lo tape al cargar *\/\n#content, .elementor-location-single, .main-content-area {\n    margin-top: 20px !important; \/* Ajusta seg\u00fan el alto de tu men\u00fa *\/\n}\n\n\/* 3. Por si acaso est\u00e1s usando una secci\u00f3n normal de Elementor como men\u00fa *\/\n.elementor-section-active {\n    position: fixed !important;\n    top: 0;\n    width: 100%;\n    z-index: 99999;\n}\n<\/style>\t\t\t\t<\/div>\n\t\t\t\t<\/div>\n\t\t\t\t\t<\/div>\n\t\t\t\t<\/div>\n\t\t\t\t<\/div>\n\t\t","protected":false},"excerpt":{"rendered":"<p>&#8220;La Raza Ideal Para Producir Leche y Carne en el Tr\u00f3pico&#8221; Visi\u00f3n Consolidarse como una de las asociaciones de Razas ganaderas nacionales de mayor influencia en el sector pecuario, debido [&hellip;]<\/p>\n","protected":false},"author":1,"featured_media":0,"parent":0,"menu_order":0,"comment_status":"closed","ping_status":"closed","template":"","meta":{"_coblocks_attr":"","_coblocks_dimensions":"","_coblocks_responsive_height":"","_coblocks_accordion_ie_support":"","_uag_custom_page_level_css":"","site-sidebar-layout":"no-sidebar","site-content-layout":"page-builder","ast-site-content-layout":"full-width-container","site-content-style":"unboxed","site-sidebar-style":"unboxed","ast-global-header-display":"","ast-banner-title-visibility":"","ast-main-header-display":"","ast-hfb-above-header-display":"","ast-hfb-below-header-display":"","ast-hfb-mobile-header-display":"","site-post-title":"disabled","ast-breadcrumbs-content":"","ast-featured-img":"disabled","footer-sml-layout":"","ast-disable-related-posts":"","theme-transparent-header-meta":"enabled","adv-header-id-meta":"","stick-header-meta":"","header-above-stick-meta":"","header-main-stick-meta":"","header-below-stick-meta":"","astra-migrate-meta-layouts":"set","ast-page-background-enabled":"default","ast-page-background-meta":{"desktop":{"background-color":"var(--ast-global-color-4)","background-image":"","background-repeat":"repeat","background-position":"center center","background-size":"auto","background-attachment":"scroll","background-type":"","background-media":"","overlay-type":"","overlay-color":"","overlay-opacity":"","overlay-gradient":""},"tablet":{"background-color":"","background-image":"","background-repeat":"repeat","background-position":"center center","background-size":"auto","background-attachment":"scroll","background-type":"","background-media":"","overlay-type":"","overlay-color":"","overlay-opacity":"","overlay-gradient":""},"mobile":{"background-color":"","background-image":"","background-repeat":"repeat","background-position":"center center","background-size":"auto","background-attachment":"scroll","background-type":"","background-media":"","overlay-type":"","overlay-color":"","overlay-opacity":"","overlay-gradient":""}},"ast-content-background-meta":{"desktop":{"background-color":"var(--ast-global-color-5)","background-image":"","background-repeat":"repeat","background-position":"center center","background-size":"auto","background-attachment":"scroll","background-type":"","background-media":"","overlay-type":"","overlay-color":"","overlay-opacity":"","overlay-gradient":""},"tablet":{"background-color":"var(--ast-global-color-5)","background-image":"","background-repeat":"repeat","background-position":"center center","background-size":"auto","background-attachment":"scroll","background-type":"","background-media":"","overlay-type":"","overlay-color":"","overlay-opacity":"","overlay-gradient":""},"mobile":{"background-color":"var(--ast-global-color-5)","background-image":"","background-repeat":"repeat","background-position":"center center","background-size":"auto","background-attachment":"scroll","background-type":"","background-media":"","overlay-type":"","overlay-color":"","overlay-opacity":"","overlay-gradient":""}},"_price":"","_stock":"","_tribe_ticket_header":"","_tribe_default_ticket_provider":"","_tribe_ticket_capacity":"0","_ticket_start_date":"","_ticket_end_date":"","_tribe_ticket_show_description":"","_tribe_ticket_show_not_going":false,"_tribe_ticket_use_global_stock":"","_tribe_ticket_global_stock_level":"","_global_stock_mode":"","_global_stock_cap":"","_tribe_rsvp_for_event":"","_tribe_ticket_going_count":"","_tribe_ticket_not_going_count":"","_tribe_tickets_list":"[]","_tribe_ticket_has_attendee_info_fields":false,"footnotes":"","_tec_slr_enabled":"","_tec_slr_layout":""},"class_list":["post-1319","page","type-page","status-publish","hentry"],"uagb_featured_image_src":{"full":false,"thumbnail":false,"medium":false,"medium_large":false,"large":false,"1536x1536":false,"2048x2048":false,"trp-custom-language-flag":false},"uagb_author_info":{"display_name":"500666pwpadmin","author_link":"https:\/\/asopardocolombia.co\/en\/author\/500666pwpadmin\/"},"uagb_comment_info":0,"uagb_excerpt":"&#8220;La Raza Ideal Para Producir Leche y Carne en el Tr\u00f3pico&#8221; Visi\u00f3n Consolidarse como una de las asociaciones de Razas ganaderas nacionales de mayor influencia en el sector pecuario, debido [&hellip;]","ticketed":false,"_links":{"self":[{"href":"https:\/\/asopardocolombia.co\/en\/wp-json\/wp\/v2\/pages\/1319","targetHints":{"allow":["GET"]}}],"collection":[{"href":"https:\/\/asopardocolombia.co\/en\/wp-json\/wp\/v2\/pages"}],"about":[{"href":"https:\/\/asopardocolombia.co\/en\/wp-json\/wp\/v2\/types\/page"}],"author":[{"embeddable":true,"href":"https:\/\/asopardocolombia.co\/en\/wp-json\/wp\/v2\/users\/1"}],"replies":[{"embeddable":true,"href":"https:\/\/asopardocolombia.co\/en\/wp-json\/wp\/v2\/comments?post=1319"}],"version-history":[{"count":42,"href":"https:\/\/asopardocolombia.co\/en\/wp-json\/wp\/v2\/pages\/1319\/revisions"}],"predecessor-version":[{"id":3597,"href":"https:\/\/asopardocolombia.co\/en\/wp-json\/wp\/v2\/pages\/1319\/revisions\/3597"}],"wp:attachment":[{"href":"https:\/\/asopardocolombia.co\/en\/wp-json\/wp\/v2\/media?parent=1319"}],"curies":[{"name":"wp","href":"https:\/\/api.w.org\/{rel}","templated":true}]}}